{"id":101,"date":"2025-03-20T12:03:45","date_gmt":"2025-03-20T17:03:45","guid":{"rendered":"https:\/\/manuela.org.pe\/?page_id=101"},"modified":"2026-02-09T10:32:12","modified_gmt":"2026-02-09T15:32:12","slug":"memoria-institucional","status":"publish","type":"page","link":"https:\/\/manuela.org.pe\/en\/memoria-institucional\/","title":{"rendered":"Memoria institucional"},"content":{"rendered":"<div class=\"wp-block-group alignwide mmr2025-seccion has-global-padding is-layout-constrained wp-container-core-group-is-layout-c70d5d13 wp-block-group-is-layout-constrained\" style=\"min-height:2px;margin-top:0;margin-bottom:0;padding-top:var(--wp--preset--spacing--40);padding-right:var(--wp--preset--spacing--40);padding-bottom:var(--wp--preset--spacing--40);padding-left:var(--wp--preset--spacing--40)\">\n<p>Aqu\u00ed puedes acceder a las memorias institucionales que dan cuenta de nuestro trabajo en las distintas regiones y \u00e1reas tem\u00e1ticas que trabajamos.<\/p>\n<\/div>\n\n\n\n<div class=\"wp-block-group alignwide mmr2025-seccion has-global-padding is-layout-constrained wp-container-core-group-is-layout-c70d5d13 wp-block-group-is-layout-constrained\" style=\"min-height:2px;margin-top:0;margin-bottom:0;padding-top:var(--wp--preset--spacing--40);padding-right:var(--wp--preset--spacing--40);padding-bottom:var(--wp--preset--spacing--40);padding-left:var(--wp--preset--spacing--40)\">\n<div class=\"wp-block-group mmr2025-descarga is-content-justification-left is-nowrap is-layout-flex wp-container-core-group-is-layout-ed87f293 wp-block-group-is-layout-flex\">\n<div class=\"wp-block-group mmr2025-texto has-global-padding is-layout-constrained wp-container-core-group-is-layout-e0082cf6 wp-block-group-is-layout-constrained\">\n<h2 class=\"wp-block-heading mmr2025-descarga has-purple-70-color has-text-color has-link-color has-36-font-size wp-elements-b13ef07856071d71e9f136a9cde902a8\">Memoria Anual 2024<\/h2>\n\n\n\n<div class=\"wp-block-group text is-layout-flow wp-container-core-group-is-layout-e3d1c41b wp-block-group-is-layout-flow\">\n<p>El 2024 fue un a\u00f1o marcado por la continuidad de la crisis pol\u00edtica, el debilitamiento institucional y el incremento de las violencias, factores que configuraron un escenario dif\u00edcil para la defensa de los derechos de las mujeres y diversidades. Frente a ello, desde el Movimiento Manuela Ramos reafirmamos nuestro compromiso de acompa\u00f1ar y fortalecer a las personas y comunidades con quienes trabajamos, convencidas de que la organizaci\u00f3n y la solidaridad son caminos fundamentales para sostener la esperanza y abrir posibilidades de cambio.<\/p>\n<\/div>\n\n\n\n<p class=\"has-purple-30-color has-text-color has-link-color wp-elements-652b1e5c772743c4fc53c1bb3b3b308a\"><a href=\"https:\/\/manuela.org.pe\/wp-content\/uploads\/2026\/02\/Memoria-Anual-2024.pdf\" data-type=\"attachment\" data-id=\"890\">Descarga la publicaci\u00f3n<\/a><\/p>\n<\/div>\n\n\n\n<figure class=\"wp-block-image size-full is-resized\"><img loading=\"lazy\" decoding=\"async\" width=\"976\" height=\"883\" src=\"https:\/\/manuela.org.pe\/wp-content\/uploads\/2026\/02\/sss-1.jpg\" alt=\"\" class=\"wp-image-1500\" style=\"object-fit:cover;width:294px;height:auto\" srcset=\"https:\/\/manuela.org.pe\/wp-content\/uploads\/2026\/02\/sss-1.jpg 976w, https:\/\/manuela.org.pe\/wp-content\/uploads\/2026\/02\/sss-1-300x271.jpg 300w, https:\/\/manuela.org.pe\/wp-content\/uploads\/2026\/02\/sss-1-768x695.jpg 768w, https:\/\/manuela.org.pe\/wp-content\/uploads\/2026\/02\/sss-1-13x12.jpg 13w\" sizes=\"auto, (max-width: 976px) 100vw, 976px\" \/><\/figure>\n<\/div>\n<\/div>\n\n\n\n<div class=\"wp-block-group alignwide mmr2025-seccion has-global-padding is-layout-constrained wp-container-core-group-is-layout-c70d5d13 wp-block-group-is-layout-constrained\" style=\"min-height:2px;margin-top:0;margin-bottom:0;padding-top:var(--wp--preset--spacing--40);padding-right:var(--wp--preset--spacing--40);padding-bottom:var(--wp--preset--spacing--40);padding-left:var(--wp--preset--spacing--40)\">\n<div class=\"wp-block-group mmr2025-descarga is-content-justification-left is-nowrap is-layout-flex wp-container-core-group-is-layout-ed87f293 wp-block-group-is-layout-flex\">\n<div class=\"wp-block-group mmr2025-texto has-global-padding is-layout-constrained wp-container-core-group-is-layout-e0082cf6 wp-block-group-is-layout-constrained\">\n<h2 class=\"wp-block-heading mmr2025-descarga has-purple-70-color has-text-color has-link-color has-36-font-size wp-elements-4f795e5f05db41fbb6d095aceae2cd76\">Memoria Anual 2023<\/h2>\n\n\n\n<div class=\"wp-block-group text is-layout-flow wp-container-core-group-is-layout-e3d1c41b wp-block-group-is-layout-flow\">\n<p>La crisis de nuestra democracia est\u00e1 en relaci\u00f3n directa con la crisis general del Estado. Desde diciembre 2022, fecha en la que Dina Boluarte sucedi\u00f3 a Pedro Castillo tras su intento de golpe de Estado, la situaci\u00f3n del pa\u00eds se ha deteriorado significativamente, un bloque autoritario y conservador, del que forman parte sectores mafiosos&#8230;<\/p>\n<\/div>\n\n\n\n<p class=\"has-purple-30-color has-text-color has-link-color wp-elements-7ec330c377341d70faa54b8e7a901a94\"><a href=\"https:\/\/manuela.org.pe\/wp-content\/uploads\/2025\/10\/2023-Memoria-Mov.-Manuela-Ramos.pdf\" data-type=\"attachment\" data-id=\"890\">Descarga la publicaci\u00f3n<\/a><\/p>\n<\/div>\n\n\n\n<figure class=\"wp-block-image size-full is-resized\"><img loading=\"lazy\" decoding=\"async\" width=\"753\" height=\"753\" src=\"https:\/\/manuela.org.pe\/wp-content\/uploads\/2025\/10\/Memoria-2023-Cover-edited.png\" alt=\"\" class=\"wp-image-983\" style=\"object-fit:cover;width:294px;height:auto\" srcset=\"https:\/\/manuela.org.pe\/wp-content\/uploads\/2025\/10\/Memoria-2023-Cover-edited.png 753w, https:\/\/manuela.org.pe\/wp-content\/uploads\/2025\/10\/Memoria-2023-Cover-edited-300x300.png 300w, https:\/\/manuela.org.pe\/wp-content\/uploads\/2025\/10\/Memoria-2023-Cover-edited-150x150.png 150w, https:\/\/manuela.org.pe\/wp-content\/uploads\/2025\/10\/Memoria-2023-Cover-edited-12x12.png 12w\" sizes=\"auto, (max-width: 753px) 100vw, 753px\" \/><\/figure>\n<\/div>\n<\/div>\n\n\n\n<div class=\"wp-block-group alignwide mmr2025-seccion has-global-padding is-layout-constrained wp-container-core-group-is-layout-c70d5d13 wp-block-group-is-layout-constrained\" style=\"min-height:2px;margin-top:0;margin-bottom:0;padding-top:var(--wp--preset--spacing--40);padding-right:var(--wp--preset--spacing--40);padding-bottom:var(--wp--preset--spacing--40);padding-left:var(--wp--preset--spacing--40)\">\n<div class=\"wp-block-group mmr2025-descarga is-content-justification-left is-nowrap is-layout-flex wp-container-core-group-is-layout-ed87f293 wp-block-group-is-layout-flex\">\n<div class=\"wp-block-group mmr2025-texto has-global-padding is-layout-constrained wp-container-core-group-is-layout-e0082cf6 wp-block-group-is-layout-constrained\">\n<h2 class=\"wp-block-heading mmr2025-descarga has-purple-70-color has-text-color has-link-color has-36-font-size wp-elements-bd5d3c43ecd387007779ad644b20e438\">Memoria Anual 2022<\/h2>\n\n\n\n<div class=\"wp-block-group text is-layout-flow wp-container-core-group-is-layout-e3d1c41b wp-block-group-is-layout-flow\">\n<p>El a\u00f1o 2022 en Per\u00fa fue caracterizado por una intensa confrontaci\u00f3n entre los Poderes Ejecutivo y Legislativo. Pedro Castillo, elegido presidente en 2021, enfrent\u00f3 el rechazo de un sector importante de la clase dominante peruana, que se expres\u00f3 a trav\u00e9s de un bloque parlamentario de extrema derecha conformado por Avanza Pa\u00eds&#8230;<\/p>\n<\/div>\n\n\n\n<p class=\"has-purple-30-color has-text-color has-link-color wp-elements-f724ca19bfce3b2cc04237c3852f5e41\"><a href=\"https:\/\/manuela.org.pe\/wp-content\/uploads\/2025\/05\/Memoria_2022_compressed.pdf\" data-type=\"attachment\" data-id=\"890\">Descarga la publicaci\u00f3n<\/a><\/p>\n<\/div>\n\n\n\n<figure class=\"wp-block-image size-full\"><img loading=\"lazy\" decoding=\"async\" width=\"300\" height=\"300\" src=\"https:\/\/manuela.org.pe\/wp-content\/uploads\/2025\/04\/memoria-22.jpg\" alt=\"\" class=\"wp-image-480\" srcset=\"https:\/\/manuela.org.pe\/wp-content\/uploads\/2025\/04\/memoria-22.jpg 300w, https:\/\/manuela.org.pe\/wp-content\/uploads\/2025\/04\/memoria-22-150x150.jpg 150w, https:\/\/manuela.org.pe\/wp-content\/uploads\/2025\/04\/memoria-22-12x12.jpg 12w\" sizes=\"auto, (max-width: 300px) 100vw, 300px\" \/><\/figure>\n<\/div>\n<\/div>\n\n\n\n<div class=\"wp-block-group alignwide mmr2025-seccion has-global-padding is-layout-constrained wp-container-core-group-is-layout-c70d5d13 wp-block-group-is-layout-constrained\" style=\"min-height:2px;margin-top:0;margin-bottom:0;padding-top:var(--wp--preset--spacing--40);padding-right:var(--wp--preset--spacing--40);padding-bottom:var(--wp--preset--spacing--40);padding-left:var(--wp--preset--spacing--40)\">\n<div class=\"wp-block-group mmr2025-descarga is-content-justification-left is-nowrap is-layout-flex wp-container-core-group-is-layout-ed87f293 wp-block-group-is-layout-flex\">\n<div class=\"wp-block-group mmr2025-texto has-global-padding is-layout-constrained wp-container-core-group-is-layout-e0082cf6 wp-block-group-is-layout-constrained\">\n<h2 class=\"wp-block-heading mmr2025-descarga has-purple-70-color has-text-color has-link-color has-36-font-size wp-elements-cd7898ef805f2e80268f18bfd5a181da\">Memoria Anual 2021<\/h2>\n\n\n\n<div class=\"wp-block-group text is-layout-flow wp-container-core-group-is-layout-e3d1c41b wp-block-group-is-layout-flow\">\n<p>2021 fue un a\u00f1o electoral al que se lleg\u00f3 luego de un convulsionado per\u00edodo pol\u00edtico que ven\u00eda produci\u00e9ndose desde 2016. El gobierno anterior empez\u00f3 liderado por Pedro Pablo Kuczynski y termin\u00f3 encabezado por su segundo vicepresidente, Mart\u00edn Vizcarra. El\u2026 Congreso que result\u00f3 electo en 2016\u2026 con importante mayor\u00eda fujimorista<\/p>\n<\/div>\n\n\n\n<p class=\"has-purple-30-color has-text-color has-link-color wp-elements-6fb214b4e2eac0b6f6f0ef81df2d3633\"><a href=\"https:\/\/manuela.org.pe\/wp-content\/uploads\/2025\/05\/Memoria_2021-final_compressed.pdf\" data-type=\"attachment\" data-id=\"889\">Descarga la publicaci\u00f3n<\/a><\/p>\n<\/div>\n\n\n\n<figure class=\"wp-block-image size-full\"><img loading=\"lazy\" decoding=\"async\" width=\"300\" height=\"300\" src=\"https:\/\/manuela.org.pe\/wp-content\/uploads\/2025\/04\/memoria-21.jpg\" alt=\"\" class=\"wp-image-445\" srcset=\"https:\/\/manuela.org.pe\/wp-content\/uploads\/2025\/04\/memoria-21.jpg 300w, https:\/\/manuela.org.pe\/wp-content\/uploads\/2025\/04\/memoria-21-150x150.jpg 150w, https:\/\/manuela.org.pe\/wp-content\/uploads\/2025\/04\/memoria-21-12x12.jpg 12w\" sizes=\"auto, (max-width: 300px) 100vw, 300px\" \/><\/figure>\n<\/div>\n<\/div>\n\n\n\n<div class=\"wp-block-group alignwide mmr2025-seccion has-global-padding is-layout-constrained wp-container-core-group-is-layout-c70d5d13 wp-block-group-is-layout-constrained\" style=\"min-height:2px;margin-top:0;margin-bottom:0;padding-top:var(--wp--preset--spacing--40);padding-right:var(--wp--preset--spacing--40);padding-bottom:var(--wp--preset--spacing--40);padding-left:var(--wp--preset--spacing--40)\">\n<div class=\"wp-block-group mmr2025-descarga is-content-justification-left is-nowrap is-layout-flex wp-container-core-group-is-layout-ed87f293 wp-block-group-is-layout-flex\">\n<div class=\"wp-block-group mmr2025-texto has-global-padding is-layout-constrained wp-container-core-group-is-layout-e0082cf6 wp-block-group-is-layout-constrained\">\n<h2 class=\"wp-block-heading mmr2025-descarga has-purple-70-color has-text-color has-link-color has-36-font-size wp-elements-ef36570961ad0b5dd0288475638f263f\">Memoria Anual 2020<\/h2>\n\n\n\n<div class=\"wp-block-group text is-layout-flow wp-container-core-group-is-layout-e3d1c41b wp-block-group-is-layout-flow\">\n<p>La Covid-19 marc\u00f3 la vida del pa\u00eds en el 2020, por su impacto en p\u00e9rdida de vidas, cerca de 50 mil, al finalizar el a\u00f1o y el colapso del sistema de salud para atender a m\u00e1s de un mill\u00f3n de personas contagiadas. En paralelo se desat\u00f3 una crisis econ\u00f3mica y laboral que sobrepas\u00f3 en importancia a la que se vivi\u00f3 en el plano pol\u00edtico, con&#8230; presidentes susesivos en el trascurso de una semana en noviembre del 2020.<\/p>\n<\/div>\n\n\n\n<p class=\"has-purple-30-color has-text-color has-link-color wp-elements-7ac5fc371ffdc7bd2cf07eac09cf8a72\"><a href=\"https:\/\/manuela.org.pe\/wp-content\/uploads\/2025\/04\/Memoria_2020_compressed.pdf\" data-type=\"attachment\" data-id=\"860\">Descarga la publicaci\u00f3n<\/a><\/p>\n<\/div>\n\n\n\n<figure class=\"wp-block-image size-full\"><img loading=\"lazy\" decoding=\"async\" width=\"300\" height=\"300\" src=\"https:\/\/manuela.org.pe\/wp-content\/uploads\/2025\/04\/memoria-20.jpg\" alt=\"\" class=\"wp-image-482\" srcset=\"https:\/\/manuela.org.pe\/wp-content\/uploads\/2025\/04\/memoria-20.jpg 300w, https:\/\/manuela.org.pe\/wp-content\/uploads\/2025\/04\/memoria-20-150x150.jpg 150w, https:\/\/manuela.org.pe\/wp-content\/uploads\/2025\/04\/memoria-20-12x12.jpg 12w\" sizes=\"auto, (max-width: 300px) 100vw, 300px\" \/><\/figure>\n<\/div>\n<\/div>\n\n\n\n<div class=\"wp-block-group alignwide mmr2025-seccion has-global-padding is-layout-constrained wp-container-core-group-is-layout-c70d5d13 wp-block-group-is-layout-constrained\" style=\"min-height:2px;margin-top:0;margin-bottom:0;padding-top:var(--wp--preset--spacing--40);padding-right:var(--wp--preset--spacing--40);padding-bottom:var(--wp--preset--spacing--40);padding-left:var(--wp--preset--spacing--40)\">\n<div class=\"wp-block-group mmr2025-descarga is-content-justification-left is-nowrap is-layout-flex wp-container-core-group-is-layout-ed87f293 wp-block-group-is-layout-flex\">\n<div class=\"wp-block-group mmr2025-texto has-global-padding is-layout-constrained wp-container-core-group-is-layout-e0082cf6 wp-block-group-is-layout-constrained\">\n<h2 class=\"wp-block-heading mmr2025-descarga has-purple-70-color has-text-color has-link-color has-36-font-size wp-elements-d1ae4ef22cb1c0aa3f4aaf95034262f3\">Memoria Anual 2019<\/h2>\n\n\n\n<div class=\"wp-block-group text is-layout-flow wp-container-core-group-is-layout-e3d1c41b wp-block-group-is-layout-flow\">\n<p>Culminamos el Plan estrat\u00e9gico 2015-2019 y nos movilizamos por la agenda feminista y la democracia durante el 2019. 2019 ser\u00e1 recordado como un a\u00f1o de crisis y confrontaci\u00f3n pol\u00edtica severa entre los poderes Legislativo y Ejecutivo, marcado por la\u2026 presentaci\u00f3n, en marzo, de doce proyectos de\u2026 pol\u00edtica por la<\/p>\n<\/div>\n\n\n\n<p class=\"has-purple-30-color has-text-color has-link-color wp-elements-ba18239dec6bdc570851c3cd8fc4636d\"><a href=\"https:\/\/manuela.org.pe\/wp-content\/uploads\/2025\/04\/MEMORIA_2019_compressed.pdf\" data-type=\"attachment\" data-id=\"858\">Descarga la publicaci\u00f3n<\/a><\/p>\n<\/div>\n\n\n\n<figure class=\"wp-block-image size-full\"><img loading=\"lazy\" decoding=\"async\" width=\"300\" height=\"300\" src=\"https:\/\/manuela.org.pe\/wp-content\/uploads\/2025\/04\/memoria-19.jpg\" alt=\"\" class=\"wp-image-460\" srcset=\"https:\/\/manuela.org.pe\/wp-content\/uploads\/2025\/04\/memoria-19.jpg 300w, https:\/\/manuela.org.pe\/wp-content\/uploads\/2025\/04\/memoria-19-150x150.jpg 150w, https:\/\/manuela.org.pe\/wp-content\/uploads\/2025\/04\/memoria-19-12x12.jpg 12w\" sizes=\"auto, (max-width: 300px) 100vw, 300px\" \/><\/figure>\n<\/div>\n<\/div>\n\n\n\n<div class=\"wp-block-group alignwide mmr2025-seccion has-global-padding is-layout-constrained wp-container-core-group-is-layout-c70d5d13 wp-block-group-is-layout-constrained\" style=\"min-height:2px;margin-top:0;margin-bottom:0;padding-top:var(--wp--preset--spacing--40);padding-right:var(--wp--preset--spacing--40);padding-bottom:var(--wp--preset--spacing--40);padding-left:var(--wp--preset--spacing--40)\">\n<div class=\"wp-block-group mmr2025-descarga is-content-justification-left is-nowrap is-layout-flex wp-container-core-group-is-layout-ed87f293 wp-block-group-is-layout-flex\">\n<div class=\"wp-block-group mmr2025-texto has-global-padding is-layout-constrained wp-container-core-group-is-layout-e0082cf6 wp-block-group-is-layout-constrained\">\n<h2 class=\"wp-block-heading mmr2025-descarga has-purple-70-color has-text-color has-link-color has-36-font-size wp-elements-85115d6b876009f16a7da8394f6828e9\">Memoria Anual 2018<\/h2>\n\n\n\n<div class=\"wp-block-group text is-layout-flow wp-container-core-group-is-layout-e3d1c41b wp-block-group-is-layout-flow\">\n<p>Culminamos el Plan estrat\u00e9gico 2015-2019 y nos movilizamos por la agenda feminista y la democracia durante el 2019. 2019 ser\u00e1 recordado como un a\u00f1o de crisis y confrontaci\u00f3n pol\u00edtica severa entre los poderes Legislativo y Ejecutivo, marcado por la\u2026 presentaci\u00f3n, en marzo, de doce proyectos de\u2026 pol\u00edtica por la<\/p>\n<\/div>\n\n\n\n<p class=\"has-purple-30-color has-text-color has-link-color wp-elements-48cd826a75ba8689bac61c1746253af0\"><a href=\"https:\/\/manuela.org.pe\/wp-content\/uploads\/2025\/04\/Memoria-2018_compressed.pdf\" data-type=\"attachment\" data-id=\"861\">Descarga la publicaci\u00f3n<\/a><\/p>\n<\/div>\n\n\n\n<figure class=\"wp-block-image size-full\"><img loading=\"lazy\" decoding=\"async\" width=\"300\" height=\"300\" src=\"https:\/\/manuela.org.pe\/wp-content\/uploads\/2025\/04\/memoria-18.jpg\" alt=\"\" class=\"wp-image-479\" srcset=\"https:\/\/manuela.org.pe\/wp-content\/uploads\/2025\/04\/memoria-18.jpg 300w, https:\/\/manuela.org.pe\/wp-content\/uploads\/2025\/04\/memoria-18-150x150.jpg 150w, https:\/\/manuela.org.pe\/wp-content\/uploads\/2025\/04\/memoria-18-12x12.jpg 12w\" sizes=\"auto, (max-width: 300px) 100vw, 300px\" \/><\/figure>\n<\/div>\n<\/div>\n\n\n\n<p><\/p>","protected":false},"excerpt":{"rendered":"<p>Aqu\u00ed puedes acceder a las memorias institucionales que dan cuenta de nuestro trabajo en las distintas regiones y \u00e1reas tem\u00e1ticas que trabajamos. Memoria Anual 2024 El 2024 fue un a\u00f1o marcado por la continuidad de la crisis pol\u00edtica, el debilitamiento institucional y el incremento de las violencias, factores que configuraron un escenario dif\u00edcil para la [&hellip;]<\/p>\n","protected":false},"author":1,"featured_media":439,"parent":0,"menu_order":0,"comment_status":"closed","ping_status":"closed","template":"","meta":{"footnotes":""},"class_list":["post-101","page","type-page","status-publish","has-post-thumbnail","hentry"],"_links":{"self":[{"href":"https:\/\/manuela.org.pe\/en\/wp-json\/wp\/v2\/pages\/101","targetHints":{"allow":["GET"]}}],"collection":[{"href":"https:\/\/manuela.org.pe\/en\/wp-json\/wp\/v2\/pages"}],"about":[{"href":"https:\/\/manuela.org.pe\/en\/wp-json\/wp\/v2\/types\/page"}],"author":[{"embeddable":true,"href":"https:\/\/manuela.org.pe\/en\/wp-json\/wp\/v2\/users\/1"}],"replies":[{"embeddable":true,"href":"https:\/\/manuela.org.pe\/en\/wp-json\/wp\/v2\/comments?post=101"}],"version-history":[{"count":24,"href":"https:\/\/manuela.org.pe\/en\/wp-json\/wp\/v2\/pages\/101\/revisions"}],"predecessor-version":[{"id":1504,"href":"https:\/\/manuela.org.pe\/en\/wp-json\/wp\/v2\/pages\/101\/revisions\/1504"}],"wp:featuredmedia":[{"embeddable":true,"href":"https:\/\/manuela.org.pe\/en\/wp-json\/wp\/v2\/media\/439"}],"wp:attachment":[{"href":"https:\/\/manuela.org.pe\/en\/wp-json\/wp\/v2\/media?parent=101"}],"curies":[{"name":"wp","href":"https:\/\/api.w.org\/{rel}","templated":true}]}}