{"id":103,"date":"2025-03-20T12:04:08","date_gmt":"2025-03-20T17:04:08","guid":{"rendered":"https:\/\/manuela.org.pe\/?page_id=103"},"modified":"2026-03-09T12:51:11","modified_gmt":"2026-03-09T17:51:11","slug":"politicas-institucionales","status":"publish","type":"page","link":"https:\/\/manuela.org.pe\/en\/politicas-institucionales\/","title":{"rendered":"Pol\u00edticas institucionales"},"content":{"rendered":"<div class=\"wp-block-group alignwide mmr2025-seccion has-global-padding is-layout-constrained wp-container-core-group-is-layout-c70d5d13 wp-block-group-is-layout-constrained\" style=\"min-height:2px;margin-top:0;margin-bottom:0;padding-top:var(--wp--preset--spacing--40);padding-right:var(--wp--preset--spacing--40);padding-bottom:var(--wp--preset--spacing--40);padding-left:var(--wp--preset--spacing--40)\">\n<div class=\"wp-block-group mmr2025-descarga is-content-justification-left is-nowrap is-layout-flex wp-container-core-group-is-layout-ed87f293 wp-block-group-is-layout-flex\">\n<div class=\"wp-block-group mmr2025-texto has-global-padding is-layout-constrained wp-container-core-group-is-layout-e0082cf6 wp-block-group-is-layout-constrained\">\n<p class=\"has-14-font-size\">2023<\/p>\n\n\n\n<h2 class=\"wp-block-heading mmr2025-descarga has-purple-70-color has-text-color has-link-color has-36-font-size wp-elements-3fb614cdc3e8ba00b1d9615fa2409196\">Pol\u00edtica de sostenibilidad ambiental<\/h2>\n\n\n\n<div class=\"wp-block-group text is-layout-flow wp-container-core-group-is-layout-e3d1c41b wp-block-group-is-layout-flow\">\n<p>La Pol\u00edtica Institucional de Sostenibilidad Ambiental est\u00e1 acorde con el Plan Estrat\u00e9gico 2020-2024, que se dirige a impulsar la participaci\u00f3n y protagonismo de las mujeres organizadas, promoviendo y defendiendo sus agendas en los diferentes espacios de decisi\u00f3n en cada regi\u00f3n de trabajo, a trav\u00e9s de la construcci\u00f3n de una ciudadan\u00eda activa y cr\u00edtica, que defienda organizadamente la vigencia de los derechos humanos y sobre quien se valore positivamente su diversidad.<\/p>\n<\/div>\n\n\n\n<p class=\"has-purple-30-color has-text-color has-link-color wp-elements-88f8319f74631fa7ee0e3895405f8232\"><a href=\"https:\/\/manuela.org.pe\/wp-content\/uploads\/2025\/09\/Politica-de-sostenibilidad-ambiental.pdf\" data-type=\"attachment\" data-id=\"950\">Descarga la publicaci\u00f3n<\/a><\/p>\n<\/div>\n\n\n\n<figure class=\"wp-block-image size-full\"><img loading=\"lazy\" decoding=\"async\" width=\"300\" height=\"300\" src=\"https:\/\/manuela.org.pe\/wp-content\/uploads\/2025\/04\/politica-sostenibilidad.jpg\" alt=\"\" class=\"wp-image-501\" srcset=\"https:\/\/manuela.org.pe\/wp-content\/uploads\/2025\/04\/politica-sostenibilidad.jpg 300w, https:\/\/manuela.org.pe\/wp-content\/uploads\/2025\/04\/politica-sostenibilidad-150x150.jpg 150w, https:\/\/manuela.org.pe\/wp-content\/uploads\/2025\/04\/politica-sostenibilidad-12x12.jpg 12w\" sizes=\"auto, (max-width: 300px) 100vw, 300px\" \/><\/figure>\n<\/div>\n<\/div>\n\n\n\n<div class=\"wp-block-group alignwide mmr2025-seccion has-global-padding is-layout-constrained wp-container-core-group-is-layout-c70d5d13 wp-block-group-is-layout-constrained\" style=\"min-height:2px;margin-top:0;margin-bottom:0;padding-top:var(--wp--preset--spacing--40);padding-right:var(--wp--preset--spacing--40);padding-bottom:var(--wp--preset--spacing--40);padding-left:var(--wp--preset--spacing--40)\">\n<div class=\"wp-block-group mmr2025-descarga is-content-justification-left is-nowrap is-layout-flex wp-container-core-group-is-layout-ed87f293 wp-block-group-is-layout-flex\">\n<div class=\"wp-block-group mmr2025-texto has-global-padding is-layout-constrained wp-container-core-group-is-layout-e0082cf6 wp-block-group-is-layout-constrained\">\n<p class=\"has-14-font-size\">2023<\/p>\n\n\n\n<h2 class=\"wp-block-heading mmr2025-descarga has-purple-70-color has-text-color has-link-color has-36-font-size wp-elements-6acbc49608b8f8f402b1301fd2f7f036\">Gu\u00eda de uso de la pol\u00edtica de protecci\u00f3n y privacidad de los datos personales<\/h2>\n\n\n\n<div class=\"wp-block-group text is-layout-flow wp-container-core-group-is-layout-e3d1c41b wp-block-group-is-layout-flow\">\n<p>En cumplimiento con la ley 29733, el Movimiento Manuela Ramos pone a disposici\u00f3n de trabajadoras, beneficiarias\/os, voluntarias y usuarias de los programas, servicios y redes esta Gu\u00eda de Uso, que identifica los criterios relevantes para el tratamiento y protecci\u00f3n de la privacidad de los datos personales.<\/p>\n<\/div>\n\n\n\n<p class=\"has-purple-30-color has-text-color has-link-color wp-elements-319105460694603cb856be55a13d4ab9\"><a href=\"https:\/\/manuela.org.pe\/wp-content\/uploads\/2025\/09\/Guia-de-uso-de-la-politica-de-proteccion-y-privacidad-de-los-datos-personales.pdf\" data-type=\"attachment\" data-id=\"947\">Descarga la publicaci\u00f3n<\/a><\/p>\n<\/div>\n\n\n\n<figure class=\"wp-block-image size-full\"><img loading=\"lazy\" decoding=\"async\" width=\"300\" height=\"300\" src=\"https:\/\/manuela.org.pe\/wp-content\/uploads\/2025\/09\/politica-guiapdp.jpg\" alt=\"\" class=\"wp-image-953\" srcset=\"https:\/\/manuela.org.pe\/wp-content\/uploads\/2025\/09\/politica-guiapdp.jpg 300w, https:\/\/manuela.org.pe\/wp-content\/uploads\/2025\/09\/politica-guiapdp-150x150.jpg 150w, https:\/\/manuela.org.pe\/wp-content\/uploads\/2025\/09\/politica-guiapdp-12x12.jpg 12w\" sizes=\"auto, (max-width: 300px) 100vw, 300px\" \/><\/figure>\n<\/div>\n<\/div>\n\n\n\n<div class=\"wp-block-group alignwide mmr2025-seccion has-global-padding is-layout-constrained wp-container-core-group-is-layout-c70d5d13 wp-block-group-is-layout-constrained\" style=\"min-height:2px;margin-top:0;margin-bottom:0;padding-top:var(--wp--preset--spacing--40);padding-right:var(--wp--preset--spacing--40);padding-bottom:var(--wp--preset--spacing--40);padding-left:var(--wp--preset--spacing--40)\">\n<div class=\"wp-block-group mmr2025-descarga is-content-justification-left is-nowrap is-layout-flex wp-container-core-group-is-layout-ed87f293 wp-block-group-is-layout-flex\">\n<div class=\"wp-block-group mmr2025-texto has-global-padding is-layout-constrained wp-container-core-group-is-layout-e0082cf6 wp-block-group-is-layout-constrained\">\n<p class=\"has-14-font-size\">2023<\/p>\n\n\n\n<h2 class=\"wp-block-heading mmr2025-descarga has-purple-70-color has-text-color has-link-color has-36-font-size wp-elements-2a1e4579babd4908d6eb6e4a6a901bbb\">Pol\u00edtica de protecci\u00f3n y privacidad de los datos personales<\/h2>\n\n\n\n<div class=\"wp-block-group text is-layout-flow wp-container-core-group-is-layout-e3d1c41b wp-block-group-is-layout-flow\">\n<p>La Presente Pol\u00edtica tiene como objetivo hacer de conocimiento del p\u00fablico las pr\u00e1cticas, directivas, finalidad, procedimientos y compromiso asumidos respecto al tratamiento de los datos personales. Asimismo, se establece los alcances correspondientes en caso la o el titular de datos desee ejercer los derechos ARCO (Aclaraci\u00f3n, Rectificaci\u00f3n, Cancelaci\u00f3n y Oposici\u00f3n), los mismos que se encuentran previstos en la Ley de Protecci\u00f3n de Datos Personales.<\/p>\n<\/div>\n\n\n\n<p class=\"has-purple-30-color has-text-color has-link-color wp-elements-c992588ff824ca5e5cfa0f0c37381629\"><a href=\"https:\/\/manuela.org.pe\/wp-content\/uploads\/2025\/09\/Politica-de-proteccion-y-privacidad-de-los-datos-personales.pdf\" data-type=\"attachment\" data-id=\"949\">Descarga la publicaci\u00f3n<\/a><\/p>\n<\/div>\n\n\n\n<figure class=\"wp-block-image size-full\"><img loading=\"lazy\" decoding=\"async\" width=\"300\" height=\"300\" src=\"https:\/\/manuela.org.pe\/wp-content\/uploads\/2025\/09\/politica-pdp.jpg\" alt=\"\" class=\"wp-image-954\" srcset=\"https:\/\/manuela.org.pe\/wp-content\/uploads\/2025\/09\/politica-pdp.jpg 300w, https:\/\/manuela.org.pe\/wp-content\/uploads\/2025\/09\/politica-pdp-150x150.jpg 150w, https:\/\/manuela.org.pe\/wp-content\/uploads\/2025\/09\/politica-pdp-12x12.jpg 12w\" sizes=\"auto, (max-width: 300px) 100vw, 300px\" \/><\/figure>\n<\/div>\n<\/div>\n\n\n\n<div class=\"wp-block-group alignwide mmr2025-seccion has-global-padding is-layout-constrained wp-container-core-group-is-layout-c70d5d13 wp-block-group-is-layout-constrained\" style=\"min-height:2px;margin-top:0;margin-bottom:0;padding-top:var(--wp--preset--spacing--40);padding-right:var(--wp--preset--spacing--40);padding-bottom:var(--wp--preset--spacing--40);padding-left:var(--wp--preset--spacing--40)\">\n<div class=\"wp-block-group mmr2025-descarga is-content-justification-left is-nowrap is-layout-flex wp-container-core-group-is-layout-ed87f293 wp-block-group-is-layout-flex\">\n<div class=\"wp-block-group mmr2025-texto has-global-padding is-layout-constrained wp-container-core-group-is-layout-e0082cf6 wp-block-group-is-layout-constrained\">\n<p class=\"has-14-font-size\">2023<\/p>\n\n\n\n<h2 class=\"wp-block-heading mmr2025-descarga has-purple-70-color has-text-color has-link-color has-36-font-size wp-elements-7b5982de97627f335d4d24281905d674\">C\u00f3digo de conducta para la prevenci\u00f3n de lavado de activos y financiamiento del terrorismo<\/h2>\n\n\n\n<div class=\"wp-block-group text is-layout-flow wp-container-core-group-is-layout-e3d1c41b wp-block-group-is-layout-flow\">\n<p>El presente C\u00f3digo de Conducta para la Prevenci\u00f3n del Lavado de Activos y Financiamiento del Terrorismo se\u00f1ala los valores fundamentales de la organizaci\u00f3n y recoge lo establecido en su Visi\u00f3n y Misi\u00f3n, en base los cuales desarrolla las orientaciones para guiar su ejercicio profesional y relaciones cotidianas, preservar la imagen institucional en su trabajo por la igualdad de las mujeres a nivel nacional, y asegurar la transparencia en la gesti\u00f3n y uso de los recursos que le son confiados para su administraci\u00f3n.<\/p>\n<\/div>\n\n\n\n<p class=\"has-purple-30-color has-text-color has-link-color wp-elements-145c7ef63ff589e26aafdd21b7c993e2\"><a href=\"https:\/\/manuela.org.pe\/wp-content\/uploads\/2025\/09\/Codigo-de-conducta-para-la-prevencion-de-laft.pdf\" data-type=\"attachment\" data-id=\"946\">Descarga la publicaci\u00f3n<\/a><\/p>\n<\/div>\n\n\n\n<figure class=\"wp-block-image size-full\"><img loading=\"lazy\" decoding=\"async\" width=\"300\" height=\"300\" src=\"https:\/\/manuela.org.pe\/wp-content\/uploads\/2025\/09\/politica-codigolaft.jpg\" alt=\"\" class=\"wp-image-955\" srcset=\"https:\/\/manuela.org.pe\/wp-content\/uploads\/2025\/09\/politica-codigolaft.jpg 300w, https:\/\/manuela.org.pe\/wp-content\/uploads\/2025\/09\/politica-codigolaft-150x150.jpg 150w, https:\/\/manuela.org.pe\/wp-content\/uploads\/2025\/09\/politica-codigolaft-12x12.jpg 12w\" sizes=\"auto, (max-width: 300px) 100vw, 300px\" \/><\/figure>\n<\/div>\n<\/div>\n\n\n\n<div class=\"wp-block-group alignwide mmr2025-seccion has-global-padding is-layout-constrained wp-container-core-group-is-layout-c70d5d13 wp-block-group-is-layout-constrained\" style=\"min-height:2px;margin-top:0;margin-bottom:0;padding-top:var(--wp--preset--spacing--40);padding-right:var(--wp--preset--spacing--40);padding-bottom:var(--wp--preset--spacing--40);padding-left:var(--wp--preset--spacing--40)\">\n<div class=\"wp-block-group mmr2025-descarga is-content-justification-left is-nowrap is-layout-flex wp-container-core-group-is-layout-ed87f293 wp-block-group-is-layout-flex\">\n<div class=\"wp-block-group mmr2025-texto has-global-padding is-layout-constrained wp-container-core-group-is-layout-e0082cf6 wp-block-group-is-layout-constrained\">\n<p class=\"has-14-font-size\">2023<\/p>\n\n\n\n<h2 class=\"wp-block-heading mmr2025-descarga has-purple-70-color has-text-color has-link-color has-36-font-size wp-elements-7c140a47a3b35311a11f45a9d7186e09\">Manual para la prevenci\u00f3n de lavado de activos y\/o financiamiento del terrorismo<\/h2>\n\n\n\n<div class=\"wp-block-group text is-layout-flow wp-container-core-group-is-layout-e3d1c41b wp-block-group-is-layout-flow\">\n<p>El presente manual tiene como objetivo principal establecer las pol\u00edticas y procedimientos b\u00e1sicos, as\u00ed como los mecanismos para implementar un sistema adecuado, efectivo y coherente que debe ser observado y aplicado por la instituci\u00f3n como sujeto obligado y sus trabajadores\/as para prevenir y evitar que sus actividades se vean expuestas al uso con fines il\u00edcitos vinculados a los delitos de lavado de activos y\/o financiamiento del terrorismo.<\/p>\n<\/div>\n\n\n\n<p class=\"has-purple-30-color has-text-color has-link-color wp-elements-e91d368c9a712c66f5ed3cc99279b4c6\"><a href=\"https:\/\/manuela.org.pe\/wp-content\/uploads\/2025\/09\/Manual-para-la-prevencion-de-laft.pdf\" data-type=\"attachment\" data-id=\"948\">Descarga la publicaci\u00f3n<\/a><\/p>\n<\/div>\n\n\n\n<figure class=\"wp-block-image size-full\"><img loading=\"lazy\" decoding=\"async\" width=\"300\" height=\"300\" src=\"https:\/\/manuela.org.pe\/wp-content\/uploads\/2025\/09\/politica-laft.jpg\" alt=\"\" class=\"wp-image-956\" srcset=\"https:\/\/manuela.org.pe\/wp-content\/uploads\/2025\/09\/politica-laft.jpg 300w, https:\/\/manuela.org.pe\/wp-content\/uploads\/2025\/09\/politica-laft-150x150.jpg 150w, https:\/\/manuela.org.pe\/wp-content\/uploads\/2025\/09\/politica-laft-12x12.jpg 12w\" sizes=\"auto, (max-width: 300px) 100vw, 300px\" \/><\/figure>\n<\/div>\n<\/div>\n\n\n\n<div class=\"wp-block-group alignwide mmr2025-seccion has-global-padding is-layout-constrained wp-container-core-group-is-layout-c70d5d13 wp-block-group-is-layout-constrained\" style=\"min-height:2px;margin-top:0;margin-bottom:0;padding-top:var(--wp--preset--spacing--40);padding-right:var(--wp--preset--spacing--40);padding-bottom:var(--wp--preset--spacing--40);padding-left:var(--wp--preset--spacing--40)\">\n<div class=\"wp-block-group mmr2025-descarga is-content-justification-left is-nowrap is-layout-flex wp-container-core-group-is-layout-ed87f293 wp-block-group-is-layout-flex\">\n<div class=\"wp-block-group mmr2025-texto has-global-padding is-layout-constrained wp-container-core-group-is-layout-e0082cf6 wp-block-group-is-layout-constrained\">\n<p class=\"has-14-font-size\">2023<\/p>\n\n\n\n<h2 class=\"wp-block-heading mmr2025-descarga has-purple-70-color has-text-color has-link-color has-36-font-size wp-elements-c3bbf9e33fca8566b326c293980eebb8\">Pol\u00edtica intercultural de g\u00e9nero<\/h2>\n\n\n\n<div class=\"wp-block-group text is-layout-flow wp-container-core-group-is-layout-e3d1c41b wp-block-group-is-layout-flow\">\n<p>La Pol\u00edtica Intercultural de G\u00e9nero (PIG) es un hito del trabajo feminista impulsado por el Movimiento Manuela Ramos desde hace m\u00e1s de cuatro d\u00e9cadas en diferentes territorios del pa\u00eds y con las mujeres en su diversidad. Esta experiencia ha promovido la intersecci\u00f3n de variables centrales para el an\u00e1lisis sobre los derechos fundamentales de las mujeres, como son la identidad, etnicidad, cultura, sexo, identidad sexual y roles g\u00e9nero.<\/p>\n<\/div>\n\n\n\n<p class=\"has-purple-30-color has-text-color has-link-color wp-elements-ecafe788a9d015583c0f33bc956ed447\"><a href=\"https:\/\/manuela.org.pe\/wp-content\/uploads\/2025\/09\/Politica-intercultural-de-genero.pdf\" data-type=\"attachment\" data-id=\"951\">Descarga la publicaci\u00f3n<\/a><\/p>\n<\/div>\n\n\n\n<figure class=\"wp-block-image size-full\"><img loading=\"lazy\" decoding=\"async\" width=\"300\" height=\"300\" src=\"https:\/\/manuela.org.pe\/wp-content\/uploads\/2025\/09\/politica-genero.jpg\" alt=\"\" class=\"wp-image-957\" srcset=\"https:\/\/manuela.org.pe\/wp-content\/uploads\/2025\/09\/politica-genero.jpg 300w, https:\/\/manuela.org.pe\/wp-content\/uploads\/2025\/09\/politica-genero-150x150.jpg 150w, https:\/\/manuela.org.pe\/wp-content\/uploads\/2025\/09\/politica-genero-12x12.jpg 12w\" sizes=\"auto, (max-width: 300px) 100vw, 300px\" \/><\/figure>\n<\/div>\n<\/div>\n\n\n\n<p><\/p>","protected":false},"excerpt":{"rendered":"<p>2023 Pol\u00edtica de sostenibilidad ambiental La Pol\u00edtica Institucional de Sostenibilidad Ambiental est\u00e1 acorde con el Plan Estrat\u00e9gico 2020-2024, que se dirige a impulsar la participaci\u00f3n y protagonismo de las mujeres organizadas, promoviendo y defendiendo sus agendas en los diferentes espacios de decisi\u00f3n en cada regi\u00f3n de trabajo, a trav\u00e9s de la construcci\u00f3n de una ciudadan\u00eda [&hellip;]<\/p>\n","protected":false},"author":1,"featured_media":484,"parent":0,"menu_order":0,"comment_status":"closed","ping_status":"closed","template":"","meta":{"footnotes":""},"class_list":["post-103","page","type-page","status-publish","has-post-thumbnail","hentry"],"_links":{"self":[{"href":"https:\/\/manuela.org.pe\/en\/wp-json\/wp\/v2\/pages\/103","targetHints":{"allow":["GET"]}}],"collection":[{"href":"https:\/\/manuela.org.pe\/en\/wp-json\/wp\/v2\/pages"}],"about":[{"href":"https:\/\/manuela.org.pe\/en\/wp-json\/wp\/v2\/types\/page"}],"author":[{"embeddable":true,"href":"https:\/\/manuela.org.pe\/en\/wp-json\/wp\/v2\/users\/1"}],"replies":[{"embeddable":true,"href":"https:\/\/manuela.org.pe\/en\/wp-json\/wp\/v2\/comments?post=103"}],"version-history":[{"count":10,"href":"https:\/\/manuela.org.pe\/en\/wp-json\/wp\/v2\/pages\/103\/revisions"}],"predecessor-version":[{"id":1539,"href":"https:\/\/manuela.org.pe\/en\/wp-json\/wp\/v2\/pages\/103\/revisions\/1539"}],"wp:featuredmedia":[{"embeddable":true,"href":"https:\/\/manuela.org.pe\/en\/wp-json\/wp\/v2\/media\/484"}],"wp:attachment":[{"href":"https:\/\/manuela.org.pe\/en\/wp-json\/wp\/v2\/media?parent=103"}],"curies":[{"name":"wp","href":"https:\/\/api.w.org\/{rel}","templated":true}]}}