{"id":1046,"date":"2025-10-23T21:28:57","date_gmt":"2025-10-24T02:28:57","guid":{"rendered":"https:\/\/manuela.org.pe\/?page_id=1046"},"modified":"2025-10-23T21:28:57","modified_gmt":"2025-10-24T02:28:57","slug":"juntas-sin-miedo","status":"publish","type":"page","link":"https:\/\/manuela.org.pe\/en\/juntas-sin-miedo\/","title":{"rendered":"Juntas sin miedo"},"content":{"rendered":"<div class=\"wp-block-group alignwide mmr2025-seccion has-global-padding is-layout-constrained wp-container-core-group-is-layout-9960214d wp-block-group-is-layout-constrained\" style=\"min-height:2px;margin-top:0;margin-bottom:0;padding-top:var(--wp--preset--spacing--80);padding-right:var(--wp--preset--spacing--40);padding-bottom:var(--wp--preset--spacing--80);padding-left:var(--wp--preset--spacing--40)\">\n<div class=\"wp-block-columns is-layout-flex wp-container-core-columns-is-layout-28f84493 wp-block-columns-is-layout-flex\">\n<div class=\"wp-block-column is-layout-flow wp-block-column-is-layout-flow\">\n<p>En el Per\u00fa se han ido sumando diversas iniciativas que buscan silenciar a las mujeres que sufren violencia. Se busca criminalizar incluso las denuncias. Muchas mujeres no reconocen la violencia en las situaciones que han vivido. Hay violencias invisibles, innombrables, silenciosas. Por ello, resulta necesario generar espacios horizontales, cercanos y emp\u00e1ticos para conectar a las mujeres con sus experiencias y permitir que se hable del tema sin temores.&nbsp;<\/p>\n\n\n\n<p>La campa\u00f1a busca inspirar y movilizar, a la par que comunicar, la necesidad de que las mujeres unen fuerzas frente al sistema patriarcal y machista y act\u00faen en colectivo para contribuir con la construcci\u00f3n de espacios libres de violencias; asimismo, busca contribuir a sensibilizar a la poblaci\u00f3n e ir desmontando patrones culturales que justifican y toleran las violencias machistas en el Per\u00fa<\/p>\n<\/div>\n\n\n\n<div class=\"wp-block-column is-layout-flow wp-block-column-is-layout-flow\">\n<figure class=\"wp-block-image aligncenter size-full is-resized\"><img loading=\"lazy\" decoding=\"async\" width=\"810\" height=\"810\" src=\"https:\/\/manuela.org.pe\/wp-content\/uploads\/2025\/10\/Juntas-Logo.png\" alt=\"\" class=\"wp-image-1047\" style=\"width:352px;height:auto\" srcset=\"https:\/\/manuela.org.pe\/wp-content\/uploads\/2025\/10\/Juntas-Logo.png 810w, https:\/\/manuela.org.pe\/wp-content\/uploads\/2025\/10\/Juntas-Logo-300x300.png 300w, https:\/\/manuela.org.pe\/wp-content\/uploads\/2025\/10\/Juntas-Logo-150x150.png 150w, https:\/\/manuela.org.pe\/wp-content\/uploads\/2025\/10\/Juntas-Logo-768x768.png 768w, https:\/\/manuela.org.pe\/wp-content\/uploads\/2025\/10\/Juntas-Logo-12x12.png 12w\" sizes=\"auto, (max-width: 810px) 100vw, 810px\" \/><\/figure>\n<\/div>\n<\/div>\n<\/div>\n\n\n\n<figure class=\"wp-block-image aligncenter size-large is-resized\"><img loading=\"lazy\" decoding=\"async\" width=\"2048\" height=\"1151\" src=\"https:\/\/manuela.org.pe\/wp-content\/uploads\/2025\/10\/Juntas-Foto-edited.jpg\" alt=\"\" class=\"wp-image-1049\" style=\"width:918px;height:auto\" srcset=\"https:\/\/manuela.org.pe\/wp-content\/uploads\/2025\/10\/Juntas-Foto-edited.jpg 2048w, https:\/\/manuela.org.pe\/wp-content\/uploads\/2025\/10\/Juntas-Foto-edited-300x169.jpg 300w, https:\/\/manuela.org.pe\/wp-content\/uploads\/2025\/10\/Juntas-Foto-edited-1024x576.jpg 1024w, https:\/\/manuela.org.pe\/wp-content\/uploads\/2025\/10\/Juntas-Foto-edited-768x432.jpg 768w, https:\/\/manuela.org.pe\/wp-content\/uploads\/2025\/10\/Juntas-Foto-edited-1536x863.jpg 1536w, https:\/\/manuela.org.pe\/wp-content\/uploads\/2025\/10\/Juntas-Foto-edited-18x10.jpg 18w\" sizes=\"auto, (max-width: 2048px) 100vw, 2048px\" \/><\/figure>\n\n\n\n<div style=\"height:100px\" aria-hidden=\"true\" class=\"wp-block-spacer\"><\/div>","protected":false},"excerpt":{"rendered":"<p>En el Per\u00fa se han ido sumando diversas iniciativas que buscan silenciar a las mujeres que sufren violencia. Se busca criminalizar incluso las denuncias. Muchas mujeres no reconocen la violencia en las situaciones que han vivido. Hay violencias invisibles, innombrables, silenciosas. Por ello, resulta necesario generar espacios horizontales, cercanos y emp\u00e1ticos para conectar a las [&hellip;]<\/p>\n","protected":false},"author":1,"featured_media":725,"parent":0,"menu_order":0,"comment_status":"closed","ping_status":"closed","template":"","meta":{"footnotes":""},"class_list":["post-1046","page","type-page","status-publish","has-post-thumbnail","hentry"],"_links":{"self":[{"href":"https:\/\/manuela.org.pe\/en\/wp-json\/wp\/v2\/pages\/1046","targetHints":{"allow":["GET"]}}],"collection":[{"href":"https:\/\/manuela.org.pe\/en\/wp-json\/wp\/v2\/pages"}],"about":[{"href":"https:\/\/manuela.org.pe\/en\/wp-json\/wp\/v2\/types\/page"}],"author":[{"embeddable":true,"href":"https:\/\/manuela.org.pe\/en\/wp-json\/wp\/v2\/users\/1"}],"replies":[{"embeddable":true,"href":"https:\/\/manuela.org.pe\/en\/wp-json\/wp\/v2\/comments?post=1046"}],"version-history":[{"count":2,"href":"https:\/\/manuela.org.pe\/en\/wp-json\/wp\/v2\/pages\/1046\/revisions"}],"predecessor-version":[{"id":1051,"href":"https:\/\/manuela.org.pe\/en\/wp-json\/wp\/v2\/pages\/1046\/revisions\/1051"}],"wp:featuredmedia":[{"embeddable":true,"href":"https:\/\/manuela.org.pe\/en\/wp-json\/wp\/v2\/media\/725"}],"wp:attachment":[{"href":"https:\/\/manuela.org.pe\/en\/wp-json\/wp\/v2\/media?parent=1046"}],"curies":[{"name":"wp","href":"https:\/\/api.w.org\/{rel}","templated":true}]}}