{"id":1052,"date":"2025-10-23T21:34:55","date_gmt":"2025-10-24T02:34:55","guid":{"rendered":"https:\/\/manuela.org.pe\/?page_id=1052"},"modified":"2025-10-23T21:34:55","modified_gmt":"2025-10-24T02:34:55","slug":"ninas-jugando-no-siendo-madres-2","status":"publish","type":"page","link":"https:\/\/manuela.org.pe\/en\/ninas-jugando-no-siendo-madres-2\/","title":{"rendered":"Ni\u00f1as jugando no siendo madres"},"content":{"rendered":"<div class=\"wp-block-group alignwide mmr2025-seccion has-global-padding is-layout-constrained wp-container-core-group-is-layout-9960214d wp-block-group-is-layout-constrained\" style=\"min-height:2px;margin-top:0;margin-bottom:0;padding-top:var(--wp--preset--spacing--80);padding-right:var(--wp--preset--spacing--40);padding-bottom:var(--wp--preset--spacing--80);padding-left:var(--wp--preset--spacing--40)\">\n<div class=\"wp-block-columns is-layout-flex wp-container-core-columns-is-layout-28f84493 wp-block-columns-is-layout-flex\">\n<div class=\"wp-block-column is-layout-flow wp-block-column-is-layout-flow\">\n<p>Desarrollada con el prop\u00f3sito de visibilizar las violencias estructurales que enfrentan las ni\u00f1as en el pa\u00eds y denunciar la inacci\u00f3n del Estado frente al embarazo infantil forzado, reconocido como una de las formas m\u00e1s graves de violencia basada en g\u00e9nero.<\/p>\n\n\n\n<p>Desde un enfoque de derechos humanos y justicia de g\u00e9nero, reafirmamos que las ni\u00f1as deben estar jugando, aprendiendo y creciendo en libertad, y no asumiendo maternidades impuestas como resultado de la violencia sexual o de la falta de acceso a servicios de salud sexual y reproductiva. Buscamos restituir la noci\u00f3n de la infancia como una etapa de derechos y autonom\u00eda, no de responsabilidades ni violencias.<\/p>\n<\/div>\n\n\n\n<div class=\"wp-block-column is-layout-flow wp-block-column-is-layout-flow\">\n<figure class=\"wp-block-image size-large\"><img loading=\"lazy\" decoding=\"async\" width=\"2248\" height=\"1263\" src=\"https:\/\/manuela.org.pe\/wp-content\/uploads\/2025\/10\/Ninas-Jugando-Logo-edited.jpg\" alt=\"\" class=\"wp-image-1055\" srcset=\"https:\/\/manuela.org.pe\/wp-content\/uploads\/2025\/10\/Ninas-Jugando-Logo-edited.jpg 2248w, https:\/\/manuela.org.pe\/wp-content\/uploads\/2025\/10\/Ninas-Jugando-Logo-edited-300x169.jpg 300w, https:\/\/manuela.org.pe\/wp-content\/uploads\/2025\/10\/Ninas-Jugando-Logo-edited-1024x575.jpg 1024w, https:\/\/manuela.org.pe\/wp-content\/uploads\/2025\/10\/Ninas-Jugando-Logo-edited-768x431.jpg 768w, https:\/\/manuela.org.pe\/wp-content\/uploads\/2025\/10\/Ninas-Jugando-Logo-edited-1536x863.jpg 1536w, https:\/\/manuela.org.pe\/wp-content\/uploads\/2025\/10\/Ninas-Jugando-Logo-edited-2048x1151.jpg 2048w, https:\/\/manuela.org.pe\/wp-content\/uploads\/2025\/10\/Ninas-Jugando-Logo-edited-18x10.jpg 18w\" sizes=\"auto, (max-width: 2248px) 100vw, 2248px\" \/><\/figure>\n<\/div>\n<\/div>\n<\/div>\n\n\n\n<figure class=\"wp-block-image aligncenter size-large is-resized\"><img loading=\"lazy\" decoding=\"async\" width=\"2048\" height=\"1151\" src=\"https:\/\/manuela.org.pe\/wp-content\/uploads\/2025\/10\/Ninas-Jugando-Foto-edited.jpg\" alt=\"\" class=\"wp-image-1056\" style=\"width:918px;height:auto\" srcset=\"https:\/\/manuela.org.pe\/wp-content\/uploads\/2025\/10\/Ninas-Jugando-Foto-edited.jpg 2048w, https:\/\/manuela.org.pe\/wp-content\/uploads\/2025\/10\/Ninas-Jugando-Foto-edited-300x169.jpg 300w, https:\/\/manuela.org.pe\/wp-content\/uploads\/2025\/10\/Ninas-Jugando-Foto-edited-1024x576.jpg 1024w, https:\/\/manuela.org.pe\/wp-content\/uploads\/2025\/10\/Ninas-Jugando-Foto-edited-768x432.jpg 768w, https:\/\/manuela.org.pe\/wp-content\/uploads\/2025\/10\/Ninas-Jugando-Foto-edited-1536x863.jpg 1536w, https:\/\/manuela.org.pe\/wp-content\/uploads\/2025\/10\/Ninas-Jugando-Foto-edited-18x10.jpg 18w\" sizes=\"auto, (max-width: 2048px) 100vw, 2048px\" \/><\/figure>\n\n\n\n<div style=\"height:100px\" aria-hidden=\"true\" class=\"wp-block-spacer\"><\/div>","protected":false},"excerpt":{"rendered":"<p>Desarrollada con el prop\u00f3sito de visibilizar las violencias estructurales que enfrentan las ni\u00f1as en el pa\u00eds y denunciar la inacci\u00f3n del Estado frente al embarazo infantil forzado, reconocido como una de las formas m\u00e1s graves de violencia basada en g\u00e9nero. Desde un enfoque de derechos humanos y justicia de g\u00e9nero, reafirmamos que las ni\u00f1as deben [&hellip;]<\/p>\n","protected":false},"author":1,"featured_media":725,"parent":0,"menu_order":0,"comment_status":"closed","ping_status":"closed","template":"","meta":{"footnotes":""},"class_list":["post-1052","page","type-page","status-publish","has-post-thumbnail","hentry"],"_links":{"self":[{"href":"https:\/\/manuela.org.pe\/en\/wp-json\/wp\/v2\/pages\/1052","targetHints":{"allow":["GET"]}}],"collection":[{"href":"https:\/\/manuela.org.pe\/en\/wp-json\/wp\/v2\/pages"}],"about":[{"href":"https:\/\/manuela.org.pe\/en\/wp-json\/wp\/v2\/types\/page"}],"author":[{"embeddable":true,"href":"https:\/\/manuela.org.pe\/en\/wp-json\/wp\/v2\/users\/1"}],"replies":[{"embeddable":true,"href":"https:\/\/manuela.org.pe\/en\/wp-json\/wp\/v2\/comments?post=1052"}],"version-history":[{"count":1,"href":"https:\/\/manuela.org.pe\/en\/wp-json\/wp\/v2\/pages\/1052\/revisions"}],"predecessor-version":[{"id":1057,"href":"https:\/\/manuela.org.pe\/en\/wp-json\/wp\/v2\/pages\/1052\/revisions\/1057"}],"wp:featuredmedia":[{"embeddable":true,"href":"https:\/\/manuela.org.pe\/en\/wp-json\/wp\/v2\/media\/725"}],"wp:attachment":[{"href":"https:\/\/manuela.org.pe\/en\/wp-json\/wp\/v2\/media?parent=1052"}],"curies":[{"name":"wp","href":"https:\/\/api.w.org\/{rel}","templated":true}]}}