{"id":1058,"date":"2025-10-23T21:41:39","date_gmt":"2025-10-24T02:41:39","guid":{"rendered":"https:\/\/manuela.org.pe\/?page_id=1058"},"modified":"2025-10-23T21:41:39","modified_gmt":"2025-10-24T02:41:39","slug":"yo-soy-manuela","status":"publish","type":"page","link":"https:\/\/manuela.org.pe\/en\/yo-soy-manuela\/","title":{"rendered":"Yo soy Manuela"},"content":{"rendered":"<div class=\"wp-block-group alignwide mmr2025-seccion has-global-padding is-layout-constrained wp-container-core-group-is-layout-9960214d wp-block-group-is-layout-constrained\" style=\"min-height:2px;margin-top:0;margin-bottom:0;padding-top:var(--wp--preset--spacing--80);padding-right:var(--wp--preset--spacing--40);padding-bottom:var(--wp--preset--spacing--80);padding-left:var(--wp--preset--spacing--40)\">\n<div class=\"wp-block-columns is-layout-flex wp-container-core-columns-is-layout-28f84493 wp-block-columns-is-layout-flex\">\n<div class=\"wp-block-column is-layout-flow wp-block-column-is-layout-flow\">\n<p>En 47 a\u00f1os de lucha feminista hemos recorrido el pa\u00eds y sus historias. Manuela ha tomado los rostros de cientos de mujeres en cada territorio, creciendo y aprendiendo con cada una de ellas. Yo Soy Manuela es nuestra campa\u00f1a institucional que busca hacer visible ese camino recorrido, es nuestra forma de darnos a conocer a trav\u00e9s de las voces de las mujeres en su diversidad con las que hemos constru\u00eddo camino.&nbsp;<\/p>\n\n\n\n<p>Yo soy Manuela es nuestra campa\u00f1a institucional permanente para seguir contando sobre el camino avanzado, abrazando nuestras experiencias y construyendo una lucha conjunta en tiempos de retrocesos y embestidas contra nuestros derechos.<\/p>\n<\/div>\n\n\n\n<div class=\"wp-block-column is-layout-flow wp-block-column-is-layout-flow\">\n<figure class=\"wp-block-image aligncenter size-large is-resized\"><img loading=\"lazy\" decoding=\"async\" width=\"1013\" height=\"1350\" src=\"https:\/\/manuela.org.pe\/wp-content\/uploads\/2025\/10\/Yo-soy-Logo-edited.jpg\" alt=\"\" class=\"wp-image-1061\" style=\"width:391px;height:auto\" srcset=\"https:\/\/manuela.org.pe\/wp-content\/uploads\/2025\/10\/Yo-soy-Logo-edited.jpg 1013w, https:\/\/manuela.org.pe\/wp-content\/uploads\/2025\/10\/Yo-soy-Logo-edited-225x300.jpg 225w, https:\/\/manuela.org.pe\/wp-content\/uploads\/2025\/10\/Yo-soy-Logo-edited-768x1023.jpg 768w, https:\/\/manuela.org.pe\/wp-content\/uploads\/2025\/10\/Yo-soy-Logo-edited-9x12.jpg 9w\" sizes=\"auto, (max-width: 1013px) 100vw, 1013px\" \/><\/figure>\n<\/div>\n<\/div>\n<\/div>\n\n\n\n<figure class=\"wp-block-image aligncenter size-large is-resized\"><img loading=\"lazy\" decoding=\"async\" width=\"2048\" height=\"1151\" src=\"https:\/\/manuela.org.pe\/wp-content\/uploads\/2025\/10\/Yo-soy-Foto-edited.jpg\" alt=\"\" class=\"wp-image-1062\" style=\"width:918px;height:auto\" srcset=\"https:\/\/manuela.org.pe\/wp-content\/uploads\/2025\/10\/Yo-soy-Foto-edited.jpg 2048w, https:\/\/manuela.org.pe\/wp-content\/uploads\/2025\/10\/Yo-soy-Foto-edited-300x169.jpg 300w, https:\/\/manuela.org.pe\/wp-content\/uploads\/2025\/10\/Yo-soy-Foto-edited-1024x576.jpg 1024w, https:\/\/manuela.org.pe\/wp-content\/uploads\/2025\/10\/Yo-soy-Foto-edited-768x432.jpg 768w, https:\/\/manuela.org.pe\/wp-content\/uploads\/2025\/10\/Yo-soy-Foto-edited-1536x863.jpg 1536w, https:\/\/manuela.org.pe\/wp-content\/uploads\/2025\/10\/Yo-soy-Foto-edited-18x10.jpg 18w\" sizes=\"auto, (max-width: 2048px) 100vw, 2048px\" \/><\/figure>\n\n\n\n<div style=\"height:100px\" aria-hidden=\"true\" class=\"wp-block-spacer\"><\/div>","protected":false},"excerpt":{"rendered":"<p>En 47 a\u00f1os de lucha feminista hemos recorrido el pa\u00eds y sus historias. Manuela ha tomado los rostros de cientos de mujeres en cada territorio, creciendo y aprendiendo con cada una de ellas. Yo Soy Manuela es nuestra campa\u00f1a institucional que busca hacer visible ese camino recorrido, es nuestra forma de darnos a conocer a [&hellip;]<\/p>\n","protected":false},"author":1,"featured_media":725,"parent":0,"menu_order":0,"comment_status":"closed","ping_status":"closed","template":"","meta":{"footnotes":""},"class_list":["post-1058","page","type-page","status-publish","has-post-thumbnail","hentry"],"_links":{"self":[{"href":"https:\/\/manuela.org.pe\/en\/wp-json\/wp\/v2\/pages\/1058","targetHints":{"allow":["GET"]}}],"collection":[{"href":"https:\/\/manuela.org.pe\/en\/wp-json\/wp\/v2\/pages"}],"about":[{"href":"https:\/\/manuela.org.pe\/en\/wp-json\/wp\/v2\/types\/page"}],"author":[{"embeddable":true,"href":"https:\/\/manuela.org.pe\/en\/wp-json\/wp\/v2\/users\/1"}],"replies":[{"embeddable":true,"href":"https:\/\/manuela.org.pe\/en\/wp-json\/wp\/v2\/comments?post=1058"}],"version-history":[{"count":1,"href":"https:\/\/manuela.org.pe\/en\/wp-json\/wp\/v2\/pages\/1058\/revisions"}],"predecessor-version":[{"id":1063,"href":"https:\/\/manuela.org.pe\/en\/wp-json\/wp\/v2\/pages\/1058\/revisions\/1063"}],"wp:featuredmedia":[{"embeddable":true,"href":"https:\/\/manuela.org.pe\/en\/wp-json\/wp\/v2\/media\/725"}],"wp:attachment":[{"href":"https:\/\/manuela.org.pe\/en\/wp-json\/wp\/v2\/media?parent=1058"}],"curies":[{"name":"wp","href":"https:\/\/api.w.org\/{rel}","templated":true}]}}