{"id":107,"date":"2025-03-20T12:07:56","date_gmt":"2025-03-20T17:07:56","guid":{"rendered":"https:\/\/manuela.org.pe\/?page_id=107"},"modified":"2026-02-04T09:27:29","modified_gmt":"2026-02-04T14:27:29","slug":"autonomia-economica-credimujer","status":"publish","type":"page","link":"https:\/\/manuela.org.pe\/en\/autonomia-economica-credimujer\/","title":{"rendered":"Autonom\u00eda econ\u00f3mica: Credimujer"},"content":{"rendered":"<div class=\"wp-block-group has-global-padding is-layout-constrained wp-block-group-is-layout-constrained\">\n<p class=\"has-text-align-center\">A trav\u00e9s de nuestra Unidad de financiamiento CrediMujer impulsamos la formaci\u00f3n de bancos comunales, con el objetivo de que las mujeres accedan al cr\u00e9dito y cuenten con recursos financieros para implementar negocios que les generen ingresos. Nuestra estrategia combina el micro cr\u00e9dito y la promoci\u00f3n del ahorro con acciones de fortalecimiento de capacidades, informaci\u00f3n y reflexi\u00f3n. Las mujeres emprendedoras, a la par que reciben los cr\u00e9ditos y fortalecen su autoestima, sus capacidades, habilidades y liderazgo; afirman su poder para tomar decisiones y ejercer el control de sus vidas en la esfera productiva y personal.<\/p>\n\n\n\n<p class=\"has-text-align-center\">En este momento CrediMujer Manuela Ramos trabaja con 1,285 Bancos Comunales. Un Banco Comunal es una peque\u00f1a organizaci\u00f3n conformada por 10 a 35 mujeres emprendedoras que se re\u00fanen para prestarse dinero, ahorrar y capacitarse. Cuentan con un comit\u00e9 de administraci\u00f3n y el acompa\u00f1amiento de una promotora de cr\u00e9ditos. Las integrantes de estos Bancos Comunales se conocen entre s\u00ed como socias. Este sistema de BC est\u00e1 sustentado en 4 pilares: garant\u00eda solidaria, control social, organizaci\u00f3n del Banco Comunal y la capacitaci\u00f3n.<\/p>\n\n\n\n<figure class=\"wp-block-video\"><video height=\"1080\" style=\"aspect-ratio: 1920 \/ 1080;\" width=\"1920\" controls src=\"https:\/\/manuela.org.pe\/wp-content\/uploads\/2026\/02\/AquaMujer-2.mp4\"><\/video><\/figure>\n<\/div>\n\n\n\n<div style=\"height:41px\" aria-hidden=\"true\" class=\"wp-block-spacer\"><\/div>\n\n\n\n<div class=\"wp-block-group has-global-padding is-layout-constrained wp-container-core-group-is-layout-3e11c9cf wp-block-group-is-layout-constrained\" style=\"margin-top:0;margin-bottom:0\">\n<h1 class=\"wp-block-heading\">\u00bfQu\u00e9 hacemos?<\/h1>\n\n\n\n<div class=\"wp-block-columns is-layout-flex wp-container-core-columns-is-layout-28f84493 wp-block-columns-is-layout-flex\">\n<div class=\"wp-block-column is-layout-flow wp-block-column-is-layout-flow\">\n<ol class=\"wp-block-list\">\n<li><strong>Acceso a recursos financieros<\/strong>. Facilitamos acceso a cr\u00e9dito con educaci\u00f3n a trav\u00e9s de la metodolog\u00eda Banca Comunal, promovemos el ahorro de las socias para enfrentar necesidades y hacerse de un capital propio, canalizamos un Microseguro de vida con la Positiva y brindamos cobertura por fallecimiento a trav\u00e9s de un Fondo Propio. Los microcr\u00e9ditos son graduales, se busca generar un historial crediticio de cada mujer emprendedora y el aprendizaje entre todas al interior del Banco Comunal.<\/li>\n<\/ol>\n\n\n\n<ol class=\"wp-block-list\"><\/ol>\n<\/div>\n\n\n\n<div class=\"wp-block-column is-layout-flow wp-block-column-is-layout-flow\">\n<ol start=\"2\" class=\"wp-block-list\">\n<li><strong>Fortalecimiento de capacidades y habilidades para gesti\u00f3n de negocios y ejercicio de sus derechos<\/strong>. Los contenidos educativos se organizan por ejes tem\u00e1ticos. Se recrean o generan nuevos temas cada a\u00f1o, luego de un intercambio con las socias de los Bancos Comunales y con los equipos regionales. Nuestros ejes de trabajo son:<\/li>\n<\/ol>\n\n\n\n<ol class=\"wp-block-list\"><\/ol>\n\n\n\n<ul class=\"wp-block-list\">\n<li>Herramientas digitales pr\u00e1cticas<\/li>\n\n\n\n<li>G\u00e9nero y derechos de las mujeres<\/li>\n\n\n\n<li>Manejo del negocio<\/li>\n\n\n\n<li>Educaci\u00f3n financiera<\/li>\n\n\n\n<li>Fortalecimiento del Banco Comunal<\/li>\n<\/ul>\n<\/div>\n\n\n\n<div class=\"wp-block-column is-layout-flow wp-block-column-is-layout-flow\">\n<ol start=\"3\" class=\"wp-block-list\">\n<li>Adem\u00e1s de nuestros Talleres de Asistencia t\u00e9cnica, las Jornadas \u201cLib\u00e9rate de la Tensi\u00f3n\u201d y los Talleres de capacitaci\u00f3n al Comit\u00e9 de Administraci\u00f3n, peri\u00f3dicamente realizamos estudios de impacto, an\u00e1lisis de nuestras bases de datos y encuestas de mercado para una mejor gesti\u00f3n con las socias y con quienes integran nuestro equipo de trabajo.<\/li>\n<\/ol>\n<\/div>\n<\/div>\n<\/div>\n\n\n\n<div style=\"height:41px\" aria-hidden=\"true\" class=\"wp-block-spacer\"><\/div>\n\n\n\n<div class=\"wp-block-group has-background is-layout-flow wp-block-group-is-layout-flow\" style=\"background-color:#563b9b;margin-top:0;margin-bottom:0;padding-top:var(--wp--preset--spacing--80);padding-right:var(--wp--preset--spacing--80);padding-bottom:var(--wp--preset--spacing--80);padding-left:var(--wp--preset--spacing--80)\">\n<div class=\"wp-block-columns has-light-color has-text-color has-background has-link-color wp-elements-c5f64b5b4dd470222d6404174c7ac7f6 is-layout-flex wp-container-core-columns-is-layout-6e4966e5 wp-block-columns-is-layout-flex\" style=\"background-color:#563b9b;padding-top:0;padding-right:var(--wp--preset--spacing--80);padding-bottom:0;padding-left:var(--wp--preset--spacing--80)\">\n<div class=\"wp-block-column is-layout-flow wp-block-column-is-layout-flow\" style=\"flex-basis:50%\">\n<h1 class=\"wp-block-heading has-light-color has-text-color has-link-color wp-elements-66d72d5403ff4b92c1e357335e8595db\">\u00bfCon qui\u00e9nes trabajamos?<\/h1>\n\n\n\n<ul class=\"wp-block-list\">\n<li class=\"has-light-color has-text-color has-link-color wp-elements-b9f7e3839eeeaa6ea22a108fd434597a\">Mujeres de bajos ingresos y emprendedoras de negocios, que viven en zonas urbano marginales y rurales de 7 regiones del pa\u00eds: Amazonas, Lambayeque, La Libertad, Ancash-costa, Puno, San Mart\u00edn y Ucayali; que se asocian en bancos comunales.<\/li>\n\n\n\n<li>Las mujeres desarrollan actividades econ\u00f3micas de autoempleo en los sectores de Comercio (70%) y servicios (15%), principalmente, para generar ingresos y sostener a sus familias.<\/li>\n\n\n\n<li class=\"has-light-color has-text-color has-link-color wp-elements-7cd4028ec7ff962757f27dacb69b5698\">Son mujeres adultas, en promedio, cuentan con 41 a\u00f1os y tambi\u00e9n hay un 27% de mujeres j\u00f3venes, de 29 a\u00f1os o menos y un 2% son mayores de 60 a\u00f1os.<\/li>\n<\/ul>\n<\/div>\n\n\n\n<div class=\"wp-block-column is-vertically-aligned-center is-layout-flow wp-block-column-is-layout-flow\" style=\"flex-basis:50%\">\n<figure class=\"wp-block-image size-large\"><img loading=\"lazy\" decoding=\"async\" width=\"1200\" height=\"800\" src=\"https:\/\/manuela.org.pe\/wp-content\/uploads\/2026\/02\/1-CrediMujer-edited.jpg\" alt=\"\" class=\"wp-image-1433\" srcset=\"https:\/\/manuela.org.pe\/wp-content\/uploads\/2026\/02\/1-CrediMujer-edited.jpg 1200w, https:\/\/manuela.org.pe\/wp-content\/uploads\/2026\/02\/1-CrediMujer-edited-300x200.jpg 300w, https:\/\/manuela.org.pe\/wp-content\/uploads\/2026\/02\/1-CrediMujer-edited-1024x683.jpg 1024w, https:\/\/manuela.org.pe\/wp-content\/uploads\/2026\/02\/1-CrediMujer-edited-768x512.jpg 768w, https:\/\/manuela.org.pe\/wp-content\/uploads\/2026\/02\/1-CrediMujer-edited-18x12.jpg 18w\" sizes=\"auto, (max-width: 1200px) 100vw, 1200px\" \/><\/figure>\n<\/div>\n<\/div>\n\n\n\n<div class=\"wp-block-columns has-light-color has-text-color has-background has-link-color wp-elements-c439dceed7785e3f98f22499ee0bf297 is-layout-flex wp-container-core-columns-is-layout-6e4966e5 wp-block-columns-is-layout-flex\" style=\"background-color:#563b9b;padding-top:0;padding-right:var(--wp--preset--spacing--80);padding-bottom:0;padding-left:var(--wp--preset--spacing--80)\">\n<div class=\"wp-block-column is-layout-flow wp-block-column-is-layout-flow\" style=\"flex-basis:50%\">\n<figure class=\"wp-block-image size-large\"><img loading=\"lazy\" decoding=\"async\" width=\"1440\" height=\"960\" src=\"https:\/\/manuela.org.pe\/wp-content\/uploads\/2026\/02\/4-CrediMujer-edited.jpg\" alt=\"\" class=\"wp-image-1432\" srcset=\"https:\/\/manuela.org.pe\/wp-content\/uploads\/2026\/02\/4-CrediMujer-edited.jpg 1440w, https:\/\/manuela.org.pe\/wp-content\/uploads\/2026\/02\/4-CrediMujer-edited-300x200.jpg 300w, https:\/\/manuela.org.pe\/wp-content\/uploads\/2026\/02\/4-CrediMujer-edited-1024x683.jpg 1024w, https:\/\/manuela.org.pe\/wp-content\/uploads\/2026\/02\/4-CrediMujer-edited-768x512.jpg 768w, https:\/\/manuela.org.pe\/wp-content\/uploads\/2026\/02\/4-CrediMujer-edited-18x12.jpg 18w\" sizes=\"auto, (max-width: 1440px) 100vw, 1440px\" \/><\/figure>\n<\/div>\n\n\n\n<div class=\"wp-block-column is-vertically-aligned-center is-layout-flow wp-block-column-is-layout-flow\" style=\"flex-basis:50%\">\n<figure class=\"wp-block-gallery has-nested-images columns-1 is-cropped wp-block-gallery-1 is-layout-flex wp-block-gallery-is-layout-flex\">\n<figure class=\"wp-block-image size-full\"><img loading=\"lazy\" decoding=\"async\" width=\"816\" height=\"544\" data-id=\"1431\" src=\"https:\/\/manuela.org.pe\/wp-content\/uploads\/2026\/02\/2-CrediMujer-edited.jpg\" alt=\"\" class=\"wp-image-1431\" srcset=\"https:\/\/manuela.org.pe\/wp-content\/uploads\/2026\/02\/2-CrediMujer-edited.jpg 816w, https:\/\/manuela.org.pe\/wp-content\/uploads\/2026\/02\/2-CrediMujer-edited-300x200.jpg 300w, https:\/\/manuela.org.pe\/wp-content\/uploads\/2026\/02\/2-CrediMujer-edited-768x512.jpg 768w, https:\/\/manuela.org.pe\/wp-content\/uploads\/2026\/02\/2-CrediMujer-edited-18x12.jpg 18w\" sizes=\"auto, (max-width: 816px) 100vw, 816px\" \/><\/figure>\n<\/figure>\n<\/div>\n<\/div>\n<\/div>\n\n\n\n<div style=\"height:70px\" aria-hidden=\"true\" class=\"wp-block-spacer\"><\/div>\n\n\n\n<div class=\"wp-block-group has-global-padding is-layout-constrained wp-container-core-group-is-layout-3e11c9cf wp-block-group-is-layout-constrained\" style=\"margin-top:0;margin-bottom:0\">\n<h1 class=\"wp-block-heading\">Logros<\/h1>\n\n\n\n<p>Desde que iniciamos la Unidad de Financiamiento CrediMujer Manuela Ramos en el a\u00f1o 2000, hemos atendido a 139,567 mujeres a trav\u00e9s de los Bancos Comunales, y colocamos 961 millones de soles en cr\u00e9ditos, siguiendo una gesti\u00f3n de desempe\u00f1o social con enfoque de g\u00e9nero, mostrando adaptabilidad e innovaci\u00f3n. El trabajo de CrediMujer ha merecido diferentes premios y reconocimientos:\u00a0<\/p>\n\n\n\n<div class=\"wp-block-cb-carousel-v2 cb-carousel-block\" data-cb-slides-per-view=\"1\" data-cb-slides-per-group=\"1\" data-cb-space-between=\"15\" data-cb-speed=\"300\" data-cb-navigation=\"true\" data-cb-pagination=\"true\" data-cb-breakpoints=\"{&quot;768&quot;:{&quot;slidesPerView&quot;:3,&quot;slidesPerGroup&quot;:1}}\"><div class=\"swiper\"><div class=\"cb-wrapper swiper-wrapper\">\n<div class=\"wp-block-cb-slide-v2 cb-slide swiper-slide\">\n<ul class=\"wp-block-list\">\n<li>En el 2004 fue seleccionada entre las 100 Mejores Instituciones de Microfinanza de Am\u00e9rica Latina y el Caribe, seg\u00fan la revista del BID \u201cMicroempresas Am\u00e9rica: Las Top 100\u201d y entre los a\u00f1os 2006 al 2013 calific\u00f3 entre las 20 mejores instituciones de microfinanzas, en distintas categor\u00edas.\u00a0<\/li>\n<\/ul>\n<\/div>\n\n\n\n<div class=\"wp-block-cb-slide-v2 cb-slide swiper-slide\">\n<ul class=\"wp-block-list\">\n<li>En el 2010 recibi\u00f3 el Premio a la Excelencia en Microfinanzas \u201cMejores Pr\u00e1cticas en Desempe\u00f1o Social\u201d, otorgado por el Fondo Multilateral de Inversiones FOMIN. Y en el 2015 la APCI (Agencia Peruana de Cooperaci\u00f3n Internacional) les otorg\u00f3 el Premio Inclusi\u00f3n en el Concurso \u201cExperiencias exitosas de ONGs\u201d, por la experiencia de los Bancos Comunales. Tambi\u00e9n ha recibido certificados de Transparencia, Responsabilidad Financiera y Desempe\u00f1o Social otorgados por las instituciones The Mix Am\u00e9rica Latina y el Caribe \u2013 COPEME y Ford Foundation.\u00a0<\/li>\n<\/ul>\n<\/div>\n\n\n\n<div class=\"wp-block-cb-slide-v2 cb-slide swiper-slide\">\n<ul class=\"wp-block-list\">\n<li>CrediMujer Manuela Ramos ha sido seleccionada como finalista para pasar a la segunda ronda del Premio Europeo de las Microfinanzas, edici\u00f3n 2021.\u00a0<\/li>\n<\/ul>\n<\/div>\n\n\n\n<div class=\"wp-block-cb-slide-v2 cb-slide swiper-slide\">\n<ul class=\"wp-block-list\">\n<li>Certificado de Transparencia 2009 otorgado por Microfinance Information Exchange y COPEME. Reconocimiento otorgado al Movimiento Manuela Ramos por alcanzar 5 diamantes en el MIX Market, mejorando la transparencia, calidad y confiabilidad de la informaci\u00f3n financiera.\u00a0<\/li>\n<\/ul>\n<\/div>\n\n\n\n<div class=\"wp-block-cb-slide-v2 cb-slide swiper-slide\">\n<ul class=\"wp-block-list\">\n<li>Certificado de reconocimiento 2010 en la Categor\u00eda Oro por diseminar los indicadores de desempe\u00f1o social a MIX Patrocinado por Ford Foundation; CGAP y Michael &amp; Susan Dell Foundation.\u00a0<\/li>\n<\/ul>\n<\/div>\n\n\n\n<div class=\"wp-block-cb-slide-v2 cb-slide swiper-slide\">\n<ul class=\"wp-block-list\">\n<li>Diploma otorgado por Planet Finance al Movimiento Manuela Ramos y a Credimujer. Por su apoyo a la ganadora del Premio Medio Ambiente, Lirenza Cardenas Chavez. El evento que recompensa a los microempresarios de excepci\u00f3n venidos de todo el mundo.\u00a0<\/li>\n<\/ul>\n<\/div>\n\n\n\n<div class=\"wp-block-cb-slide-v2 cb-slide swiper-slide\">\n<ul class=\"wp-block-list\">\n<li>Premio a la Excelencia en Microfinanzas otorgado al Movimiento Manuela Ramos, en la categor\u00eda \u201cMejores Pr\u00e1cticas en Desempe\u00f1o Social\u201d en su calidad de finalista. Patrocinado por Foromic y el Fondo Multirateral de Inversiones, miembro del grupo del Banco Interamericano de Desarrollo.\u00a0<\/li>\n<\/ul>\n<\/div>\n\n\n\n<div class=\"wp-block-cb-slide-v2 cb-slide swiper-slide\">\n<ul class=\"wp-block-list\">\n<li>Certificado de reconocimiento 2012 por alcanzar 4 diamantes en el MIX Market, mejorando la transparencia, calidad y confiabilidad de la informaci\u00f3n microfinanciera. Patrocinado por Microfinance Information Exchange y Copeme.\u00a0<\/li>\n<\/ul>\n<\/div>\n\n\n\n<div class=\"wp-block-cb-slide-v2 cb-slide swiper-slide\">\n<ul class=\"wp-block-list\">\n<li>Certificado S.T.A.R 2013 por su compromiso de ser socialmente transparente y responsable, cumple con \u00e9xito los requerimientos del certificado. Patrocinado por Microfinance Information Exchange y Socially Trasnparent and Responsible.\u00a0<\/li>\n<\/ul>\n<\/div>\n\n\n\n<div class=\"wp-block-cb-slide-v2 cb-slide swiper-slide\">\n<ul class=\"wp-block-list\">\n<li>Concurso Experiencias Exitosas ONGD-2015 Premio inclusi\u00f3n en la publicaci\u00f3n del cat\u00e1logo de Reconocimiento de experiencias exitosas de ONGD-Per\u00fa<\/li>\n<\/ul>\n<\/div>\n<\/div><\/div><div class=\"cb-pagination swiper-pagination\"><\/div><div class=\"cb-button-prev swiper-button-prev\"><\/div><div class=\"cb-button-next swiper-button-next\"><\/div><\/div>\n\n\n\n<div style=\"height:32px\" aria-hidden=\"true\" class=\"wp-block-spacer\"><\/div>\n\n\n\n<p>Al cierre del a\u00f1o 2020, pese a la crisis sanitaria y econ\u00f3mica, se facilitaron cr\u00e9ditos por S\/66.1 millones de soles a 26,227 mujeres. El a\u00f1o cerr\u00f3 con una tasa de riesgo de 1.37%, equivalente a S\/. 332,601, y tasa en riesgo interno de 3.57%. Un total de 24,441 mujeres recibieron al menos un tema educativo en el a\u00f1o 2020, gracias a la estrategia microlearning- videos cortos-, que implementamos de manera virtual en cada una de las regiones. Se elaboraron y pusieron en pr\u00e1ctica gu\u00edas y tutoriales para el aprendizaje de herramientas digitales como el Whatsapp, Jiztzy meet y Zoom con el equipo de trabajo y las socias.<\/p>\n<\/div>\n\n\n\n<div class=\"wp-block-group has-global-padding is-layout-constrained wp-block-group-is-layout-constrained\">\n<div style=\"height:81px\" aria-hidden=\"true\" class=\"wp-block-spacer\"><\/div>\n<\/div>","protected":false},"excerpt":{"rendered":"<p>A trav\u00e9s de nuestra Unidad de financiamiento CrediMujer impulsamos la formaci\u00f3n de bancos comunales, con el objetivo de que las mujeres accedan al cr\u00e9dito y cuenten con recursos financieros para implementar negocios que les generen ingresos. Nuestra estrategia combina el micro cr\u00e9dito y la promoci\u00f3n del ahorro con acciones de fortalecimiento de capacidades, informaci\u00f3n y [&hellip;]<\/p>\n","protected":false},"author":1,"featured_media":667,"parent":0,"menu_order":0,"comment_status":"closed","ping_status":"closed","template":"","meta":{"footnotes":""},"class_list":["post-107","page","type-page","status-publish","has-post-thumbnail","hentry"],"_links":{"self":[{"href":"https:\/\/manuela.org.pe\/en\/wp-json\/wp\/v2\/pages\/107","targetHints":{"allow":["GET"]}}],"collection":[{"href":"https:\/\/manuela.org.pe\/en\/wp-json\/wp\/v2\/pages"}],"about":[{"href":"https:\/\/manuela.org.pe\/en\/wp-json\/wp\/v2\/types\/page"}],"author":[{"embeddable":true,"href":"https:\/\/manuela.org.pe\/en\/wp-json\/wp\/v2\/users\/1"}],"replies":[{"embeddable":true,"href":"https:\/\/manuela.org.pe\/en\/wp-json\/wp\/v2\/comments?post=107"}],"version-history":[{"count":22,"href":"https:\/\/manuela.org.pe\/en\/wp-json\/wp\/v2\/pages\/107\/revisions"}],"predecessor-version":[{"id":1441,"href":"https:\/\/manuela.org.pe\/en\/wp-json\/wp\/v2\/pages\/107\/revisions\/1441"}],"wp:featuredmedia":[{"embeddable":true,"href":"https:\/\/manuela.org.pe\/en\/wp-json\/wp\/v2\/media\/667"}],"wp:attachment":[{"href":"https:\/\/manuela.org.pe\/en\/wp-json\/wp\/v2\/media?parent=107"}],"curies":[{"name":"wp","href":"https:\/\/api.w.org\/{rel}","templated":true}]}}