{"id":109,"date":"2025-03-20T12:18:18","date_gmt":"2025-03-20T17:18:18","guid":{"rendered":"https:\/\/manuela.org.pe\/?page_id=109"},"modified":"2026-02-04T08:30:29","modified_gmt":"2026-02-04T13:30:29","slug":"sexualidad-y-autonomia-fisica","status":"publish","type":"page","link":"https:\/\/manuela.org.pe\/en\/sexualidad-y-autonomia-fisica\/","title":{"rendered":"Sexualidad y autonom\u00eda f\u00edsica"},"content":{"rendered":"<div class=\"wp-block-group has-global-padding is-layout-constrained wp-block-group-is-layout-constrained\">\n<p class=\"has-text-align-center\">Promovemos el ejercicio efectivo de los derechos sexuales, derechos reproductivos y una vida libre de violencias, para contribuir en la toma de decisiones y autonom\u00eda sobre el cuerpo y la sexualidad en adolescentes, mujeres en su diversidad y personas LGTBIQ+<\/p>\n\n\n\n<figure class=\"wp-block-embed aligncenter is-type-video is-provider-youtube wp-block-embed-youtube wp-embed-aspect-16-9 wp-has-aspect-ratio\"><div class=\"wp-block-embed__wrapper\">\n<iframe loading=\"lazy\" title=\"Levantemos nuestras voces contra la violencia\" width=\"500\" height=\"281\" src=\"https:\/\/www.youtube.com\/embed\/ZMbfc7-903E?feature=oembed\" frameborder=\"0\" allow=\"accelerometer; autoplay; clipboard-write; encrypted-media; gyroscope; picture-in-picture; web-share\" referrerpolicy=\"strict-origin-when-cross-origin\" allowfullscreen><\/iframe>\n<\/div><\/figure>\n<\/div>\n\n\n\n<div style=\"height:41px\" aria-hidden=\"true\" class=\"wp-block-spacer\"><\/div>\n\n\n\n<div class=\"wp-block-group has-global-padding is-layout-constrained wp-container-core-group-is-layout-3e11c9cf wp-block-group-is-layout-constrained\" style=\"margin-top:0;margin-bottom:0\">\n<h1 class=\"wp-block-heading\">\u00bfQu\u00e9 hacemos?<\/h1>\n\n\n\n<p>Desarrollamos nuestro trabajo a trav\u00e9s de l\u00edneas estrat\u00e9gicas:<\/p>\n\n\n\n<div class=\"wp-block-columns is-layout-flex wp-container-core-columns-is-layout-28f84493 wp-block-columns-is-layout-flex\">\n<div class=\"wp-block-column is-layout-flow wp-block-column-is-layout-flow\">\n<ul class=\"wp-block-list\">\n<li>Promovemos el fortalecimiento de&nbsp;capacidades de adolescentes,&nbsp;j\u00f3venes, mujeres en su diversidad, poblaci\u00f3n LGBTIQ+, para vigilar e incidir en pol\u00edticas y servicios que garanticen el ejercicio de sus derechos sexuales, derechos reproductivos y una vida libre de violencias y sin discriminaci\u00f3n.<\/li>\n<\/ul>\n<\/div>\n\n\n\n<div class=\"wp-block-column is-layout-flow wp-block-column-is-layout-flow\">\n<ul class=\"wp-block-list\">\n<li>Fortalecimiento de capacidades individuales e institucionales para el pensamiento cr\u00edtico, la toma de decisiones y el autocuidado; cuestionando los mandatos sociales que generan desigualdades de g\u00e9nero y las relaciones de poder.<\/li>\n<\/ul>\n<\/div>\n\n\n\n<div class=\"wp-block-column is-layout-flow wp-block-column-is-layout-flow\">\n<ul class=\"wp-block-list\">\n<li>Acompa\u00f1amiento legal y psico-emocional de mujeres en su diversidad que han visto vulnerado sus derechos por parte del Estado, as\u00ed como en su ruta para acceder a servicios p\u00fablicos de calidad.<\/li>\n<\/ul>\n<\/div>\n<\/div>\n\n\n\n<div class=\"wp-block-columns is-layout-flex wp-container-core-columns-is-layout-28f84493 wp-block-columns-is-layout-flex\">\n<div class=\"wp-block-column is-layout-flow wp-block-column-is-layout-flow\">\n<ul class=\"wp-block-list\">\n<li>Integraci\u00f3n y fortalecimiento de redes y articulaciones con organizaciones feministas e instituciones p\u00fablicas y privadas en favor de los derechos sexuales, derechos reproductivos, Educaci\u00f3n Sexual Integral y&nbsp;una vida libre de violencias.<\/li>\n<\/ul>\n<\/div>\n\n\n\n<div class=\"wp-block-column is-layout-flow wp-block-column-is-layout-flow\">\n<ul class=\"wp-block-list\">\n<li>Generaci\u00f3n de conocimiento en el campo de los derechos sexuales, derechos reproductivos, Educaci\u00f3n Sexual Integral y&nbsp;una vida libre de violencias.<\/li>\n<\/ul>\n<\/div>\n\n\n\n<div class=\"wp-block-column is-layout-flow wp-block-column-is-layout-flow\">\n<ul class=\"wp-block-list\">\n<li>Comunicaci\u00f3n, Informaci\u00f3n, sensibilizaci\u00f3n y movilizaci\u00f3n orientada a generar una opini\u00f3n p\u00fablica favorable en torno a los derechos sexuales, derechos reproductivos, Educaci\u00f3n Sexual Integral y&nbsp;una vida libre de violencias.<\/li>\n<\/ul>\n<\/div>\n<\/div>\n<\/div>\n\n\n\n<div style=\"height:41px\" aria-hidden=\"true\" class=\"wp-block-spacer\"><\/div>\n\n\n\n<div class=\"wp-block-group has-background is-layout-flow wp-block-group-is-layout-flow\" style=\"background-color:#563b9b\">\n<div class=\"wp-block-columns has-light-color has-text-color has-background has-link-color wp-elements-8c8f07995b109b67abb898450ceda74f is-layout-flex wp-container-core-columns-is-layout-28f84493 wp-block-columns-is-layout-flex\" style=\"background-color:#563b9b\">\n<div class=\"wp-block-column is-layout-flow wp-block-column-is-layout-flow\" style=\"flex-basis:50%\">\n<div style=\"height:59px\" aria-hidden=\"true\" class=\"wp-block-spacer\"><\/div>\n\n\n\n<h1 class=\"wp-block-heading has-light-color has-text-color has-link-color wp-elements-66d72d5403ff4b92c1e357335e8595db\">\u00bfCon qui\u00e9nes trabajamos?<\/h1>\n\n\n\n<p class=\"has-light-color has-text-color has-link-color wp-elements-d28be770fe12829759d75423d5f58c03\">Desarrollamos nuestras intervenciones desde hace 25 a\u00f1os en distritos periurbanos y rurales en Ayacucho, Ucayali y Lima.<\/p>\n\n\n\n<ul class=\"wp-block-list\">\n<li class=\"has-light-color has-text-color has-link-color wp-elements-dff6b375fea3905029e44f6b4539e688\">Adolescentes, j\u00f3venes, mujeres en su diversidad, poblaci\u00f3n LGTBIQ+<\/li>\n\n\n\n<li class=\"has-light-color has-text-color has-link-color wp-elements-be82659c726373bf4663737da65ffa9b\">Organizaciones de j\u00f3venes, mujeres en su diversidad, colectivos&nbsp;LGTBIQ+<\/li>\n\n\n\n<li class=\"has-light-color has-text-color has-link-color wp-elements-b0b75d87dbd3abf78cd30f7b48442d5e\">Personal de salud y educaci\u00f3n, operadores de justicia<\/li>\n\n\n\n<li class=\"has-light-color has-text-color has-link-color wp-elements-a0867815514520662e4eababd1e91107\">Autoridades y funcionarios\/as de gobiernos regionales, gobiernos locales<\/li>\n\n\n\n<li class=\"has-light-color has-text-color has-link-color wp-elements-08e5cfbb95920d75562a155255f05178\">Redes y articulaciones sobre Educaci\u00f3n Sexual Integral y derechos sexuales reproductivos del \u00e1mbito local y nacional<\/li>\n<\/ul>\n<\/div>\n\n\n\n<div class=\"wp-block-column is-vertically-aligned-center is-layout-flow wp-block-column-is-layout-flow\" style=\"flex-basis:50%\">\n<figure class=\"wp-block-gallery has-nested-images columns-default is-cropped wp-block-gallery-1 is-layout-flex wp-block-gallery-is-layout-flex\">\n<figure class=\"wp-block-image size-large\"><img loading=\"lazy\" decoding=\"async\" width=\"600\" height=\"400\" data-id=\"680\" src=\"https:\/\/manuela.org.pe\/wp-content\/uploads\/2025\/04\/programa-sexualidad-600.jpg\" alt=\"\" class=\"wp-image-680\" srcset=\"https:\/\/manuela.org.pe\/wp-content\/uploads\/2025\/04\/programa-sexualidad-600.jpg 600w, https:\/\/manuela.org.pe\/wp-content\/uploads\/2025\/04\/programa-sexualidad-600-300x200.jpg 300w, https:\/\/manuela.org.pe\/wp-content\/uploads\/2025\/04\/programa-sexualidad-600-18x12.jpg 18w\" sizes=\"auto, (max-width: 600px) 100vw, 600px\" \/><\/figure>\n<\/figure>\n<\/div>\n<\/div>\n\n\n\n<div class=\"wp-block-columns has-background is-layout-flex wp-container-core-columns-is-layout-28f84493 wp-block-columns-is-layout-flex\" style=\"background-color:#563b9b\">\n<div class=\"wp-block-column is-layout-flow wp-block-column-is-layout-flow\">\n<figure class=\"wp-block-image size-large\"><img loading=\"lazy\" decoding=\"async\" width=\"1024\" height=\"683\" src=\"https:\/\/manuela.org.pe\/wp-content\/uploads\/2026\/02\/3-SAF-1024x683.jpg\" alt=\"\" class=\"wp-image-1369\" srcset=\"https:\/\/manuela.org.pe\/wp-content\/uploads\/2026\/02\/3-SAF-1024x683.jpg 1024w, https:\/\/manuela.org.pe\/wp-content\/uploads\/2026\/02\/3-SAF-300x200.jpg 300w, https:\/\/manuela.org.pe\/wp-content\/uploads\/2026\/02\/3-SAF-768x512.jpg 768w, https:\/\/manuela.org.pe\/wp-content\/uploads\/2026\/02\/3-SAF-1536x1024.jpg 1536w, https:\/\/manuela.org.pe\/wp-content\/uploads\/2026\/02\/3-SAF-18x12.jpg 18w, https:\/\/manuela.org.pe\/wp-content\/uploads\/2026\/02\/3-SAF.jpg 2048w\" sizes=\"auto, (max-width: 1024px) 100vw, 1024px\" \/><\/figure>\n<\/div>\n\n\n\n<div class=\"wp-block-column is-layout-flow wp-block-column-is-layout-flow\">\n<figure class=\"wp-block-image size-large\"><img loading=\"lazy\" decoding=\"async\" width=\"2048\" height=\"1365\" src=\"https:\/\/manuela.org.pe\/wp-content\/uploads\/2026\/02\/2-SAF-edited.jpg\" alt=\"\" class=\"wp-image-1380\" srcset=\"https:\/\/manuela.org.pe\/wp-content\/uploads\/2026\/02\/2-SAF-edited.jpg 2048w, https:\/\/manuela.org.pe\/wp-content\/uploads\/2026\/02\/2-SAF-edited-300x200.jpg 300w, https:\/\/manuela.org.pe\/wp-content\/uploads\/2026\/02\/2-SAF-edited-1024x683.jpg 1024w, https:\/\/manuela.org.pe\/wp-content\/uploads\/2026\/02\/2-SAF-edited-768x512.jpg 768w, https:\/\/manuela.org.pe\/wp-content\/uploads\/2026\/02\/2-SAF-edited-1536x1024.jpg 1536w, https:\/\/manuela.org.pe\/wp-content\/uploads\/2026\/02\/2-SAF-edited-18x12.jpg 18w\" sizes=\"auto, (max-width: 2048px) 100vw, 2048px\" \/><\/figure>\n\n\n\n<div style=\"height:59px\" aria-hidden=\"true\" class=\"wp-block-spacer\"><\/div>\n<\/div>\n\n\n\n<div class=\"wp-block-column is-layout-flow wp-block-column-is-layout-flow\">\n<figure class=\"wp-block-image size-large\"><img loading=\"lazy\" decoding=\"async\" width=\"1350\" height=\"900\" src=\"https:\/\/manuela.org.pe\/wp-content\/uploads\/2026\/02\/1-SAF-edited.jpg\" alt=\"\" class=\"wp-image-1382\" srcset=\"https:\/\/manuela.org.pe\/wp-content\/uploads\/2026\/02\/1-SAF-edited.jpg 1350w, https:\/\/manuela.org.pe\/wp-content\/uploads\/2026\/02\/1-SAF-edited-300x200.jpg 300w, https:\/\/manuela.org.pe\/wp-content\/uploads\/2026\/02\/1-SAF-edited-1024x683.jpg 1024w, https:\/\/manuela.org.pe\/wp-content\/uploads\/2026\/02\/1-SAF-edited-768x512.jpg 768w, https:\/\/manuela.org.pe\/wp-content\/uploads\/2026\/02\/1-SAF-edited-18x12.jpg 18w\" sizes=\"auto, (max-width: 1350px) 100vw, 1350px\" \/><\/figure>\n<\/div>\n<\/div>\n<\/div>\n\n\n\n<div style=\"margin-top:0;margin-bottom:0;height:56px\" aria-hidden=\"true\" class=\"wp-block-spacer\"><\/div>\n\n\n\n<div class=\"wp-block-group has-global-padding is-layout-constrained wp-container-core-group-is-layout-3e11c9cf wp-block-group-is-layout-constrained\" style=\"margin-top:0;margin-bottom:0\">\n<h1 class=\"wp-block-heading\">L\u00edneas estrat\u00e9gicas<\/h1>\n\n\n\n<p>Nos organizamos a trav\u00e9s de proyectos que ejecutamos de acuerdo a nuestras l\u00edneas estrat\u00e9gicas.&nbsp;Proyectos en ejecuci\u00f3n:<\/p>\n\n\n\n<div class=\"wp-block-columns is-layout-flex wp-container-core-columns-is-layout-28f84493 wp-block-columns-is-layout-flex\">\n<div class=\"wp-block-column is-layout-flow wp-block-column-is-layout-flow\">\n<ul class=\"wp-block-list\">\n<li><strong>\u201cEmpoderamiento de las mujeres ind\u00edgenas defensoras eco territoriales de la Amazon\u00eda peruana\u201d&nbsp;<\/strong>ejecutado en alianza con Medicus Mundi Gipuskuoa, con el financiamiento de la Agencia Vasca para el Desarrollo&nbsp;<\/li>\n<\/ul>\n<\/div>\n\n\n\n<div class=\"wp-block-column is-layout-flow wp-block-column-is-layout-flow\">\n<ul class=\"wp-block-list\">\n<li><strong>\u201cEmpoderamiento de lideresas y redes feministas para la defensa de los DDSSRR y la lucha contra la violencia machista en Per\u00fa\u201d&nbsp;<\/strong>ejecutado en alianza con Medicus Mundi Gipuskuoa, con el financiamiento de la Agencia Vasca para el Desarrollo&nbsp;<\/li>\n<\/ul>\n<\/div>\n\n\n\n<div class=\"wp-block-column is-layout-flow wp-block-column-is-layout-flow\">\n<ul class=\"wp-block-list\">\n<li><strong>\u201cFortaleciendo las redes locales para la incidencia y la defensa de la ESI como estrategia clave para el empoderamiento, la garant\u00eda de los derechos sexuales y reproductivos y el derecho a una vida libre de violencia machista el Per\u00fa\u201d<\/strong> ejecutado en alianza con Medicus Mundi Gipuskuoa, con el financiamiento del Ayuntamiento de San Sebasti\u00e1n&nbsp;&nbsp;<\/li>\n<\/ul>\n<\/div>\n<\/div>\n\n\n\n<div class=\"wp-block-columns is-layout-flex wp-container-core-columns-is-layout-28f84493 wp-block-columns-is-layout-flex\">\n<div class=\"wp-block-column is-layout-flow wp-block-column-is-layout-flow\">\n<ul class=\"wp-block-list\">\n<li><strong>\u201cEmpoderando a lideresas sociales y redes feministas para defender los DDSSRR y resistir los fundamentalismos\u201d <\/strong>ejecutado en alianza con Medicus Mundi Gipuskuoa, con el financiamiento de la Agencia Vasca para el Desarrollo&nbsp;&nbsp;<\/li>\n<\/ul>\n<\/div>\n\n\n\n<div class=\"wp-block-column is-layout-flow wp-block-column-is-layout-flow\">\n<ul class=\"wp-block-list\">\n<li><strong>\u201cFortaleciendo liderazgos juveniles para prevenir el embarazo adolescente y promover derechos sexuales y reproductivos en contextos de restricciones a la participaci\u00f3n de la sociedad civil organizada\u201d<\/strong>&nbsp;ejecutado con el financiamiento de Pan para el Mundo.&nbsp;<\/li>\n<\/ul>\n<\/div>\n\n\n\n<div class=\"wp-block-column is-layout-flow wp-block-column-is-layout-flow\"><\/div>\n<\/div>\n<\/div>\n\n\n\n<div style=\"height:63px\" aria-hidden=\"true\" class=\"wp-block-spacer\"><\/div>\n\n\n\n<div style=\"height:70px\" aria-hidden=\"true\" class=\"wp-block-spacer\"><\/div>\n\n\n\n<div class=\"wp-block-group has-global-padding is-layout-constrained wp-container-core-group-is-layout-3e11c9cf wp-block-group-is-layout-constrained\" style=\"margin-top:0;margin-bottom:0\">\n<h1 class=\"wp-block-heading\">Logros<\/h1>\n\n\n\n<div class=\"wp-block-cb-carousel-v2 cb-carousel-block\" data-cb-slides-per-view=\"1\" data-cb-slides-per-group=\"1\" data-cb-space-between=\"15\" data-cb-speed=\"300\" data-cb-navigation=\"true\" data-cb-pagination=\"true\" data-cb-breakpoints=\"{&quot;768&quot;:{&quot;slidesPerView&quot;:3,&quot;slidesPerGroup&quot;:1}}\"><div class=\"swiper\"><div class=\"cb-wrapper swiper-wrapper\">\n<div class=\"wp-block-cb-slide-v2 cb-slide swiper-slide\">\n<ul class=\"wp-block-list\">\n<li>5,033 adolescentes (60% mujeres) de Lima, Ayacucho, Ucayali mejoran sus conocimiento en salud sexual reproductiva para el ejercicio de una sexualidad informada, responsable y&nbsp;sin violencia.&nbsp;&nbsp;<\/li>\n<\/ul>\n<\/div>\n\n\n\n<div class=\"wp-block-cb-slide-v2 cb-slide swiper-slide\">\n<ul class=\"wp-block-list\">\n<li>62 Adolescentes, 85 mujeres de organizaciones, 44 j\u00f3venes en su diversidad&nbsp;empoderados\/as en sus derechos realizan la vigilancia a los servicios de salud sexual reproductiva,&nbsp;servicios de atenci\u00f3n a la violencia&nbsp; y&nbsp; desarrollan acciones de incidencia con autoridades para presentar sus demandas de&nbsp; mejora de los servicios de salud sexual reproductiva y la Educaci\u00f3n Sexual Integral.&nbsp;<\/li>\n<\/ul>\n<\/div>\n\n\n\n<div class=\"wp-block-cb-slide-v2 cb-slide swiper-slide\">\n<ul class=\"wp-block-list\">\n<li>582 madres y padres de las tres regiones, sensibilizados\/as valoran y mejoran su dialogo sobre sexualidad con sus hijas\/os.&nbsp;<\/li>\n<\/ul>\n<\/div>\n\n\n\n<div class=\"wp-block-cb-slide-v2 cb-slide swiper-slide\">\n<ul class=\"wp-block-list\">\n<li>869 mujeres de organizaciones en su diversidad&nbsp;&nbsp; han fortalecido sus capacidades en salud sexual reproductiva y el derecho a una vida libre de violencia.&nbsp;<\/li>\n<\/ul>\n<\/div>\n\n\n\n<div class=\"wp-block-cb-slide-v2 cb-slide swiper-slide\">\n<ul class=\"wp-block-list\">\n<li>202 Autoridades de todos los niveles, funcionarios\/as, proveedores\/as de salud con capacidades fortalecidas implementan pol\u00edticas y programas de educaci\u00f3n sexual integral, salud sexual y reproductiva, prevenci\u00f3n y atenci\u00f3n de la violencia de g\u00e9nero incluida la violencia sexual.&nbsp;<\/li>\n<\/ul>\n<\/div>\n\n\n\n<div class=\"wp-block-cb-slide-v2 cb-slide swiper-slide\">\n<ul class=\"wp-block-list\">\n<li>2000 j\u00f3venes hombres y mujeres de espacios juveniles y acad\u00e9micos sensibilizados para el ejercicio de sus DDSSRR, el derecho a una vida libre de violencias.&nbsp;<\/li>\n<\/ul>\n<\/div>\n\n\n\n<div class=\"wp-block-cb-slide-v2 cb-slide swiper-slide\">\n<ul class=\"wp-block-list\">\n<li>18 organizaciones de mujeres y j\u00f3venes en su diversidad; en las tres regiones y se movilizan por la defensa de los DDSSRR, enfoque de g\u00e9nero y la prevenci\u00f3n de la violencia y la Educaci\u00f3n sexual integral.<\/li>\n<\/ul>\n<\/div>\n<\/div><\/div><div class=\"cb-pagination swiper-pagination\"><\/div><div class=\"cb-button-prev swiper-button-prev\"><\/div><div class=\"cb-button-next swiper-button-next\"><\/div><\/div>\n<\/div>\n\n\n\n<div class=\"wp-block-group has-global-padding is-layout-constrained wp-block-group-is-layout-constrained\">\n<div style=\"height:81px\" aria-hidden=\"true\" class=\"wp-block-spacer\"><\/div>\n\n\n\n<figure class=\"wp-block-embed aligncenter is-type-video is-provider-youtube wp-block-embed-youtube wp-embed-aspect-16-9 wp-has-aspect-ratio\" style=\"margin-right:var(--wp--preset--spacing--20);margin-left:var(--wp--preset--spacing--20)\"><div class=\"wp-block-embed__wrapper\">\n<iframe loading=\"lazy\" title=\"Visita a la Comunidad Nativa de Limongena, en Ucayali\" width=\"500\" height=\"281\" src=\"https:\/\/www.youtube.com\/embed\/_uVkdvyMzL8?feature=oembed\" frameborder=\"0\" allow=\"accelerometer; autoplay; clipboard-write; encrypted-media; gyroscope; picture-in-picture; web-share\" referrerpolicy=\"strict-origin-when-cross-origin\" allowfullscreen><\/iframe>\n<\/div><\/figure>\n\n\n\n<div style=\"height:81px\" aria-hidden=\"true\" class=\"wp-block-spacer\"><\/div>\n<\/div>\n\n\n\n<div class=\"wp-block-group has-global-padding is-layout-constrained wp-container-core-group-is-layout-3e11c9cf wp-block-group-is-layout-constrained\" style=\"margin-top:0;margin-bottom:0\">\n<h1 class=\"wp-block-heading\">Resultados<\/h1>\n\n\n\n<div class=\"wp-block-columns is-layout-flex wp-container-core-columns-is-layout-28f84493 wp-block-columns-is-layout-flex\">\n<div class=\"wp-block-column is-layout-flow wp-block-column-is-layout-flow\">\n<ul class=\"wp-block-list\">\n<li>Se desarroll\u00f3 e implement\u00f3 con \u00e9xito un modelo de intervenci\u00f3n en Educaci\u00f3n Sexual Integral (ESI) en 16 instituciones educativas de Lima, Ayacucho, Ucayali, fortaleciendo las capacidades pedag\u00f3gicas de los docentes, promoviendo entornos escolares seguros y respetuosos, y mejorando el acceso de estudiantes a informaci\u00f3n cient\u00edfica, inclusiva y contextualizada sobre sexualidad.&nbsp;<\/li>\n<\/ul>\n<\/div>\n\n\n\n<div class=\"wp-block-column is-layout-flow wp-block-column-is-layout-flow\">\n<ul class=\"wp-block-list\">\n<li>Se logr\u00f3 fortalecer los lazos de identidad, liderazgo y organizaci\u00f3n entre mujeres ind\u00edgenas de la Amazon\u00eda, generando un espacio de di\u00e1logo intercultural para el intercambio de saberes, la defensa de sus derechos colectivos, y la construcci\u00f3n de propuestas para la protecci\u00f3n de sus territorios, su autonom\u00eda y su rol protag\u00f3nico en la toma de decisiones.&nbsp;<\/li>\n<\/ul>\n<\/div>\n\n\n\n<div class=\"wp-block-column is-layout-flow wp-block-column-is-layout-flow\">\n<ul class=\"wp-block-list\">\n<li>Se garantiz\u00f3 el acceso de 16 ni\u00f1as ind\u00edgenas a servicios integrales de salud sexual y reproductiva (SSRR) y a atenci\u00f3n oportuna frente a situaciones de violencia sexual, promoviendo el respeto a sus derechos, la atenci\u00f3n intercultural y la protecci\u00f3n de su integridad f\u00edsica y emocional.&nbsp;&nbsp;<\/li>\n<\/ul>\n<\/div>\n<\/div>\n\n\n\n<div class=\"wp-block-columns is-layout-flex wp-container-core-columns-is-layout-28f84493 wp-block-columns-is-layout-flex\">\n<div class=\"wp-block-column is-layout-flow wp-block-column-is-layout-flow\">\n<ul class=\"wp-block-list\">\n<li>Se aprob\u00f3 el Protocolo Base de Actuaci\u00f3n Conjunta contextualizado a la realidad de la regi\u00f3n Ayacucho, en un proceso liderado por la Instancia Regional de Concertaci\u00f3n, fortaleciendo la articulaci\u00f3n interinstitucional para la prevenci\u00f3n, atenci\u00f3n y protecci\u00f3n frente a la violencia de g\u00e9nero. Se logr\u00f3 la aprobaci\u00f3n de dos Estatutos comunales en Ucayali que incorporan de manera expl\u00edcita la participaci\u00f3n activa de las mujeres en los espacios de toma de decisiones y mecanismos para la prevenci\u00f3n de la violencia, fortaleciendo la gobernanza ind\u00edgena con enfoque de g\u00e9nero y derechos.&nbsp;<\/li>\n<\/ul>\n<\/div>\n\n\n\n<div class=\"wp-block-column is-layout-flow wp-block-column-is-layout-flow\">\n<ul class=\"wp-block-list\">\n<li>Se obtuvo la aprobaci\u00f3n de la Sentencia N.\u00b0 086-2024 \u2013 2JR que autoriza el cambio de nombre de una persona joven trans ayacuchana, marcando un precedente legal importante para el reconocimiento del derecho a la identidad de g\u00e9nero en la regi\u00f3n.&nbsp;<\/li>\n<\/ul>\n<\/div>\n\n\n\n<div class=\"wp-block-column is-layout-flow wp-block-column-is-layout-flow\"><\/div>\n<\/div>\n<\/div>","protected":false},"excerpt":{"rendered":"<p>Promovemos el ejercicio efectivo de los derechos sexuales, derechos reproductivos y una vida libre de violencias, para contribuir en la toma de decisiones y autonom\u00eda sobre el cuerpo y la sexualidad en adolescentes, mujeres en su diversidad y personas LGTBIQ+ \u00bfQu\u00e9 hacemos? Desarrollamos nuestro trabajo a trav\u00e9s de l\u00edneas estrat\u00e9gicas: \u00bfCon qui\u00e9nes trabajamos? Desarrollamos nuestras [&hellip;]<\/p>\n","protected":false},"author":1,"featured_media":667,"parent":0,"menu_order":0,"comment_status":"closed","ping_status":"closed","template":"","meta":{"footnotes":""},"class_list":["post-109","page","type-page","status-publish","has-post-thumbnail","hentry"],"_links":{"self":[{"href":"https:\/\/manuela.org.pe\/en\/wp-json\/wp\/v2\/pages\/109","targetHints":{"allow":["GET"]}}],"collection":[{"href":"https:\/\/manuela.org.pe\/en\/wp-json\/wp\/v2\/pages"}],"about":[{"href":"https:\/\/manuela.org.pe\/en\/wp-json\/wp\/v2\/types\/page"}],"author":[{"embeddable":true,"href":"https:\/\/manuela.org.pe\/en\/wp-json\/wp\/v2\/users\/1"}],"replies":[{"embeddable":true,"href":"https:\/\/manuela.org.pe\/en\/wp-json\/wp\/v2\/comments?post=109"}],"version-history":[{"count":39,"href":"https:\/\/manuela.org.pe\/en\/wp-json\/wp\/v2\/pages\/109\/revisions"}],"predecessor-version":[{"id":1413,"href":"https:\/\/manuela.org.pe\/en\/wp-json\/wp\/v2\/pages\/109\/revisions\/1413"}],"wp:featuredmedia":[{"embeddable":true,"href":"https:\/\/manuela.org.pe\/en\/wp-json\/wp\/v2\/media\/667"}],"wp:attachment":[{"href":"https:\/\/manuela.org.pe\/en\/wp-json\/wp\/v2\/media?parent=109"}],"curies":[{"name":"wp","href":"https:\/\/api.w.org\/{rel}","templated":true}]}}