{"id":111,"date":"2025-03-20T12:18:41","date_gmt":"2025-03-20T17:18:41","guid":{"rendered":"https:\/\/manuela.org.pe\/?page_id=111"},"modified":"2026-02-04T08:55:10","modified_gmt":"2026-02-04T13:55:10","slug":"poder-y-politicas","status":"publish","type":"page","link":"https:\/\/manuela.org.pe\/en\/poder-y-politicas\/","title":{"rendered":"Poder y pol\u00edticas"},"content":{"rendered":"<div class=\"wp-block-group has-global-padding is-layout-constrained wp-block-group-is-layout-constrained\">\n<p class=\"has-text-align-center\">Contribuimos al pleno ejercicio de los derechos pol\u00edticos de las mujeres en toda su diversidad, libre de acoso pol\u00edtico, con paridad y alternancia y a la adopci\u00f3n\/implementaci\u00f3n de pol\u00edticas p\u00fablicas para la igualdad de g\u00e9nero y no discriminaci\u00f3n, en el marco del fortalecimiento de la institucionalidad democr\u00e1tica del Per\u00fa. En esa l\u00ednea, promovemos el empoderamiento y los liderazgos sociales de las mujeres, impulsamos iniciativas legislativas y de pol\u00edticas p\u00fablicas que garanticen los derechos humanos de las mujeres en los niveles nacional, regional y local, con \u00e9nfasis en el derecho a la participaci\u00f3n y representaci\u00f3n pol\u00edtica paritaria, el derecho a los cuidados y vida libre de violencias.&nbsp;<\/p>\n\n\n\n<p>Parte fundamental de nuestro trabajo es aportar al fortalecimiento de capacidades de las mujeres como titulares de derechos, para el ejercicio de sus derechos y el acceso a la ruta de atenci\u00f3n de las violencias machistas, as\u00ed como para la implementaci\u00f3n de estrategias de vigilancia ciudadana comunitaria e incidencia pol\u00edtica, cuyas recomendaciones contribuyen a mejorar los servicios en los territorios donde se trabaja en articulaci\u00f3n p\u00fablico-privado, multiactor y multinivel. Abordamos tambi\u00e9n el trabajo de cuidados que asumen las mujeres de manera desigual, no reconocido y no valorado.&nbsp;&nbsp;<\/p>\n\n\n\n<p class=\"has-text-align-center\">Impulsamos y aportamos a la reforma del sistema pol\u00edtico y electoral a trav\u00e9s de la campa\u00f1a nacional \u201cSomos la mitad, queremos paridad sin acoso pol\u00edtico\u201d, que desarrollamos conjuntamente con el CMP Flora Trist\u00e1n en alianza con la Red Nacional de Mujeres Autoridades del Per\u00fa-RENAMA.&nbsp;<\/p>\n\n\n\n<figure class=\"wp-block-embed aligncenter is-type-video is-provider-youtube wp-block-embed-youtube wp-embed-aspect-16-9 wp-has-aspect-ratio\"><div class=\"wp-block-embed__wrapper\">\n<iframe loading=\"lazy\" title=\"D\u00eda Internacional de la Mujer 2023 - Acobamba, Huancavelica\" width=\"500\" height=\"281\" src=\"https:\/\/www.youtube.com\/embed\/EXMPNwiUln4?feature=oembed\" frameborder=\"0\" allow=\"accelerometer; autoplay; clipboard-write; encrypted-media; gyroscope; picture-in-picture; web-share\" referrerpolicy=\"strict-origin-when-cross-origin\" allowfullscreen><\/iframe>\n<\/div><\/figure>\n<\/div>\n\n\n\n<div style=\"height:41px\" aria-hidden=\"true\" class=\"wp-block-spacer\"><\/div>\n\n\n\n<div class=\"wp-block-group has-global-padding is-layout-constrained wp-container-core-group-is-layout-3e11c9cf wp-block-group-is-layout-constrained\" style=\"margin-top:0;margin-bottom:0\">\n<h1 class=\"wp-block-heading\">\u00bfQu\u00e9 hacemos?<\/h1>\n\n\n\n<div class=\"wp-block-columns is-layout-flex wp-container-core-columns-is-layout-28f84493 wp-block-columns-is-layout-flex\">\n<div class=\"wp-block-column is-layout-flow wp-block-column-is-layout-flow\">\n<p>Trabajamos a trav\u00e9s de proyectos que nos permiten alcanzar los objetivos que tenemos como programa dentro de Manuela Ramos.<\/p>\n\n\n\n<p><strong>Voz y Liderazgo de las Mujeres-VLM<\/strong>. Proyecto desarrollado conjuntamente con DEMUS, CMP Flora Trist\u00e1n Organizaci\u00f3n Nacional de Mujeres Ind\u00edgenas Andinas y Amaz\u00f3nicas del Per\u00fa (ONAMIAP) y el Movimiento Manuela Ramos, en 14 departamentos del Per\u00fa con el objetivo de fortalecer los liderazgos feministas y las organizaciones y colectivas. Se ejecuta con CUSO International y el financiamiento del Gobierno de Canad\u00e1.<\/p>\n\n\n\n<p><strong>Mujeres, organizaciones y autoridades mejoran las condiciones en sus comunidades para favorecer el ejercicio y vigencia del derecho a una vida libre de violencias contra las mujeres en Ayacucho y Huancavelica<\/strong>. Ejecutado como socia local de la Fundaci\u00f3n InteRed, con el financiamiento de la Agencia Andaluza de Cooperaci\u00f3n Internacional para el Desarrollo (AACID). Se busca fortalecer la construcci\u00f3n de un sistema local con enfoque territorial para la prevenci\u00f3n, sanci\u00f3n y erradicaci\u00f3n de las violencias contra las mujeres, convocando y movilizando a autoridades, operadoras\/es de los servicios de la ruta de atenci\u00f3n, fortaleciendo factores protectores en las mujeres en lo personal y organizacional.<\/p>\n<\/div>\n\n\n\n<div class=\"wp-block-column is-layout-flow wp-block-column-is-layout-flow\">\n<p> As\u00ed tambi\u00e9n reforzar la articulaci\u00f3n horizontal y vertical entre las autoridades de justicia, comunales y estatales y establecimiento de pautas y mecanismos de coordinaci\u00f3n, considerando las particularidades de los diferentes niveles territoriales: comunal, distrital, provincial y regional.<\/p>\n\n\n\n<p><strong>Contribuyendo a la prevenci\u00f3n, sanci\u00f3n y erradicaci\u00f3n del acoso pol\u00edtico y acoso sexual callejero contra las mujeres como modalidades de violencia de g\u00e9nero en el \u00e1mbito p\u00fablico en Puno, Per\u00fa<\/strong>. Ejecutado como socia local de la Fundaci\u00f3n InteRed con el financiamiento de la Generalitat Valenciana. Se busca contribuir a la realizaci\u00f3n del derecho de las mujeres a una vida libre de violencias de g\u00e9nero, en los \u00e1mbitos privado y p\u00fablico en Puno, Per\u00fa, en el marco de la implementaci\u00f3n del ODS5 a trav\u00e9s del empoderamiento y participaci\u00f3n organizada de mujeres l\u00edderes y j\u00f3venes para enfrentar las violencias de g\u00e9nero en el espacio p\u00fablico (acoso pol\u00edtico y acoso sexual callejero) en Puno, Az\u00e1ngaro y Lampa, provincias del departamento de Puno.<\/p>\n\n\n\n<p><strong>Somos la mitad, queremos paridad.<\/strong><\/p>\n<\/div>\n<\/div>\n<\/div>\n\n\n\n<div style=\"height:41px\" aria-hidden=\"true\" class=\"wp-block-spacer\"><\/div>\n\n\n\n<div class=\"wp-block-group has-background is-layout-flow wp-block-group-is-layout-flow\" style=\"background-color:#563b9b\">\n<div class=\"wp-block-columns has-light-color has-text-color has-background has-link-color wp-elements-d047d2343b9211593c04761850dab07c is-layout-flex wp-container-core-columns-is-layout-59079b25 wp-block-columns-is-layout-flex\" style=\"background-color:#563b9b;padding-top:var(--wp--preset--spacing--80);padding-right:var(--wp--preset--spacing--80);padding-bottom:var(--wp--preset--spacing--80);padding-left:var(--wp--preset--spacing--80)\">\n<div class=\"wp-block-column is-layout-flow wp-block-column-is-layout-flow\" style=\"flex-basis:50%\">\n<div style=\"height:59px\" aria-hidden=\"true\" class=\"wp-block-spacer\"><\/div>\n\n\n\n<h1 class=\"wp-block-heading has-light-color has-text-color has-link-color wp-elements-66d72d5403ff4b92c1e357335e8595db\">\u00bfCon qui\u00e9nes trabajamos?<\/h1>\n\n\n\n<p class=\"has-light-color has-text-color has-link-color wp-elements-faedd24b8ff18a1e943cfc8488156a72\">Nuestro trabajo tiene cobertura nacional y territorialmente trabajamos en Ayacucho, en la provincia de Acobamba (Huancavelica), en Puno (provincias de Puno, San Rom\u00e1n y Az\u00e1ngaro) y en el distrito de Independencia (Lima Metropolitana). Trabajamos con:<\/p>\n\n\n\n<ul class=\"wp-block-list\">\n<li class=\"has-light-color has-text-color has-link-color wp-elements-142b461ae4fd27300583e7f70f780106\">Con titulares de derechos: mujeres j\u00f3venes y adultas, de \u00e1reas urbanas, periurbanas, rurales y de pueblos ind\u00edgenas\/originarios, para el ejercicio de sus derechos pol\u00edticos y vida libre de violencias de g\u00e9nero.&nbsp;&nbsp;<\/li>\n\n\n\n<li>Con titulares de obligaciones, autoridades, funcionarias\/os y responsables de los servicios de la ruta de atenci\u00f3n de las violencias, fortaleciendo sus capacidades para el cumplimiento de sus funciones con debida diligencia, garant\u00edas de no repetici\u00f3n y desde los enfoques de derechos, interculturalidad, g\u00e9nero e interseccionalidad.&nbsp;<\/li>\n\n\n\n<li>Con titulares de responsabilidades, periodistas, comunicadoras\/es para el tratamiento noticioso de las violencias contra las mujeres sin estereotipos de g\u00e9nero ni revictimizaci\u00f3n y con est\u00e1ndares de derechos humanos de las mujeres.&nbsp;<\/li>\n\n\n\n<li>Con organizaciones de mujeres urbanas, periurbanas, ind\u00edgenas, colectivas feministas y redes de mujeres autoridades.&nbsp;<\/li>\n\n\n\n<li>Con instancias de concertaci\u00f3n regional, provincial y distrital para prevenir, sancionar y erradicar la violencia contra las mujeres e integrantes del grupo familiar integradas por autoridades de los servicios de la ruta de atenci\u00f3n de las violencias de g\u00e9nero.&nbsp;&nbsp;<\/li>\n\n\n\n<li>Con grupos de hombres que activan frente al acoso sexual en espacios p\u00fablicos y por la corresponsabilidad igualitaria de los cuidados&nbsp;<\/li>\n\n\n\n<li class=\"has-light-color has-text-color has-link-color wp-elements-c74522a7b9f8e1800be3c51c8de78c73\">Con j\u00f3venes, mujeres y hombres que se desarrollan estrategias de activismo juvenil feminista <em>por igualdad y no discriminaci\u00f3n<\/em>.&nbsp;<\/li>\n<\/ul>\n\n\n\n<div style=\"height:59px\" aria-hidden=\"true\" class=\"wp-block-spacer\"><\/div>\n<\/div>\n\n\n\n<div class=\"wp-block-column is-vertically-aligned-center is-layout-flow wp-block-column-is-layout-flow\" style=\"flex-basis:50%\">\n<figure class=\"wp-block-gallery has-nested-images columns-1 is-cropped wp-block-gallery-1 is-layout-flex wp-block-gallery-is-layout-flex\">\n<figure class=\"wp-block-image size-large\"><img loading=\"lazy\" decoding=\"async\" width=\"1156\" height=\"771\" data-id=\"1421\" src=\"https:\/\/manuela.org.pe\/wp-content\/uploads\/2026\/02\/1-Poder-y-Politicas-edited.jpg\" alt=\"\" class=\"wp-image-1421\" srcset=\"https:\/\/manuela.org.pe\/wp-content\/uploads\/2026\/02\/1-Poder-y-Politicas-edited.jpg 1156w, https:\/\/manuela.org.pe\/wp-content\/uploads\/2026\/02\/1-Poder-y-Politicas-edited-300x200.jpg 300w, https:\/\/manuela.org.pe\/wp-content\/uploads\/2026\/02\/1-Poder-y-Politicas-edited-1024x683.jpg 1024w, https:\/\/manuela.org.pe\/wp-content\/uploads\/2026\/02\/1-Poder-y-Politicas-edited-768x512.jpg 768w, https:\/\/manuela.org.pe\/wp-content\/uploads\/2026\/02\/1-Poder-y-Politicas-edited-18x12.jpg 18w\" sizes=\"auto, (max-width: 1156px) 100vw, 1156px\" \/><\/figure>\n\n\n\n<figure class=\"wp-block-image size-large\"><img loading=\"lazy\" decoding=\"async\" width=\"1600\" height=\"1066\" data-id=\"1422\" src=\"https:\/\/manuela.org.pe\/wp-content\/uploads\/2026\/02\/2-Poder-y-Politicas-edited.jpg\" alt=\"\" class=\"wp-image-1422\" srcset=\"https:\/\/manuela.org.pe\/wp-content\/uploads\/2026\/02\/2-Poder-y-Politicas-edited.jpg 1600w, https:\/\/manuela.org.pe\/wp-content\/uploads\/2026\/02\/2-Poder-y-Politicas-edited-300x200.jpg 300w, https:\/\/manuela.org.pe\/wp-content\/uploads\/2026\/02\/2-Poder-y-Politicas-edited-1024x682.jpg 1024w, https:\/\/manuela.org.pe\/wp-content\/uploads\/2026\/02\/2-Poder-y-Politicas-edited-768x512.jpg 768w, https:\/\/manuela.org.pe\/wp-content\/uploads\/2026\/02\/2-Poder-y-Politicas-edited-1536x1023.jpg 1536w, https:\/\/manuela.org.pe\/wp-content\/uploads\/2026\/02\/2-Poder-y-Politicas-edited-18x12.jpg 18w\" sizes=\"auto, (max-width: 1600px) 100vw, 1600px\" \/><\/figure>\n<\/figure>\n<\/div>\n<\/div>\n<\/div>\n\n\n\n<div style=\"height:70px\" aria-hidden=\"true\" class=\"wp-block-spacer\"><\/div>\n\n\n\n<div class=\"wp-block-group has-global-padding is-layout-constrained wp-container-core-group-is-layout-3e11c9cf wp-block-group-is-layout-constrained\" style=\"margin-top:0;margin-bottom:0\">\n<h1 class=\"wp-block-heading\">Logros<\/h1>\n\n\n\n<div class=\"wp-block-cb-carousel-v2 cb-carousel-block\" data-cb-slides-per-view=\"1\" data-cb-slides-per-group=\"1\" data-cb-space-between=\"15\" data-cb-speed=\"300\" data-cb-navigation=\"true\" data-cb-pagination=\"true\" data-cb-breakpoints=\"{&quot;768&quot;:{&quot;slidesPerView&quot;:3,&quot;slidesPerGroup&quot;:1}}\"><div class=\"swiper\"><div class=\"cb-wrapper swiper-wrapper\">\n<div class=\"wp-block-cb-slide-v2 cb-slide swiper-slide\">\n<ul class=\"wp-block-list\">\n<li>Capacitamos e informamos a m\u00e1s de 28,500 mujeres sobre sus derechos pol\u00edticos, incluyendo a m\u00e1s de 3,000 candidatas a cargos por elecci\u00f3n popular.\u00a0<\/li>\n<\/ul>\n<\/div>\n\n\n\n<div class=\"wp-block-cb-slide-v2 cb-slide swiper-slide\">\n<ul class=\"wp-block-list\">\n<li>Impulsamos desde 1990, junto con otras organizaciones feministas, la aprobaci\u00f3n de la Ley de Cuotas, que se hizo realidad en 1997 y tuvo un impacto efectivo en la elecci\u00f3n de m\u00e1s mujeres al Congreso, municipalidades y gobiernos regionales. Con la aplicaci\u00f3n de las cuotas pol\u00edticas, la participaci\u00f3n de mujeres en el Congreso se elev\u00f3 de 11% (1995, sin cuota) a 22% en el 2000 (cuota equivalente al 25%), a 18% en el 2001 (cuota de g\u00e9nero del 30%) a 29% en las elecciones del 2006, 22% en el 2011, 28% en el 2016 y 26% en el 2020.\u00a0<\/li>\n<\/ul>\n<\/div>\n\n\n\n<div class=\"wp-block-cb-slide-v2 cb-slide swiper-slide\">\n<ul class=\"wp-block-list\">\n<li>Impulsamos como Campa\u00f1a <em>Somos la mitad, queremos paridad sin acoso pol\u00edtico<\/em>, que desarrollamos junto con el CMP Flora Trist\u00e1n, la aprobaci\u00f3n de la Ley de Paridad y Alternancia, Ley 30996 (2019) y Ley N\u00b0 31030 (2020), para las listas al Congreso, Consejos regionales y Concejos municipales. Tambi\u00e9n para el Parlamento Andino, plancha Presidencial y Gobernaci\u00f3n regional. Esta ley se aplic\u00f3 en las Elecciones Generales 2021, teniendo como resultado hist\u00f3rico la elecci\u00f3n de 49 (37,7%) mujeres congresistas para el periodo 2021-2026. Y, tambi\u00e9n la ley que previene y sanciona el acoso contra las mujeres en la vida pol\u00edtica, Ley N\u00b0 31155 (2021).<\/li>\n<\/ul>\n<\/div>\n\n\n\n<div class=\"wp-block-cb-slide-v2 cb-slide swiper-slide\">\n<ul class=\"wp-block-list\">\n<li>Contribuimos a la elaboraci\u00f3n participativa de Rutas de atenci\u00f3n de la violencia contra las mujeres, herramienta orientadora para instancias de concertaci\u00f3n y para las sobrevivientes sobre los servicios con pertinencia cultural y enfoque territorial.<\/li>\n<\/ul>\n<\/div>\n\n\n\n<div class=\"wp-block-cb-slide-v2 cb-slide swiper-slide\">\n<ul class=\"wp-block-list\">\n<li>Colaboramos en el proceso de la primera Encuesta Nacional de Uso del Tiempo (ENUT 2010).\u00a0<\/li>\n<\/ul>\n<\/div>\n\n\n\n<div class=\"wp-block-cb-slide-v2 cb-slide swiper-slide\">\n<ul class=\"wp-block-list\">\n<li>Desarrollamos la Campa\u00f1a M\u00e1s Mujer (2014) por el reconocimiento del trabajo de cuidados y por la reglamentaci\u00f3n de la Ley 29700, que crea la Cuenta Sat\u00e9lite sobre el trabajo dom\u00e9stico no remunerado en las Cuentas Nacionales.\u00a0<\/li>\n<\/ul>\n<\/div>\n\n\n\n<div class=\"wp-block-cb-slide-v2 cb-slide swiper-slide\">\n<ul class=\"wp-block-list\">\n<li>Colaboramos con el Instituto Nacional de Estad\u00edstica e Inform\u00e1tica en el proceso de valoraci\u00f3n del aporte del trabajo dom\u00e9stico no remunerado al producto bruto interno (PBI), que el INEI estableci\u00f3 en 20,4% (2016).\u00a0<\/li>\n<\/ul>\n<\/div>\n\n\n\n<div class=\"wp-block-cb-slide-v2 cb-slide swiper-slide\">\n<ul class=\"wp-block-list\">\n<li>Registramos, en alianza con las Redes de Mujeres autoridades, casos de acoso pol\u00edtico con las mujeres, varios de ellos acompa\u00f1ados legalmente y todos difundidos como alertas de acoso pol\u00edticos a trav\u00e9s de las redes de la campa\u00f1a Somos la mitad, queremos paridad sin acoso pol\u00edtico.\u00a0<\/li>\n<\/ul>\n<\/div>\n\n\n\n<div class=\"wp-block-cb-slide-v2 cb-slide swiper-slide\">\n<ul class=\"wp-block-list\">\n<li>Impulsamos la propuesta y apoyamos a las organizaciones de mujeres en la incidencia para la aprobaci\u00f3n de la primera ordenanza regional (GR Puno) para prevenir, sancionar y erradicar el acoso sexual en espacios p\u00fablicos.\u00a0<\/li>\n<\/ul>\n<\/div>\n\n\n\n<div class=\"wp-block-cb-slide-v2 cb-slide swiper-slide\">\n<ul class=\"wp-block-list\">\n<li>1,760 responsables de los servicios de la ruta de atenci\u00f3n a la violencia fortalecieron sus capacidades y actualizaron sus conocimientos sobre la normatividad para la atenci\u00f3n de la violencia de g\u00e9nero en el contexto de la pandemia.\u00a0<\/li>\n<\/ul>\n<\/div>\n\n\n\n<div class=\"wp-block-cb-slide-v2 cb-slide swiper-slide\">\n<ul class=\"wp-block-list\">\n<li>Impulsamos junto con mujeres y sus organizaciones que hacen incidencia pol\u00edtica, propuestas de ordenanzas de reconocimiento del trabajo dom\u00e9stico no remunerado y de cuidados que por la injusta divisi\u00f3n sexual del trabajo sobrecargan la jornada de las mujeres en toda su diversidad. Frente a ello, promovemos la corresponsabilidad igualitaria familiar y social; y, el reconocimiento del 22 de julio como D\u00eda del trabajo dom\u00e9stico no remunerado (II Encuentro Feminista de Am\u00e9rica Latina y El Caribe, 1983)\u00a0 y del 29 de octubre como D\u00eda Internacional de los cuidados y el apoyo (ONU, 2023).<\/li>\n<\/ul>\n<\/div>\n<\/div><\/div><div class=\"cb-pagination swiper-pagination\"><\/div><div class=\"cb-button-prev swiper-button-prev\"><\/div><div class=\"cb-button-next swiper-button-next\"><\/div><\/div>\n<\/div>\n\n\n\n<div class=\"wp-block-group has-global-padding is-layout-constrained wp-block-group-is-layout-constrained\">\n<div style=\"height:81px\" aria-hidden=\"true\" class=\"wp-block-spacer\"><\/div>\n\n\n\n<figure class=\"wp-block-embed aligncenter is-type-video is-provider-youtube wp-block-embed-youtube wp-embed-aspect-16-9 wp-has-aspect-ratio\" style=\"margin-right:var(--wp--preset--spacing--20);margin-left:var(--wp--preset--spacing--20)\"><div class=\"wp-block-embed__wrapper\">\n<iframe loading=\"lazy\" title=\"Juntas sin miedo \ud83d\udc9c (edici\u00f3n especial por el #8M)\" width=\"500\" height=\"281\" src=\"https:\/\/www.youtube.com\/embed\/KW6utShwe_0?feature=oembed\" frameborder=\"0\" allow=\"accelerometer; autoplay; clipboard-write; encrypted-media; gyroscope; picture-in-picture; web-share\" referrerpolicy=\"strict-origin-when-cross-origin\" allowfullscreen><\/iframe>\n<\/div><\/figure>\n\n\n\n<div style=\"height:81px\" aria-hidden=\"true\" class=\"wp-block-spacer\"><\/div>\n<\/div>","protected":false},"excerpt":{"rendered":"<p>Contribuimos al pleno ejercicio de los derechos pol\u00edticos de las mujeres en toda su diversidad, libre de acoso pol\u00edtico, con paridad y alternancia y a la adopci\u00f3n\/implementaci\u00f3n de pol\u00edticas p\u00fablicas para la igualdad de g\u00e9nero y no discriminaci\u00f3n, en el marco del fortalecimiento de la institucionalidad democr\u00e1tica del Per\u00fa. En esa l\u00ednea, promovemos el empoderamiento [&hellip;]<\/p>\n","protected":false},"author":1,"featured_media":667,"parent":0,"menu_order":0,"comment_status":"closed","ping_status":"closed","template":"","meta":{"footnotes":""},"class_list":["post-111","page","type-page","status-publish","has-post-thumbnail","hentry"],"_links":{"self":[{"href":"https:\/\/manuela.org.pe\/en\/wp-json\/wp\/v2\/pages\/111","targetHints":{"allow":["GET"]}}],"collection":[{"href":"https:\/\/manuela.org.pe\/en\/wp-json\/wp\/v2\/pages"}],"about":[{"href":"https:\/\/manuela.org.pe\/en\/wp-json\/wp\/v2\/types\/page"}],"author":[{"embeddable":true,"href":"https:\/\/manuela.org.pe\/en\/wp-json\/wp\/v2\/users\/1"}],"replies":[{"embeddable":true,"href":"https:\/\/manuela.org.pe\/en\/wp-json\/wp\/v2\/comments?post=111"}],"version-history":[{"count":11,"href":"https:\/\/manuela.org.pe\/en\/wp-json\/wp\/v2\/pages\/111\/revisions"}],"predecessor-version":[{"id":1425,"href":"https:\/\/manuela.org.pe\/en\/wp-json\/wp\/v2\/pages\/111\/revisions\/1425"}],"wp:featuredmedia":[{"embeddable":true,"href":"https:\/\/manuela.org.pe\/en\/wp-json\/wp\/v2\/media\/667"}],"wp:attachment":[{"href":"https:\/\/manuela.org.pe\/en\/wp-json\/wp\/v2\/media?parent=111"}],"curies":[{"name":"wp","href":"https:\/\/api.w.org\/{rel}","templated":true}]}}