{"id":116,"date":"2025-03-20T13:56:14","date_gmt":"2025-03-20T18:56:14","guid":{"rendered":"https:\/\/manuela.org.pe\/?page_id=116"},"modified":"2026-02-20T09:31:28","modified_gmt":"2026-02-20T14:31:28","slug":"el-machismo-mata","status":"publish","type":"page","link":"https:\/\/manuela.org.pe\/en\/el-machismo-mata\/","title":{"rendered":"El machismo mata"},"content":{"rendered":"<div class=\"wp-block-group alignwide mmr2025-seccion has-global-padding is-layout-constrained wp-container-core-group-is-layout-c70d5d13 wp-block-group-is-layout-constrained\" style=\"min-height:2px;margin-top:0;margin-bottom:0;padding-top:var(--wp--preset--spacing--40);padding-right:var(--wp--preset--spacing--40);padding-bottom:var(--wp--preset--spacing--40);padding-left:var(--wp--preset--spacing--40)\">\n<div class=\"wp-block-columns is-layout-flex wp-container-core-columns-is-layout-28f84493 wp-block-columns-is-layout-flex\">\n<div class=\"wp-block-column is-layout-flow wp-block-column-is-layout-flow\">\n<p>El machismo es una creencia, que sostiene que el hombre es por naturaleza superior a la mujer. Una creencia que origina y sustenta las violencias contra las mujeres.<br><br>Desde el a\u00f1o 2018 realizamos la campa\u00f1a El Machismo Mata, para denunciar el machismo y prevenir la violencia de g\u00e9nero. Difundimos el mensaje #ElMachismoMata en marchas y redes sociales, llevamos y difundimos un registro sobre los feminicidios que se cometen cada mes y tambi\u00e9n difundimos, en forma f\u00edsica y virtual el juego educativo El Machist\u00f3metro.<br><\/p>\n\n\n\n<p class=\"has-24-font-size\">Registro de feminicidios y vigilias feministas\u00a0<\/p>\n\n\n\n<p>El registro de los feminicidios cometidos en el Per\u00fa se realiza en base a informaciones publicadas por los medios de comunicaci\u00f3n. Difundir este registro tiene como objetivo visibilizar, denunciar y sensibilizar a la opini\u00f3n p\u00fablica sobre los feminicidios, apostando por reducir la tolerancia social a las violencias contra las mujeres y diversidades. Por ello, desde el 2018 apostamos por las vigilias como una practicas de memoria y lucha colectiva. Cada vigilia, en Lima, es organizada y llevada a cabo por las voluntarias activistas feministas que forman parte de la instituci\u00f3n. En el 2025, nuestras vigilias feministas se realizan en diversas zonas del pa\u00eds como Puno, Ayacucho y Ucayali.\u00a0<\/p>\n\n\n\n<p class=\"has-24-font-size\">El Machist\u00f3metro<\/p>\n\n\n\n<p>Este juego es una herramienta did\u00e1ctica para que las mujeres eval\u00faen el nivel de machismo de sus parejas, identifiquen se\u00f1ales de alerta y tomen acciones a tiempo. Puedes jugar y comenzar a identificar estas se\u00f1ales de machismo en tu vida, <a href=\"https:\/\/machistometro.pe\/\"><strong>aqu\u00ed<\/strong><\/a>.<\/p>\n<\/div>\n\n\n\n<div class=\"wp-block-column is-layout-flow wp-block-column-is-layout-flow\">\n<figure class=\"wp-block-image size-large\"><img loading=\"lazy\" decoding=\"async\" width=\"1024\" height=\"508\" src=\"https:\/\/manuela.org.pe\/wp-content\/uploads\/2025\/10\/MachismoMataFoto-1024x508.jpg\" alt=\"\" class=\"wp-image-1083\" srcset=\"https:\/\/manuela.org.pe\/wp-content\/uploads\/2025\/10\/MachismoMataFoto-1024x508.jpg 1024w, https:\/\/manuela.org.pe\/wp-content\/uploads\/2025\/10\/MachismoMataFoto-300x149.jpg 300w, https:\/\/manuela.org.pe\/wp-content\/uploads\/2025\/10\/MachismoMataFoto-768x381.jpg 768w, https:\/\/manuela.org.pe\/wp-content\/uploads\/2025\/10\/MachismoMataFoto-1536x761.jpg 1536w, https:\/\/manuela.org.pe\/wp-content\/uploads\/2025\/10\/MachismoMataFoto-18x9.jpg 18w, https:\/\/manuela.org.pe\/wp-content\/uploads\/2025\/10\/MachismoMataFoto.jpg 1600w\" sizes=\"auto, (max-width: 1024px) 100vw, 1024px\" \/><\/figure>\n\n\n\n<figure class=\"wp-block-image size-full\"><img loading=\"lazy\" decoding=\"async\" width=\"600\" height=\"400\" src=\"https:\/\/manuela.org.pe\/wp-content\/uploads\/2025\/04\/campana-machismo-600.jpg\" alt=\"\" class=\"wp-image-733\" srcset=\"https:\/\/manuela.org.pe\/wp-content\/uploads\/2025\/04\/campana-machismo-600.jpg 600w, https:\/\/manuela.org.pe\/wp-content\/uploads\/2025\/04\/campana-machismo-600-300x200.jpg 300w, https:\/\/manuela.org.pe\/wp-content\/uploads\/2025\/04\/campana-machismo-600-18x12.jpg 18w\" sizes=\"auto, (max-width: 600px) 100vw, 600px\" \/><\/figure>\n<\/div>\n<\/div>\n<\/div>\n\n\n\n<p><\/p>","protected":false},"excerpt":{"rendered":"<p>El machismo es una creencia, que sostiene que el hombre es por naturaleza superior a la mujer. Una creencia que origina y sustenta las violencias contra las mujeres. Desde el a\u00f1o 2018 realizamos la campa\u00f1a El Machismo Mata, para denunciar el machismo y prevenir la violencia de g\u00e9nero. Difundimos el mensaje #ElMachismoMata en marchas y [&hellip;]<\/p>\n","protected":false},"author":1,"featured_media":725,"parent":0,"menu_order":0,"comment_status":"closed","ping_status":"closed","template":"","meta":{"footnotes":""},"class_list":["post-116","page","type-page","status-publish","has-post-thumbnail","hentry"],"_links":{"self":[{"href":"https:\/\/manuela.org.pe\/en\/wp-json\/wp\/v2\/pages\/116","targetHints":{"allow":["GET"]}}],"collection":[{"href":"https:\/\/manuela.org.pe\/en\/wp-json\/wp\/v2\/pages"}],"about":[{"href":"https:\/\/manuela.org.pe\/en\/wp-json\/wp\/v2\/types\/page"}],"author":[{"embeddable":true,"href":"https:\/\/manuela.org.pe\/en\/wp-json\/wp\/v2\/users\/1"}],"replies":[{"embeddable":true,"href":"https:\/\/manuela.org.pe\/en\/wp-json\/wp\/v2\/comments?post=116"}],"version-history":[{"count":10,"href":"https:\/\/manuela.org.pe\/en\/wp-json\/wp\/v2\/pages\/116\/revisions"}],"predecessor-version":[{"id":1513,"href":"https:\/\/manuela.org.pe\/en\/wp-json\/wp\/v2\/pages\/116\/revisions\/1513"}],"wp:featuredmedia":[{"embeddable":true,"href":"https:\/\/manuela.org.pe\/en\/wp-json\/wp\/v2\/media\/725"}],"wp:attachment":[{"href":"https:\/\/manuela.org.pe\/en\/wp-json\/wp\/v2\/media?parent=116"}],"curies":[{"name":"wp","href":"https:\/\/api.w.org\/{rel}","templated":true}]}}