{"id":62,"date":"2025-03-19T22:38:19","date_gmt":"2025-03-20T03:38:19","guid":{"rendered":"https:\/\/manuela.org.pe\/?page_id=62"},"modified":"2026-01-26T16:23:49","modified_gmt":"2026-01-26T21:23:49","slug":"nosotras","status":"publish","type":"page","link":"https:\/\/manuela.org.pe\/en\/nosotras\/","title":{"rendered":"Nosotras"},"content":{"rendered":"<div class=\"wp-block-group alignwide mmr2025-seccion has-global-padding is-layout-constrained wp-container-core-group-is-layout-c70d5d13 wp-block-group-is-layout-constrained\" style=\"min-height:2px;margin-top:0;margin-bottom:0;padding-top:var(--wp--preset--spacing--40);padding-right:var(--wp--preset--spacing--40);padding-bottom:var(--wp--preset--spacing--40);padding-left:var(--wp--preset--spacing--40)\">\n<div class=\"wp-block-group mmr2025-tarjeta-horizontal is-nowrap is-layout-flex wp-container-core-group-is-layout-f66f9956 wp-block-group-is-layout-flex\">\n<figure class=\"wp-block-image size-full\"><img loading=\"lazy\" decoding=\"async\" width=\"300\" height=\"300\" src=\"https:\/\/manuela.org.pe\/wp-content\/uploads\/2025\/09\/nosotras-vision-2.jpg\" alt=\"\" class=\"wp-image-931\" srcset=\"https:\/\/manuela.org.pe\/wp-content\/uploads\/2025\/09\/nosotras-vision-2.jpg 300w, https:\/\/manuela.org.pe\/wp-content\/uploads\/2025\/09\/nosotras-vision-2-150x150.jpg 150w, https:\/\/manuela.org.pe\/wp-content\/uploads\/2025\/09\/nosotras-vision-2-12x12.jpg 12w\" sizes=\"auto, (max-width: 300px) 100vw, 300px\" \/><\/figure>\n\n\n\n<div class=\"wp-block-group has-global-padding is-layout-constrained wp-container-core-group-is-layout-e0082cf6 wp-block-group-is-layout-constrained\">\n<h2 class=\"wp-block-heading mmr2025-tarjeta-horizontal has-purple-70-color has-text-color has-link-color has-36-font-size wp-elements-ee3dfe1355968684a328c6cbae1d1b60\">Visi\u00f3n<\/h2>\n\n\n\n<div class=\"wp-block-group has-global-padding is-layout-constrained wp-container-core-group-is-layout-e0082cf6 wp-block-group-is-layout-constrained\">\n<p>El Movimiento Manuela Ramos es una organizaci\u00f3n feminista antirracista con enfoque territorial y trabajo descentralizado, que contribuye con la construcci\u00f3n de una sociedad igualitaria, democr\u00e1tica y sostenible.\u00a0Est\u00e1 comprometida con la defensa de la vida, el respeto y valoraci\u00f3n de la diversidad y el ejercicio aut\u00f3nomo de los derechos de las personas, en particular de las mujeres en su diversidad.<\/p>\n<\/div>\n<\/div>\n<\/div>\n<\/div>\n\n\n\n<div class=\"wp-block-group alignwide mmr2025-seccion has-global-padding is-layout-constrained wp-container-core-group-is-layout-c70d5d13 wp-block-group-is-layout-constrained\" style=\"min-height:2px;margin-top:0;margin-bottom:0;padding-top:var(--wp--preset--spacing--40);padding-right:var(--wp--preset--spacing--40);padding-bottom:var(--wp--preset--spacing--40);padding-left:var(--wp--preset--spacing--40)\">\n<div class=\"wp-block-group mmr2025-tarjeta-horizontal is-nowrap is-layout-flex wp-container-core-group-is-layout-f66f9956 wp-block-group-is-layout-flex\">\n<figure class=\"wp-block-image size-full\"><img loading=\"lazy\" decoding=\"async\" width=\"300\" height=\"300\" src=\"https:\/\/manuela.org.pe\/wp-content\/uploads\/2025\/04\/nosotras-mision.jpg\" alt=\"\" class=\"wp-image-822\" srcset=\"https:\/\/manuela.org.pe\/wp-content\/uploads\/2025\/04\/nosotras-mision.jpg 300w, https:\/\/manuela.org.pe\/wp-content\/uploads\/2025\/04\/nosotras-mision-150x150.jpg 150w, https:\/\/manuela.org.pe\/wp-content\/uploads\/2025\/04\/nosotras-mision-12x12.jpg 12w\" sizes=\"auto, (max-width: 300px) 100vw, 300px\" \/><\/figure>\n\n\n\n<div class=\"wp-block-group has-global-padding is-layout-constrained wp-container-core-group-is-layout-e0082cf6 wp-block-group-is-layout-constrained\">\n<h2 class=\"wp-block-heading mmr2025-tarjeta-horizontal has-purple-70-color has-text-color has-link-color has-36-font-size wp-elements-6dcf6903170a8c7e0c0cdb7c42be95ae\">Misi\u00f3n<\/h2>\n\n\n\n<blockquote class=\"wp-block-quote is-layout-flow wp-block-quote-is-layout-flow\">\n<p>El Movimiento Manuela Ramos contribuye a la defensa, ampliaci\u00f3n y ejercicio de los derechos de las mujeres en su diversidad, buscando la erradicaci\u00f3n de toda forma de discriminaci\u00f3n y violencia y luchando por la democracia y la sostenibilidad de la vida.<\/p>\n<\/blockquote>\n<\/div>\n<\/div>\n<\/div>\n\n\n\n<div class=\"wp-block-group alignwide mmr2025-seccion has-global-padding is-layout-constrained wp-container-core-group-is-layout-c70d5d13 wp-block-group-is-layout-constrained\" style=\"min-height:2px;margin-top:0;margin-bottom:0;padding-top:var(--wp--preset--spacing--40);padding-right:var(--wp--preset--spacing--40);padding-bottom:var(--wp--preset--spacing--40);padding-left:var(--wp--preset--spacing--40)\">\n<div class=\"wp-block-group mmr2025-tarjeta-horizontal is-nowrap is-layout-flex wp-container-core-group-is-layout-f66f9956 wp-block-group-is-layout-flex\">\n<figure class=\"wp-block-image size-full\"><img loading=\"lazy\" decoding=\"async\" width=\"300\" height=\"300\" src=\"https:\/\/manuela.org.pe\/wp-content\/uploads\/2025\/04\/nosotras-lucha.jpg\" alt=\"\" class=\"wp-image-821\" srcset=\"https:\/\/manuela.org.pe\/wp-content\/uploads\/2025\/04\/nosotras-lucha.jpg 300w, https:\/\/manuela.org.pe\/wp-content\/uploads\/2025\/04\/nosotras-lucha-150x150.jpg 150w, https:\/\/manuela.org.pe\/wp-content\/uploads\/2025\/04\/nosotras-lucha-12x12.jpg 12w\" sizes=\"auto, (max-width: 300px) 100vw, 300px\" \/><\/figure>\n\n\n\n<div class=\"wp-block-group has-global-padding is-layout-constrained wp-container-core-group-is-layout-e0082cf6 wp-block-group-is-layout-constrained\">\n<h2 class=\"wp-block-heading mmr2025-tarjeta-horizontal has-purple-70-color has-text-color has-link-color has-36-font-size wp-elements-7bcce3ceab8f19c6759df76dab6d8540\">Nuestra lucha<\/h2>\n\n\n\n<div class=\"wp-block-group has-global-padding is-layout-constrained wp-container-core-group-is-layout-c19476fc wp-block-group-is-layout-constrained\">\n<p>Fortalecernos, ganar autonom\u00eda e iniciar la transformaci\u00f3n de nuestras vidas.<\/p>\n\n\n\n<p>Por el derecho de las mujeres a decidir sobre sus cuerpos y sus proyectos de vida.<\/p>\n\n\n\n<p>Por erradicar toda forma de violencia machista.<\/p>\n\n\n\n<p>Por el cambio de estereotipos de g\u00e9nero, buscando la igualdad.<\/p>\n\n\n\n<p>Por el empoderamiento social, econ\u00f3mico y pol\u00edtico de las mujeres, para el ejercicio de sus derechos.<\/p>\n\n\n\n<p>Por justicia y reparaci\u00f3n para las mujeres que han sufrido violaci\u00f3n de sus derechos humanos.<\/p>\n<\/div>\n<\/div>\n<\/div>\n<\/div>\n\n\n\n<div class=\"wp-block-group alignwide mmr2025-seccion has-global-padding is-layout-constrained wp-container-core-group-is-layout-c70d5d13 wp-block-group-is-layout-constrained\" style=\"min-height:2px;margin-top:0;margin-bottom:0;padding-top:var(--wp--preset--spacing--40);padding-right:var(--wp--preset--spacing--40);padding-bottom:var(--wp--preset--spacing--40);padding-left:var(--wp--preset--spacing--40)\">\n<div class=\"wp-block-group mmr2025-tarjeta-horizontal is-nowrap is-layout-flex wp-container-core-group-is-layout-f66f9956 wp-block-group-is-layout-flex\">\n<figure class=\"wp-block-image size-full\"><img loading=\"lazy\" decoding=\"async\" width=\"300\" height=\"300\" src=\"https:\/\/manuela.org.pe\/wp-content\/uploads\/2025\/09\/nosotras-trabajo-2.jpg\" alt=\"\" class=\"wp-image-930\" srcset=\"https:\/\/manuela.org.pe\/wp-content\/uploads\/2025\/09\/nosotras-trabajo-2.jpg 300w, https:\/\/manuela.org.pe\/wp-content\/uploads\/2025\/09\/nosotras-trabajo-2-150x150.jpg 150w, https:\/\/manuela.org.pe\/wp-content\/uploads\/2025\/09\/nosotras-trabajo-2-12x12.jpg 12w\" sizes=\"auto, (max-width: 300px) 100vw, 300px\" \/><\/figure>\n\n\n\n<div class=\"wp-block-group has-global-padding is-layout-constrained wp-container-core-group-is-layout-e0082cf6 wp-block-group-is-layout-constrained\">\n<h2 class=\"wp-block-heading mmr2025-tarjeta-horizontal has-purple-70-color has-text-color has-link-color has-36-font-size wp-elements-ee050d64fed3b6323370c9eda66ea26b\">Nuestro trabajo<\/h2>\n\n\n\n<div class=\"wp-block-group has-global-padding is-layout-constrained wp-container-core-group-is-layout-c19476fc wp-block-group-is-layout-constrained\">\n<p>Impulsamos el debate y aprobaci\u00f3n de iniciativas legislativas y pol\u00edticas p\u00fablicas en favor de los derechos fundamentales de las mujeres a nivel nacional, regional y local.<\/p>\n\n\n\n<p>En prevenci\u00f3n de violencia con ni\u00f1as, ni\u00f1os y adolescentes, inform\u00e1ndoles y capacit\u00e1ndoles sobre sus derechos fundamentales, derechos sexuales y reproductivos y derecho a la igualdad de g\u00e9nero.<\/p>\n\n\n\n<p>Realizamos m\u00faltiples expresiones de protesta con alternativas para transformar la situaci\u00f3n de las mujeres.<\/p>\n<\/div>\n<\/div>\n<\/div>\n<\/div>","protected":false},"excerpt":{"rendered":"<p>Visi\u00f3n El Movimiento Manuela Ramos es una organizaci\u00f3n feminista antirracista con enfoque territorial y trabajo descentralizado, que contribuye con la construcci\u00f3n de una sociedad igualitaria, democr\u00e1tica y sostenible.\u00a0Est\u00e1 comprometida con la defensa de la vida, el respeto y valoraci\u00f3n de la diversidad y el ejercicio aut\u00f3nomo de los derechos de las personas, en particular de [&hellip;]<\/p>\n","protected":false},"author":1,"featured_media":354,"parent":0,"menu_order":0,"comment_status":"closed","ping_status":"closed","template":"","meta":{"footnotes":""},"class_list":["post-62","page","type-page","status-publish","has-post-thumbnail","hentry"],"_links":{"self":[{"href":"https:\/\/manuela.org.pe\/en\/wp-json\/wp\/v2\/pages\/62","targetHints":{"allow":["GET"]}}],"collection":[{"href":"https:\/\/manuela.org.pe\/en\/wp-json\/wp\/v2\/pages"}],"about":[{"href":"https:\/\/manuela.org.pe\/en\/wp-json\/wp\/v2\/types\/page"}],"author":[{"embeddable":true,"href":"https:\/\/manuela.org.pe\/en\/wp-json\/wp\/v2\/users\/1"}],"replies":[{"embeddable":true,"href":"https:\/\/manuela.org.pe\/en\/wp-json\/wp\/v2\/comments?post=62"}],"version-history":[{"count":47,"href":"https:\/\/manuela.org.pe\/en\/wp-json\/wp\/v2\/pages\/62\/revisions"}],"predecessor-version":[{"id":1362,"href":"https:\/\/manuela.org.pe\/en\/wp-json\/wp\/v2\/pages\/62\/revisions\/1362"}],"wp:featuredmedia":[{"embeddable":true,"href":"https:\/\/manuela.org.pe\/en\/wp-json\/wp\/v2\/media\/354"}],"wp:attachment":[{"href":"https:\/\/manuela.org.pe\/en\/wp-json\/wp\/v2\/media?parent=62"}],"curies":[{"name":"wp","href":"https:\/\/api.w.org\/{rel}","templated":true}]}}