{"id":81,"date":"2025-03-20T10:50:09","date_gmt":"2025-03-20T15:50:09","guid":{"rendered":"https:\/\/manuela.org.pe\/?page_id=81"},"modified":"2025-09-02T09:59:31","modified_gmt":"2025-09-02T14:59:31","slug":"nuestros-activismos","status":"publish","type":"page","link":"https:\/\/manuela.org.pe\/en\/nuestros-activismos\/","title":{"rendered":"Nuestros activismos"},"content":{"rendered":"<div class=\"wp-block-group alignwide mmr2025-seccion has-global-padding is-layout-constrained wp-container-core-group-is-layout-9960214d wp-block-group-is-layout-constrained\" style=\"min-height:2px;margin-top:0;margin-bottom:0;padding-top:var(--wp--preset--spacing--80);padding-right:var(--wp--preset--spacing--40);padding-bottom:var(--wp--preset--spacing--80);padding-left:var(--wp--preset--spacing--40)\">\n<h2 class=\"wp-block-heading has-36-font-size\">Amnist\u00eda ES impunidad<\/h2>\n\n\n\n<p><br>Acompa\u00f1amos a las familias de las v\u00edctimas de cr\u00edmenes de Estado entre los a\u00f1os 1980 y 2000, as\u00ed como a lxs deudxs de lxs asesinadxs en protestas durante el r\u00e9gimen de Boluarte\u00a0\u274c en este plant\u00f3n que fue un grito por justicia mientras se espera el pronunciamiento de la Corte IDH sobre la promulgada Ley de Amnist\u00eda\u00a0\ud83c\udf89 <a href=\"https:\/\/www.facebook.com\/hashtag\/nom%25C3%25A1sretrocesos?__eep__=6&amp;__cft__%255B0%255D=AZU-rVN069eSxbTrlfmbK-O_h3aHu9_fxCboxFByKAoyaX2wYAJsJsG9NOt6UBeBAKwsddYxVV14lEuJoTblcg4hdejaIQMjzva_qwsi2sjFkR4RRm4ToccsDKShK-c5gNv72LP9qRqjKWS4HJxOA02mQ7d5PhooWVm2GR9rsoDv13f2Fv6t5t1tOzwSSLT4p0U&amp;__tn__=*NK-R\"><strong>#NoM\u00e1sRetrocesos<\/strong><\/a> <a href=\"https:\/\/www.facebook.com\/hashtag\/nonoscallar%25C3%25A1n?__eep__=6&amp;__cft__%255B0%255D=AZU-rVN069eSxbTrlfmbK-O_h3aHu9_fxCboxFByKAoyaX2wYAJsJsG9NOt6UBeBAKwsddYxVV14lEuJoTblcg4hdejaIQMjzva_qwsi2sjFkR4RRm4ToccsDKShK-c5gNv72LP9qRqjKWS4HJxOA02mQ7d5PhooWVm2GR9rsoDv13f2Fv6t5t1tOzwSSLT4p0U&amp;__tn__=*NK-R\"><strong>#NoNosCallar\u00e1n<\/strong><\/a><\/p>\n\n\n\n<div class=\"wp-block-group is-layout-grid wp-container-core-group-is-layout-b757edec wp-block-group-is-layout-grid\">\n<figure class=\"wp-block-image size-full wp-container-content-5e2576f9\"><img loading=\"lazy\" decoding=\"async\" width=\"1440\" height=\"1440\" src=\"https:\/\/manuela.org.pe\/wp-content\/uploads\/2025\/09\/aministia-1.jpg\" alt=\"\" class=\"wp-image-916\" srcset=\"https:\/\/manuela.org.pe\/wp-content\/uploads\/2025\/09\/aministia-1.jpg 1440w, https:\/\/manuela.org.pe\/wp-content\/uploads\/2025\/09\/aministia-1-300x300.jpg 300w, https:\/\/manuela.org.pe\/wp-content\/uploads\/2025\/09\/aministia-1-1024x1024.jpg 1024w, https:\/\/manuela.org.pe\/wp-content\/uploads\/2025\/09\/aministia-1-150x150.jpg 150w, https:\/\/manuela.org.pe\/wp-content\/uploads\/2025\/09\/aministia-1-768x768.jpg 768w, https:\/\/manuela.org.pe\/wp-content\/uploads\/2025\/09\/aministia-1-12x12.jpg 12w\" sizes=\"auto, (max-width: 1440px) 100vw, 1440px\" \/><\/figure>\n\n\n\n<figure class=\"wp-block-image size-full\"><img loading=\"lazy\" decoding=\"async\" width=\"1440\" height=\"1440\" src=\"https:\/\/manuela.org.pe\/wp-content\/uploads\/2025\/09\/aministia-2.jpg\" alt=\"\" class=\"wp-image-917\" srcset=\"https:\/\/manuela.org.pe\/wp-content\/uploads\/2025\/09\/aministia-2.jpg 1440w, https:\/\/manuela.org.pe\/wp-content\/uploads\/2025\/09\/aministia-2-300x300.jpg 300w, https:\/\/manuela.org.pe\/wp-content\/uploads\/2025\/09\/aministia-2-1024x1024.jpg 1024w, https:\/\/manuela.org.pe\/wp-content\/uploads\/2025\/09\/aministia-2-150x150.jpg 150w, https:\/\/manuela.org.pe\/wp-content\/uploads\/2025\/09\/aministia-2-768x768.jpg 768w, https:\/\/manuela.org.pe\/wp-content\/uploads\/2025\/09\/aministia-2-12x12.jpg 12w\" sizes=\"auto, (max-width: 1440px) 100vw, 1440px\" \/><\/figure>\n<\/div>\n<\/div>\n\n\n\n<div class=\"wp-block-group alignwide mmr2025-seccion has-global-padding is-layout-constrained wp-container-core-group-is-layout-7daa776c wp-block-group-is-layout-constrained\" style=\"min-height:2px;margin-top:0;margin-bottom:0;padding-top:var(--wp--preset--spacing--40);padding-right:var(--wp--preset--spacing--40);padding-bottom:var(--wp--preset--spacing--40);padding-left:var(--wp--preset--spacing--40)\">\n<h2 class=\"wp-block-heading has-36-font-size\">Marcha por Justicia para v\u00edctimas de la represi\u00f3n policial<\/h2>\n\n\n\n<p>Este primero de mayo, acompa\u00f1amos a las y los familiares de las v\u00edctimas de la represi\u00f3n estatal de Dina Boluarte en sus pedidos por justicia y reparaci\u00f3n. Adem\u00e1s, durante la ma\u00f1ana, marchamos por el derecho a trabajos dignos para todas, todos y todes.<\/p>\n\n\n\n<div class=\"wp-block-columns alignwide is-layout-flex wp-container-core-columns-is-layout-28f84493 wp-block-columns-is-layout-flex\">\n<div class=\"wp-block-column is-layout-flow wp-block-column-is-layout-flow\">\n<figure class=\"wp-block-image size-full\"><img loading=\"lazy\" decoding=\"async\" width=\"600\" height=\"400\" src=\"https:\/\/manuela.org.pe\/wp-content\/uploads\/2025\/04\/marcha-represion-1.jpg\" alt=\"\" class=\"wp-image-311\" srcset=\"https:\/\/manuela.org.pe\/wp-content\/uploads\/2025\/04\/marcha-represion-1.jpg 600w, https:\/\/manuela.org.pe\/wp-content\/uploads\/2025\/04\/marcha-represion-1-300x200.jpg 300w, https:\/\/manuela.org.pe\/wp-content\/uploads\/2025\/04\/marcha-represion-1-18x12.jpg 18w\" sizes=\"auto, (max-width: 600px) 100vw, 600px\" \/><\/figure>\n<\/div>\n\n\n\n<div class=\"wp-block-column is-layout-flow wp-block-column-is-layout-flow\">\n<figure class=\"wp-block-image size-full\"><img loading=\"lazy\" decoding=\"async\" width=\"600\" height=\"400\" src=\"https:\/\/manuela.org.pe\/wp-content\/uploads\/2025\/04\/marcha-represion-2.jpg\" alt=\"\" class=\"wp-image-312\" srcset=\"https:\/\/manuela.org.pe\/wp-content\/uploads\/2025\/04\/marcha-represion-2.jpg 600w, https:\/\/manuela.org.pe\/wp-content\/uploads\/2025\/04\/marcha-represion-2-300x200.jpg 300w, https:\/\/manuela.org.pe\/wp-content\/uploads\/2025\/04\/marcha-represion-2-18x12.jpg 18w\" sizes=\"auto, (max-width: 600px) 100vw, 600px\" \/><\/figure>\n<\/div>\n<\/div>\n<\/div>\n\n\n\n<div class=\"wp-block-group alignwide mmr2025-seccion has-global-padding is-layout-constrained wp-container-core-group-is-layout-754b99ff wp-block-group-is-layout-constrained\" style=\"min-height:2px;margin-top:0;margin-bottom:0;padding-top:var(--wp--preset--spacing--40);padding-right:var(--wp--preset--spacing--40);padding-bottom:var(--wp--preset--spacing--40);padding-left:var(--wp--preset--spacing--40)\">\n<h2 class=\"wp-block-heading has-36-font-size\">Plant\u00f3n 5 de abril<\/h2>\n\n\n\n<p>Las Manuelas tambi\u00e9n defendemos la democracia real y, cada 5 de abril, recordamos el da\u00f1o que el fujimorismo le hizo y le sigue haciendo al pa\u00eds. Por esto, las Manuelas fuimos parte del plant\u00f3n organizado en Lima, para decir que \u201cEl fujimorismo no cambia, solo se transforma\u201d<\/p>\n\n\n\n<div class=\"wp-block-columns is-layout-flex wp-container-core-columns-is-layout-28f84493 wp-block-columns-is-layout-flex\">\n<div class=\"wp-block-column is-layout-flow wp-block-column-is-layout-flow\">\n<figure class=\"wp-block-image size-full\"><img loading=\"lazy\" decoding=\"async\" width=\"600\" height=\"400\" src=\"https:\/\/manuela.org.pe\/wp-content\/uploads\/2025\/04\/marcha-5-abril.jpg\" alt=\"\" class=\"wp-image-326\" srcset=\"https:\/\/manuela.org.pe\/wp-content\/uploads\/2025\/04\/marcha-5-abril.jpg 600w, https:\/\/manuela.org.pe\/wp-content\/uploads\/2025\/04\/marcha-5-abril-300x200.jpg 300w, https:\/\/manuela.org.pe\/wp-content\/uploads\/2025\/04\/marcha-5-abril-18x12.jpg 18w\" sizes=\"auto, (max-width: 600px) 100vw, 600px\" \/><\/figure>\n<\/div>\n\n\n\n<div class=\"wp-block-column is-layout-flow wp-block-column-is-layout-flow\"><\/div>\n<\/div>\n<\/div>\n\n\n\n<div class=\"wp-block-group alignwide mmr2025-seccion has-global-padding is-layout-constrained wp-container-core-group-is-layout-7daa776c wp-block-group-is-layout-constrained\" style=\"min-height:2px;margin-top:0;margin-bottom:0;padding-top:var(--wp--preset--spacing--40);padding-right:var(--wp--preset--spacing--40);padding-bottom:var(--wp--preset--spacing--40);padding-left:var(--wp--preset--spacing--40)\">\n<h2 class=\"wp-block-heading has-36-font-size\">8 de marzo<\/h2>\n\n\n\n<p>Este 8 de marzo nuestra voz retumb\u00f3 en al menos siete regiones del pa\u00eds. Desde la instauraci\u00f3n de este d\u00eda como el D\u00eda Internacional de las Mujeres Trabajadoras las feministas salimos a las calles para exigir vidas libres de violencias y de explotaci\u00f3n laboral. Este a\u00f1o el lema fue Trabajadoras s\u00ed, explotadas y violentadas no.<\/p>\n\n\n\n<div class=\"wp-block-group is-layout-grid wp-container-core-group-is-layout-b757edec wp-block-group-is-layout-grid\">\n<figure class=\"wp-block-image size-full wp-container-content-5e2576f9\"><img loading=\"lazy\" decoding=\"async\" width=\"600\" height=\"400\" src=\"https:\/\/manuela.org.pe\/wp-content\/uploads\/2025\/04\/marcha-8-marzo-2.jpg\" alt=\"\" class=\"wp-image-330\" srcset=\"https:\/\/manuela.org.pe\/wp-content\/uploads\/2025\/04\/marcha-8-marzo-2.jpg 600w, https:\/\/manuela.org.pe\/wp-content\/uploads\/2025\/04\/marcha-8-marzo-2-300x200.jpg 300w, https:\/\/manuela.org.pe\/wp-content\/uploads\/2025\/04\/marcha-8-marzo-2-18x12.jpg 18w\" sizes=\"auto, (max-width: 600px) 100vw, 600px\" \/><\/figure>\n\n\n\n<figure class=\"wp-block-image size-full\"><img loading=\"lazy\" decoding=\"async\" width=\"600\" height=\"400\" src=\"https:\/\/manuela.org.pe\/wp-content\/uploads\/2025\/04\/marcha-8-marzo-6.jpg\" alt=\"\" class=\"wp-image-333\" srcset=\"https:\/\/manuela.org.pe\/wp-content\/uploads\/2025\/04\/marcha-8-marzo-6.jpg 600w, https:\/\/manuela.org.pe\/wp-content\/uploads\/2025\/04\/marcha-8-marzo-6-300x200.jpg 300w, https:\/\/manuela.org.pe\/wp-content\/uploads\/2025\/04\/marcha-8-marzo-6-18x12.jpg 18w\" sizes=\"auto, (max-width: 600px) 100vw, 600px\" \/><\/figure>\n\n\n\n<figure class=\"wp-block-image size-full\"><img loading=\"lazy\" decoding=\"async\" width=\"600\" height=\"400\" src=\"https:\/\/manuela.org.pe\/wp-content\/uploads\/2025\/04\/marcha-8-marzo-7.jpg\" alt=\"\" class=\"wp-image-334\" srcset=\"https:\/\/manuela.org.pe\/wp-content\/uploads\/2025\/04\/marcha-8-marzo-7.jpg 600w, https:\/\/manuela.org.pe\/wp-content\/uploads\/2025\/04\/marcha-8-marzo-7-300x200.jpg 300w, https:\/\/manuela.org.pe\/wp-content\/uploads\/2025\/04\/marcha-8-marzo-7-18x12.jpg 18w\" sizes=\"auto, (max-width: 600px) 100vw, 600px\" \/><\/figure>\n<\/div>\n<\/div>\n\n\n\n<p><\/p>","protected":false},"excerpt":{"rendered":"<p>Amnist\u00eda ES impunidad Acompa\u00f1amos a las familias de las v\u00edctimas de cr\u00edmenes de Estado entre los a\u00f1os 1980 y 2000, as\u00ed como a lxs deudxs de lxs asesinadxs en protestas durante el r\u00e9gimen de Boluarte\u00a0\u274c en este plant\u00f3n que fue un grito por justicia mientras se espera el pronunciamiento de la Corte IDH sobre la [&hellip;]<\/p>\n","protected":false},"author":1,"featured_media":298,"parent":0,"menu_order":0,"comment_status":"closed","ping_status":"closed","template":"","meta":{"footnotes":""},"class_list":["post-81","page","type-page","status-publish","has-post-thumbnail","hentry"],"_links":{"self":[{"href":"https:\/\/manuela.org.pe\/en\/wp-json\/wp\/v2\/pages\/81","targetHints":{"allow":["GET"]}}],"collection":[{"href":"https:\/\/manuela.org.pe\/en\/wp-json\/wp\/v2\/pages"}],"about":[{"href":"https:\/\/manuela.org.pe\/en\/wp-json\/wp\/v2\/types\/page"}],"author":[{"embeddable":true,"href":"https:\/\/manuela.org.pe\/en\/wp-json\/wp\/v2\/users\/1"}],"replies":[{"embeddable":true,"href":"https:\/\/manuela.org.pe\/en\/wp-json\/wp\/v2\/comments?post=81"}],"version-history":[{"count":35,"href":"https:\/\/manuela.org.pe\/en\/wp-json\/wp\/v2\/pages\/81\/revisions"}],"predecessor-version":[{"id":918,"href":"https:\/\/manuela.org.pe\/en\/wp-json\/wp\/v2\/pages\/81\/revisions\/918"}],"wp:featuredmedia":[{"embeddable":true,"href":"https:\/\/manuela.org.pe\/en\/wp-json\/wp\/v2\/media\/298"}],"wp:attachment":[{"href":"https:\/\/manuela.org.pe\/en\/wp-json\/wp\/v2\/media?parent=81"}],"curies":[{"name":"wp","href":"https:\/\/api.w.org\/{rel}","templated":true}]}}