{"id":87,"date":"2025-03-20T10:53:33","date_gmt":"2025-03-20T15:53:33","guid":{"rendered":"https:\/\/manuela.org.pe\/?page_id=87"},"modified":"2025-12-16T11:08:12","modified_gmt":"2025-12-16T16:08:12","slug":"vigilias-feministas","status":"publish","type":"page","link":"https:\/\/manuela.org.pe\/en\/vigilias-feministas\/","title":{"rendered":"Vigilias feministas"},"content":{"rendered":"<div class=\"wp-block-group alignwide mmr2025-seccion has-global-padding is-layout-constrained wp-container-core-group-is-layout-0bc7db51 wp-block-group-is-layout-constrained\" style=\"min-height:2px;margin-top:0;margin-bottom:0;padding-top:var(--wp--preset--spacing--40);padding-right:var(--wp--preset--spacing--40);padding-bottom:var(--wp--preset--spacing--40);padding-left:var(--wp--preset--spacing--40)\">\n<p>Las vigilias feministas son organizadas por el personal y laes voluntariaes de la instituci\u00f3n y se dan en el marco de la campa\u00f1a El Machismo Mata. Cada primer martes del mes, desarrollamos un ritual para rendir homenaje a las mujeres v\u00edctimas de feminicidios. Esta actividad es realizada en Puno; Ucayali; Ayacucho; , en Lima en el Centro de la ciudad, en Independencia y en San Juan de Miraflores.<\/p>\n\n\n\n<p>Las vigilias son nuestro espacio de memoria y resistencia feminista en los cuales nos unimos con diversas asociaciones de familiares de v\u00edctimas de feminicidio y otras organizaciones de la sociedad civil para unir voces y exigir justicia. Esta actividad es hist\u00f3rica en el Movimiento Manuela Ramos ya que se ha realizado a trav\u00e9s del tiempo como una manifestaci\u00f3n de nuestras convicciones. Las vigilias son abiertas a todas aquellas personas que quieren acompa\u00f1ar la memoria de aquellas que nos arrebataron.\u00a0<\/p>\n\n\n\n<div class=\"wp-block-columns is-layout-flex wp-container-core-columns-is-layout-28f84493 wp-block-columns-is-layout-flex\">\n<div class=\"wp-block-column is-layout-flow wp-block-column-is-layout-flow\"><\/div>\n<\/div>\n<\/div>\n\n\n\n<figure class=\"wp-block-gallery has-nested-images columns-default is-cropped wp-block-gallery-1 is-layout-flex wp-block-gallery-is-layout-flex\">\n<figure class=\"wp-block-image size-full\"><img loading=\"lazy\" decoding=\"async\" width=\"600\" height=\"400\" data-id=\"342\" src=\"https:\/\/manuela.org.pe\/wp-content\/uploads\/2025\/04\/vigilia-2.jpg\" alt=\"\" class=\"wp-image-342\" srcset=\"https:\/\/manuela.org.pe\/wp-content\/uploads\/2025\/04\/vigilia-2.jpg 600w, https:\/\/manuela.org.pe\/wp-content\/uploads\/2025\/04\/vigilia-2-300x200.jpg 300w, https:\/\/manuela.org.pe\/wp-content\/uploads\/2025\/04\/vigilia-2-18x12.jpg 18w\" sizes=\"auto, (max-width: 600px) 100vw, 600px\" \/><\/figure>\n\n\n\n<figure class=\"wp-block-image size-full\"><img loading=\"lazy\" decoding=\"async\" width=\"600\" height=\"400\" data-id=\"341\" src=\"https:\/\/manuela.org.pe\/wp-content\/uploads\/2025\/04\/vigilia-1.jpg\" alt=\"\" class=\"wp-image-341\" srcset=\"https:\/\/manuela.org.pe\/wp-content\/uploads\/2025\/04\/vigilia-1.jpg 600w, https:\/\/manuela.org.pe\/wp-content\/uploads\/2025\/04\/vigilia-1-300x200.jpg 300w, https:\/\/manuela.org.pe\/wp-content\/uploads\/2025\/04\/vigilia-1-18x12.jpg 18w\" sizes=\"auto, (max-width: 600px) 100vw, 600px\" \/><\/figure>\n\n\n\n<figure class=\"wp-block-image size-large\"><img loading=\"lazy\" decoding=\"async\" width=\"1024\" height=\"768\" data-id=\"1152\" src=\"https:\/\/manuela.org.pe\/wp-content\/uploads\/2025\/12\/vigilia01-1024x768.jpg\" alt=\"\" class=\"wp-image-1152\" srcset=\"https:\/\/manuela.org.pe\/wp-content\/uploads\/2025\/12\/vigilia01-1024x768.jpg 1024w, https:\/\/manuela.org.pe\/wp-content\/uploads\/2025\/12\/vigilia01-300x225.jpg 300w, https:\/\/manuela.org.pe\/wp-content\/uploads\/2025\/12\/vigilia01-768x576.jpg 768w, https:\/\/manuela.org.pe\/wp-content\/uploads\/2025\/12\/vigilia01-16x12.jpg 16w, https:\/\/manuela.org.pe\/wp-content\/uploads\/2025\/12\/vigilia01.jpg 1280w\" sizes=\"auto, (max-width: 1024px) 100vw, 1024px\" \/><\/figure>\n\n\n\n<figure class=\"wp-block-image size-large\"><img loading=\"lazy\" decoding=\"async\" width=\"1024\" height=\"768\" data-id=\"1151\" src=\"https:\/\/manuela.org.pe\/wp-content\/uploads\/2025\/12\/vigilia02-1024x768.jpg\" alt=\"\" class=\"wp-image-1151\" srcset=\"https:\/\/manuela.org.pe\/wp-content\/uploads\/2025\/12\/vigilia02-1024x768.jpg 1024w, https:\/\/manuela.org.pe\/wp-content\/uploads\/2025\/12\/vigilia02-300x225.jpg 300w, https:\/\/manuela.org.pe\/wp-content\/uploads\/2025\/12\/vigilia02-768x576.jpg 768w, https:\/\/manuela.org.pe\/wp-content\/uploads\/2025\/12\/vigilia02-16x12.jpg 16w, https:\/\/manuela.org.pe\/wp-content\/uploads\/2025\/12\/vigilia02.jpg 1280w\" sizes=\"auto, (max-width: 1024px) 100vw, 1024px\" \/><\/figure>\n\n\n\n<figure class=\"wp-block-image size-large\"><img loading=\"lazy\" decoding=\"async\" width=\"960\" height=\"503\" data-id=\"1150\" src=\"https:\/\/manuela.org.pe\/wp-content\/uploads\/2025\/12\/vigilia03.jpg\" alt=\"\" class=\"wp-image-1150\" srcset=\"https:\/\/manuela.org.pe\/wp-content\/uploads\/2025\/12\/vigilia03.jpg 960w, https:\/\/manuela.org.pe\/wp-content\/uploads\/2025\/12\/vigilia03-300x157.jpg 300w, https:\/\/manuela.org.pe\/wp-content\/uploads\/2025\/12\/vigilia03-768x402.jpg 768w, https:\/\/manuela.org.pe\/wp-content\/uploads\/2025\/12\/vigilia03-18x9.jpg 18w\" sizes=\"auto, (max-width: 960px) 100vw, 960px\" \/><\/figure>\n\n\n\n<figure class=\"wp-block-image size-large\"><img loading=\"lazy\" decoding=\"async\" width=\"1024\" height=\"682\" data-id=\"1148\" src=\"https:\/\/manuela.org.pe\/wp-content\/uploads\/2025\/12\/vigilia05-1024x682.jpg\" alt=\"\" class=\"wp-image-1148\" srcset=\"https:\/\/manuela.org.pe\/wp-content\/uploads\/2025\/12\/vigilia05-1024x682.jpg 1024w, https:\/\/manuela.org.pe\/wp-content\/uploads\/2025\/12\/vigilia05-300x200.jpg 300w, https:\/\/manuela.org.pe\/wp-content\/uploads\/2025\/12\/vigilia05-768x512.jpg 768w, https:\/\/manuela.org.pe\/wp-content\/uploads\/2025\/12\/vigilia05-1536x1023.jpg 1536w, https:\/\/manuela.org.pe\/wp-content\/uploads\/2025\/12\/vigilia05-18x12.jpg 18w, https:\/\/manuela.org.pe\/wp-content\/uploads\/2025\/12\/vigilia05.jpg 1600w\" sizes=\"auto, (max-width: 1024px) 100vw, 1024px\" \/><\/figure>\n\n\n\n<figure class=\"wp-block-image size-large\"><img loading=\"lazy\" decoding=\"async\" width=\"1024\" height=\"768\" data-id=\"1147\" src=\"https:\/\/manuela.org.pe\/wp-content\/uploads\/2025\/12\/vigilia06-1024x768.jpg\" alt=\"\" class=\"wp-image-1147\" srcset=\"https:\/\/manuela.org.pe\/wp-content\/uploads\/2025\/12\/vigilia06-1024x768.jpg 1024w, https:\/\/manuela.org.pe\/wp-content\/uploads\/2025\/12\/vigilia06-300x225.jpg 300w, https:\/\/manuela.org.pe\/wp-content\/uploads\/2025\/12\/vigilia06-768x576.jpg 768w, https:\/\/manuela.org.pe\/wp-content\/uploads\/2025\/12\/vigilia06-1536x1152.jpg 1536w, https:\/\/manuela.org.pe\/wp-content\/uploads\/2025\/12\/vigilia06-16x12.jpg 16w, https:\/\/manuela.org.pe\/wp-content\/uploads\/2025\/12\/vigilia06.jpg 1600w\" sizes=\"auto, (max-width: 1024px) 100vw, 1024px\" \/><\/figure>\n\n\n\n<figure class=\"wp-block-image size-large\"><img loading=\"lazy\" decoding=\"async\" width=\"1024\" height=\"682\" data-id=\"1146\" src=\"https:\/\/manuela.org.pe\/wp-content\/uploads\/2025\/12\/vigilia07-1024x682.jpg\" alt=\"\" class=\"wp-image-1146\" srcset=\"https:\/\/manuela.org.pe\/wp-content\/uploads\/2025\/12\/vigilia07-1024x682.jpg 1024w, https:\/\/manuela.org.pe\/wp-content\/uploads\/2025\/12\/vigilia07-300x200.jpg 300w, https:\/\/manuela.org.pe\/wp-content\/uploads\/2025\/12\/vigilia07-768x512.jpg 768w, https:\/\/manuela.org.pe\/wp-content\/uploads\/2025\/12\/vigilia07-1536x1023.jpg 1536w, https:\/\/manuela.org.pe\/wp-content\/uploads\/2025\/12\/vigilia07-18x12.jpg 18w, https:\/\/manuela.org.pe\/wp-content\/uploads\/2025\/12\/vigilia07.jpg 1600w\" sizes=\"auto, (max-width: 1024px) 100vw, 1024px\" \/><\/figure>\n\n\n\n<figure class=\"wp-block-image size-large\"><img loading=\"lazy\" decoding=\"async\" width=\"1024\" height=\"768\" data-id=\"1145\" src=\"https:\/\/manuela.org.pe\/wp-content\/uploads\/2025\/12\/vigilia08-1024x768.jpg\" alt=\"\" class=\"wp-image-1145\" srcset=\"https:\/\/manuela.org.pe\/wp-content\/uploads\/2025\/12\/vigilia08-1024x768.jpg 1024w, https:\/\/manuela.org.pe\/wp-content\/uploads\/2025\/12\/vigilia08-300x225.jpg 300w, https:\/\/manuela.org.pe\/wp-content\/uploads\/2025\/12\/vigilia08-768x576.jpg 768w, https:\/\/manuela.org.pe\/wp-content\/uploads\/2025\/12\/vigilia08-1536x1152.jpg 1536w, https:\/\/manuela.org.pe\/wp-content\/uploads\/2025\/12\/vigilia08-16x12.jpg 16w, https:\/\/manuela.org.pe\/wp-content\/uploads\/2025\/12\/vigilia08.jpg 1600w\" sizes=\"auto, (max-width: 1024px) 100vw, 1024px\" \/><\/figure>\n\n\n\n<figure class=\"wp-block-image size-large\"><img loading=\"lazy\" decoding=\"async\" width=\"1024\" height=\"768\" data-id=\"1144\" src=\"https:\/\/manuela.org.pe\/wp-content\/uploads\/2025\/12\/vigilia09-1024x768.jpg\" alt=\"\" class=\"wp-image-1144\" srcset=\"https:\/\/manuela.org.pe\/wp-content\/uploads\/2025\/12\/vigilia09-1024x768.jpg 1024w, https:\/\/manuela.org.pe\/wp-content\/uploads\/2025\/12\/vigilia09-300x225.jpg 300w, https:\/\/manuela.org.pe\/wp-content\/uploads\/2025\/12\/vigilia09-768x576.jpg 768w, https:\/\/manuela.org.pe\/wp-content\/uploads\/2025\/12\/vigilia09-1536x1152.jpg 1536w, https:\/\/manuela.org.pe\/wp-content\/uploads\/2025\/12\/vigilia09-16x12.jpg 16w, https:\/\/manuela.org.pe\/wp-content\/uploads\/2025\/12\/vigilia09.jpg 1600w\" sizes=\"auto, (max-width: 1024px) 100vw, 1024px\" \/><\/figure>\n\n\n\n<figure class=\"wp-block-image size-large\"><img loading=\"lazy\" decoding=\"async\" width=\"768\" height=\"1024\" data-id=\"1143\" src=\"https:\/\/manuela.org.pe\/wp-content\/uploads\/2025\/12\/vigilia10-768x1024.jpg\" alt=\"\" class=\"wp-image-1143\" srcset=\"https:\/\/manuela.org.pe\/wp-content\/uploads\/2025\/12\/vigilia10-768x1024.jpg 768w, https:\/\/manuela.org.pe\/wp-content\/uploads\/2025\/12\/vigilia10-225x300.jpg 225w, https:\/\/manuela.org.pe\/wp-content\/uploads\/2025\/12\/vigilia10-1152x1536.jpg 1152w, https:\/\/manuela.org.pe\/wp-content\/uploads\/2025\/12\/vigilia10-9x12.jpg 9w, https:\/\/manuela.org.pe\/wp-content\/uploads\/2025\/12\/vigilia10.jpg 1200w\" sizes=\"auto, (max-width: 768px) 100vw, 768px\" \/><\/figure>\n\n\n\n<figure class=\"wp-block-image size-large\"><img loading=\"lazy\" decoding=\"async\" width=\"1024\" height=\"768\" data-id=\"1142\" src=\"https:\/\/manuela.org.pe\/wp-content\/uploads\/2025\/12\/vigilia11-1024x768.jpg\" alt=\"\" class=\"wp-image-1142\" srcset=\"https:\/\/manuela.org.pe\/wp-content\/uploads\/2025\/12\/vigilia11-1024x768.jpg 1024w, https:\/\/manuela.org.pe\/wp-content\/uploads\/2025\/12\/vigilia11-300x225.jpg 300w, https:\/\/manuela.org.pe\/wp-content\/uploads\/2025\/12\/vigilia11-768x576.jpg 768w, https:\/\/manuela.org.pe\/wp-content\/uploads\/2025\/12\/vigilia11-1536x1152.jpg 1536w, https:\/\/manuela.org.pe\/wp-content\/uploads\/2025\/12\/vigilia11-16x12.jpg 16w, https:\/\/manuela.org.pe\/wp-content\/uploads\/2025\/12\/vigilia11.jpg 1600w\" sizes=\"auto, (max-width: 1024px) 100vw, 1024px\" \/><\/figure>\n\n\n\n<figure class=\"wp-block-image size-large\"><img loading=\"lazy\" decoding=\"async\" width=\"1024\" height=\"768\" data-id=\"1141\" src=\"https:\/\/manuela.org.pe\/wp-content\/uploads\/2025\/12\/vigilia12-1024x768.jpg\" alt=\"\" class=\"wp-image-1141\" srcset=\"https:\/\/manuela.org.pe\/wp-content\/uploads\/2025\/12\/vigilia12-1024x768.jpg 1024w, https:\/\/manuela.org.pe\/wp-content\/uploads\/2025\/12\/vigilia12-300x225.jpg 300w, https:\/\/manuela.org.pe\/wp-content\/uploads\/2025\/12\/vigilia12-768x576.jpg 768w, https:\/\/manuela.org.pe\/wp-content\/uploads\/2025\/12\/vigilia12-1536x1152.jpg 1536w, https:\/\/manuela.org.pe\/wp-content\/uploads\/2025\/12\/vigilia12-16x12.jpg 16w, https:\/\/manuela.org.pe\/wp-content\/uploads\/2025\/12\/vigilia12.jpg 1600w\" sizes=\"auto, (max-width: 1024px) 100vw, 1024px\" \/><\/figure>\n\n\n\n<figure class=\"wp-block-image size-large\"><img loading=\"lazy\" decoding=\"async\" width=\"682\" height=\"1024\" data-id=\"1149\" src=\"https:\/\/manuela.org.pe\/wp-content\/uploads\/2025\/12\/vigilia04-682x1024.jpg\" alt=\"\" class=\"wp-image-1149\" srcset=\"https:\/\/manuela.org.pe\/wp-content\/uploads\/2025\/12\/vigilia04-682x1024.jpg 682w, https:\/\/manuela.org.pe\/wp-content\/uploads\/2025\/12\/vigilia04-200x300.jpg 200w, https:\/\/manuela.org.pe\/wp-content\/uploads\/2025\/12\/vigilia04-768x1153.jpg 768w, https:\/\/manuela.org.pe\/wp-content\/uploads\/2025\/12\/vigilia04-1023x1536.jpg 1023w, https:\/\/manuela.org.pe\/wp-content\/uploads\/2025\/12\/vigilia04-8x12.jpg 8w, https:\/\/manuela.org.pe\/wp-content\/uploads\/2025\/12\/vigilia04.jpg 1066w\" sizes=\"auto, (max-width: 682px) 100vw, 682px\" \/><\/figure>\n\n\n\n<figure class=\"wp-block-image size-large\"><img loading=\"lazy\" decoding=\"async\" width=\"1024\" height=\"682\" data-id=\"1139\" src=\"https:\/\/manuela.org.pe\/wp-content\/uploads\/2025\/12\/vigilia14-1024x682.jpg\" alt=\"\" class=\"wp-image-1139\" srcset=\"https:\/\/manuela.org.pe\/wp-content\/uploads\/2025\/12\/vigilia14-1024x682.jpg 1024w, https:\/\/manuela.org.pe\/wp-content\/uploads\/2025\/12\/vigilia14-300x200.jpg 300w, https:\/\/manuela.org.pe\/wp-content\/uploads\/2025\/12\/vigilia14-768x512.jpg 768w, https:\/\/manuela.org.pe\/wp-content\/uploads\/2025\/12\/vigilia14-1536x1023.jpg 1536w, https:\/\/manuela.org.pe\/wp-content\/uploads\/2025\/12\/vigilia14-18x12.jpg 18w, https:\/\/manuela.org.pe\/wp-content\/uploads\/2025\/12\/vigilia14.jpg 1600w\" sizes=\"auto, (max-width: 1024px) 100vw, 1024px\" \/><\/figure>\n\n\n\n<figure class=\"wp-block-image size-large\"><img loading=\"lazy\" decoding=\"async\" width=\"1024\" height=\"682\" data-id=\"1138\" src=\"https:\/\/manuela.org.pe\/wp-content\/uploads\/2025\/12\/vigilia15-1024x682.jpg\" alt=\"\" class=\"wp-image-1138\" srcset=\"https:\/\/manuela.org.pe\/wp-content\/uploads\/2025\/12\/vigilia15-1024x682.jpg 1024w, https:\/\/manuela.org.pe\/wp-content\/uploads\/2025\/12\/vigilia15-300x200.jpg 300w, https:\/\/manuela.org.pe\/wp-content\/uploads\/2025\/12\/vigilia15-768x512.jpg 768w, https:\/\/manuela.org.pe\/wp-content\/uploads\/2025\/12\/vigilia15-1536x1023.jpg 1536w, https:\/\/manuela.org.pe\/wp-content\/uploads\/2025\/12\/vigilia15-18x12.jpg 18w, https:\/\/manuela.org.pe\/wp-content\/uploads\/2025\/12\/vigilia15.jpg 1600w\" sizes=\"auto, (max-width: 1024px) 100vw, 1024px\" \/><\/figure>\n\n\n\n<figure class=\"wp-block-image size-large\"><img loading=\"lazy\" decoding=\"async\" width=\"1024\" height=\"768\" data-id=\"1137\" src=\"https:\/\/manuela.org.pe\/wp-content\/uploads\/2025\/12\/vigilia16-1024x768.jpg\" alt=\"\" class=\"wp-image-1137\" srcset=\"https:\/\/manuela.org.pe\/wp-content\/uploads\/2025\/12\/vigilia16-1024x768.jpg 1024w, https:\/\/manuela.org.pe\/wp-content\/uploads\/2025\/12\/vigilia16-300x225.jpg 300w, https:\/\/manuela.org.pe\/wp-content\/uploads\/2025\/12\/vigilia16-768x576.jpg 768w, https:\/\/manuela.org.pe\/wp-content\/uploads\/2025\/12\/vigilia16-16x12.jpg 16w, https:\/\/manuela.org.pe\/wp-content\/uploads\/2025\/12\/vigilia16.jpg 1280w\" sizes=\"auto, (max-width: 1024px) 100vw, 1024px\" \/><\/figure>\n\n\n\n<figure class=\"wp-block-image size-large\"><img loading=\"lazy\" decoding=\"async\" width=\"1024\" height=\"504\" data-id=\"1136\" src=\"https:\/\/manuela.org.pe\/wp-content\/uploads\/2025\/12\/vigilia17-1024x504.jpg\" alt=\"\" class=\"wp-image-1136\" srcset=\"https:\/\/manuela.org.pe\/wp-content\/uploads\/2025\/12\/vigilia17-1024x504.jpg 1024w, https:\/\/manuela.org.pe\/wp-content\/uploads\/2025\/12\/vigilia17-300x148.jpg 300w, https:\/\/manuela.org.pe\/wp-content\/uploads\/2025\/12\/vigilia17-768x378.jpg 768w, https:\/\/manuela.org.pe\/wp-content\/uploads\/2025\/12\/vigilia17-18x9.jpg 18w, https:\/\/manuela.org.pe\/wp-content\/uploads\/2025\/12\/vigilia17.jpg 1199w\" sizes=\"auto, (max-width: 1024px) 100vw, 1024px\" \/><\/figure>\n\n\n\n<figure class=\"wp-block-image size-large\"><img loading=\"lazy\" decoding=\"async\" width=\"1024\" height=\"768\" data-id=\"1135\" src=\"https:\/\/manuela.org.pe\/wp-content\/uploads\/2025\/12\/vigilia18-1024x768.jpg\" alt=\"\" class=\"wp-image-1135\" srcset=\"https:\/\/manuela.org.pe\/wp-content\/uploads\/2025\/12\/vigilia18-1024x768.jpg 1024w, https:\/\/manuela.org.pe\/wp-content\/uploads\/2025\/12\/vigilia18-300x225.jpg 300w, https:\/\/manuela.org.pe\/wp-content\/uploads\/2025\/12\/vigilia18-768x576.jpg 768w, https:\/\/manuela.org.pe\/wp-content\/uploads\/2025\/12\/vigilia18-16x12.jpg 16w, https:\/\/manuela.org.pe\/wp-content\/uploads\/2025\/12\/vigilia18.jpg 1280w\" sizes=\"auto, (max-width: 1024px) 100vw, 1024px\" \/><\/figure>\n\n\n\n<figure class=\"wp-block-image size-large\"><img loading=\"lazy\" decoding=\"async\" width=\"1024\" height=\"768\" data-id=\"1134\" src=\"https:\/\/manuela.org.pe\/wp-content\/uploads\/2025\/12\/vigilia19-1024x768.jpg\" alt=\"\" class=\"wp-image-1134\" srcset=\"https:\/\/manuela.org.pe\/wp-content\/uploads\/2025\/12\/vigilia19-1024x768.jpg 1024w, https:\/\/manuela.org.pe\/wp-content\/uploads\/2025\/12\/vigilia19-300x225.jpg 300w, https:\/\/manuela.org.pe\/wp-content\/uploads\/2025\/12\/vigilia19-768x576.jpg 768w, https:\/\/manuela.org.pe\/wp-content\/uploads\/2025\/12\/vigilia19-16x12.jpg 16w, https:\/\/manuela.org.pe\/wp-content\/uploads\/2025\/12\/vigilia19.jpg 1280w\" sizes=\"auto, (max-width: 1024px) 100vw, 1024px\" \/><\/figure>\n\n\n\n<figure class=\"wp-block-image size-large\"><img loading=\"lazy\" decoding=\"async\" width=\"1024\" height=\"768\" data-id=\"1132\" src=\"https:\/\/manuela.org.pe\/wp-content\/uploads\/2025\/12\/vigilia21-1024x768.jpg\" alt=\"\" class=\"wp-image-1132\" srcset=\"https:\/\/manuela.org.pe\/wp-content\/uploads\/2025\/12\/vigilia21-1024x768.jpg 1024w, https:\/\/manuela.org.pe\/wp-content\/uploads\/2025\/12\/vigilia21-300x225.jpg 300w, https:\/\/manuela.org.pe\/wp-content\/uploads\/2025\/12\/vigilia21-768x576.jpg 768w, https:\/\/manuela.org.pe\/wp-content\/uploads\/2025\/12\/vigilia21-16x12.jpg 16w, https:\/\/manuela.org.pe\/wp-content\/uploads\/2025\/12\/vigilia21.jpg 1280w\" sizes=\"auto, (max-width: 1024px) 100vw, 1024px\" \/><\/figure>\n\n\n\n<figure class=\"wp-block-image size-large\"><img loading=\"lazy\" decoding=\"async\" width=\"765\" height=\"1024\" data-id=\"1130\" src=\"https:\/\/manuela.org.pe\/wp-content\/uploads\/2025\/12\/vigilia23-765x1024.jpg\" alt=\"\" class=\"wp-image-1130\" srcset=\"https:\/\/manuela.org.pe\/wp-content\/uploads\/2025\/12\/vigilia23-765x1024.jpg 765w, https:\/\/manuela.org.pe\/wp-content\/uploads\/2025\/12\/vigilia23-224x300.jpg 224w, https:\/\/manuela.org.pe\/wp-content\/uploads\/2025\/12\/vigilia23-768x1028.jpg 768w, https:\/\/manuela.org.pe\/wp-content\/uploads\/2025\/12\/vigilia23-9x12.jpg 9w, https:\/\/manuela.org.pe\/wp-content\/uploads\/2025\/12\/vigilia23.jpg 960w\" sizes=\"auto, (max-width: 765px) 100vw, 765px\" \/><\/figure>\n\n\n\n<figure class=\"wp-block-image size-large\"><img loading=\"lazy\" decoding=\"async\" width=\"682\" height=\"1024\" data-id=\"1140\" src=\"https:\/\/manuela.org.pe\/wp-content\/uploads\/2025\/12\/vigilia13-682x1024.jpg\" alt=\"\" class=\"wp-image-1140\" srcset=\"https:\/\/manuela.org.pe\/wp-content\/uploads\/2025\/12\/vigilia13-682x1024.jpg 682w, https:\/\/manuela.org.pe\/wp-content\/uploads\/2025\/12\/vigilia13-200x300.jpg 200w, https:\/\/manuela.org.pe\/wp-content\/uploads\/2025\/12\/vigilia13-768x1153.jpg 768w, https:\/\/manuela.org.pe\/wp-content\/uploads\/2025\/12\/vigilia13-1023x1536.jpg 1023w, https:\/\/manuela.org.pe\/wp-content\/uploads\/2025\/12\/vigilia13-8x12.jpg 8w, https:\/\/manuela.org.pe\/wp-content\/uploads\/2025\/12\/vigilia13.jpg 1066w\" sizes=\"auto, (max-width: 682px) 100vw, 682px\" \/><\/figure>\n\n\n\n<figure class=\"wp-block-image size-large\"><img loading=\"lazy\" decoding=\"async\" width=\"768\" height=\"1024\" data-id=\"1129\" src=\"https:\/\/manuela.org.pe\/wp-content\/uploads\/2025\/12\/vigilia24-768x1024.jpg\" alt=\"\" class=\"wp-image-1129\" srcset=\"https:\/\/manuela.org.pe\/wp-content\/uploads\/2025\/12\/vigilia24-768x1024.jpg 768w, https:\/\/manuela.org.pe\/wp-content\/uploads\/2025\/12\/vigilia24-225x300.jpg 225w, https:\/\/manuela.org.pe\/wp-content\/uploads\/2025\/12\/vigilia24-9x12.jpg 9w, https:\/\/manuela.org.pe\/wp-content\/uploads\/2025\/12\/vigilia24.jpg 960w\" sizes=\"auto, (max-width: 768px) 100vw, 768px\" \/><\/figure>\n\n\n\n<figure class=\"wp-block-image size-large\"><img loading=\"lazy\" decoding=\"async\" width=\"768\" height=\"1024\" data-id=\"1128\" src=\"https:\/\/manuela.org.pe\/wp-content\/uploads\/2025\/12\/vigilia25-768x1024.jpg\" alt=\"\" class=\"wp-image-1128\" srcset=\"https:\/\/manuela.org.pe\/wp-content\/uploads\/2025\/12\/vigilia25-768x1024.jpg 768w, https:\/\/manuela.org.pe\/wp-content\/uploads\/2025\/12\/vigilia25-225x300.jpg 225w, https:\/\/manuela.org.pe\/wp-content\/uploads\/2025\/12\/vigilia25-9x12.jpg 9w, https:\/\/manuela.org.pe\/wp-content\/uploads\/2025\/12\/vigilia25.jpg 960w\" sizes=\"auto, (max-width: 768px) 100vw, 768px\" \/><\/figure>\n\n\n\n<figure class=\"wp-block-image size-large\"><img loading=\"lazy\" decoding=\"async\" width=\"765\" height=\"1024\" data-id=\"1127\" src=\"https:\/\/manuela.org.pe\/wp-content\/uploads\/2025\/12\/vigilia26-765x1024.jpg\" alt=\"\" class=\"wp-image-1127\" srcset=\"https:\/\/manuela.org.pe\/wp-content\/uploads\/2025\/12\/vigilia26-765x1024.jpg 765w, https:\/\/manuela.org.pe\/wp-content\/uploads\/2025\/12\/vigilia26-224x300.jpg 224w, https:\/\/manuela.org.pe\/wp-content\/uploads\/2025\/12\/vigilia26-768x1029.jpg 768w, https:\/\/manuela.org.pe\/wp-content\/uploads\/2025\/12\/vigilia26-1147x1536.jpg 1147w, https:\/\/manuela.org.pe\/wp-content\/uploads\/2025\/12\/vigilia26-9x12.jpg 9w, https:\/\/manuela.org.pe\/wp-content\/uploads\/2025\/12\/vigilia26.jpg 1529w\" sizes=\"auto, (max-width: 765px) 100vw, 765px\" \/><\/figure>\n\n\n\n<figure class=\"wp-block-image size-large\"><img loading=\"lazy\" decoding=\"async\" width=\"768\" height=\"1024\" data-id=\"1126\" src=\"https:\/\/manuela.org.pe\/wp-content\/uploads\/2025\/12\/vigilia27-768x1024.jpg\" alt=\"\" class=\"wp-image-1126\" srcset=\"https:\/\/manuela.org.pe\/wp-content\/uploads\/2025\/12\/vigilia27-768x1024.jpg 768w, https:\/\/manuela.org.pe\/wp-content\/uploads\/2025\/12\/vigilia27-225x300.jpg 225w, https:\/\/manuela.org.pe\/wp-content\/uploads\/2025\/12\/vigilia27-1152x1536.jpg 1152w, https:\/\/manuela.org.pe\/wp-content\/uploads\/2025\/12\/vigilia27-9x12.jpg 9w, https:\/\/manuela.org.pe\/wp-content\/uploads\/2025\/12\/vigilia27.jpg 1536w\" sizes=\"auto, (max-width: 768px) 100vw, 768px\" \/><\/figure>\n<\/figure>","protected":false},"excerpt":{"rendered":"<p>Las vigilias feministas son organizadas por el personal y laes voluntariaes de la instituci\u00f3n y se dan en el marco de la campa\u00f1a El Machismo Mata. Cada primer martes del mes, desarrollamos un ritual para rendir homenaje a las mujeres v\u00edctimas de feminicidios. Esta actividad es realizada en Puno; Ucayali; Ayacucho; , en Lima en [&hellip;]<\/p>\n","protected":false},"author":1,"featured_media":298,"parent":0,"menu_order":0,"comment_status":"closed","ping_status":"closed","template":"","meta":{"footnotes":""},"class_list":["post-87","page","type-page","status-publish","has-post-thumbnail","hentry"],"_links":{"self":[{"href":"https:\/\/manuela.org.pe\/en\/wp-json\/wp\/v2\/pages\/87","targetHints":{"allow":["GET"]}}],"collection":[{"href":"https:\/\/manuela.org.pe\/en\/wp-json\/wp\/v2\/pages"}],"about":[{"href":"https:\/\/manuela.org.pe\/en\/wp-json\/wp\/v2\/types\/page"}],"author":[{"embeddable":true,"href":"https:\/\/manuela.org.pe\/en\/wp-json\/wp\/v2\/users\/1"}],"replies":[{"embeddable":true,"href":"https:\/\/manuela.org.pe\/en\/wp-json\/wp\/v2\/comments?post=87"}],"version-history":[{"count":7,"href":"https:\/\/manuela.org.pe\/en\/wp-json\/wp\/v2\/pages\/87\/revisions"}],"predecessor-version":[{"id":1355,"href":"https:\/\/manuela.org.pe\/en\/wp-json\/wp\/v2\/pages\/87\/revisions\/1355"}],"wp:featuredmedia":[{"embeddable":true,"href":"https:\/\/manuela.org.pe\/en\/wp-json\/wp\/v2\/media\/298"}],"wp:attachment":[{"href":"https:\/\/manuela.org.pe\/en\/wp-json\/wp\/v2\/media?parent=87"}],"curies":[{"name":"wp","href":"https:\/\/api.w.org\/{rel}","templated":true}]}}