{"id":870,"date":"2025-04-24T11:19:35","date_gmt":"2025-04-24T16:19:35","guid":{"rendered":"https:\/\/manuela.org.pe\/?page_id=870"},"modified":"2025-10-23T21:02:16","modified_gmt":"2025-10-24T02:02:16","slug":"somos-la-mitad-queremos-paridad-sin-acoso","status":"publish","type":"page","link":"https:\/\/manuela.org.pe\/en\/somos-la-mitad-queremos-paridad-sin-acoso\/","title":{"rendered":"Somos la mitad, queremos paridad sin acoso"},"content":{"rendered":"<div class=\"wp-block-group alignwide mmr2025-seccion has-global-padding is-layout-constrained wp-container-core-group-is-layout-9960214d wp-block-group-is-layout-constrained\" style=\"min-height:2px;margin-top:0;margin-bottom:0;padding-top:var(--wp--preset--spacing--80);padding-right:var(--wp--preset--spacing--40);padding-bottom:var(--wp--preset--spacing--80);padding-left:var(--wp--preset--spacing--40)\">\n<div class=\"wp-block-columns is-layout-flex wp-container-core-columns-is-layout-28f84493 wp-block-columns-is-layout-flex\">\n<div class=\"wp-block-column is-layout-flow wp-block-column-is-layout-flow\">\n<p>Impulsada por el Centro de la Mujer Peruana Flora Trist\u00e1n y el Movimiento Manuela Ramos en alianza con la Red Nacional de Mujeres Autoridades Locales y Regionales del Per\u00fa \u2013 RENAMA. Busca contribuir al fortalecimiento de la democracia con igualdad sustantiva y al ejercicio de los derechos pol\u00edticos de las mujeres con paridad, alternancia y libre de acoso pol\u00edtico.<\/p>\n\n\n\n<p>Demandamos una Reforma del Sistema Pol\u00edtico Electoral que garantice los derechos pol\u00edticos de las mujeres en toda su diversidad; el cumplimiento de las Leyes 31030 sobre paridad y alternancia en las listas electorales y de la Ley 31155 para&nbsp; prevenir, sancionar y erradicar el acoso contra las mujeres en la vida pol\u00edtica; y, avanzar en la adopci\u00f3n de la paridad horizontal y el financiamiento p\u00fablico para el fortalecimiento de la militancia y de los liderazgos femeninos al interior de las organizaciones pol\u00edticas.<\/p>\n<\/div>\n\n\n\n<div class=\"wp-block-column is-vertically-aligned-center is-layout-flow wp-block-column-is-layout-flow\">\n<figure class=\"wp-block-image aligncenter size-full is-resized\"><img loading=\"lazy\" decoding=\"async\" width=\"1000\" height=\"1000\" src=\"https:\/\/manuela.org.pe\/wp-content\/uploads\/2025\/10\/Somos-Mitad-Logo.png\" alt=\"\" class=\"wp-image-1025\" style=\"width:449px;height:auto\" srcset=\"https:\/\/manuela.org.pe\/wp-content\/uploads\/2025\/10\/Somos-Mitad-Logo.png 1000w, https:\/\/manuela.org.pe\/wp-content\/uploads\/2025\/10\/Somos-Mitad-Logo-300x300.png 300w, https:\/\/manuela.org.pe\/wp-content\/uploads\/2025\/10\/Somos-Mitad-Logo-150x150.png 150w, https:\/\/manuela.org.pe\/wp-content\/uploads\/2025\/10\/Somos-Mitad-Logo-768x768.png 768w, https:\/\/manuela.org.pe\/wp-content\/uploads\/2025\/10\/Somos-Mitad-Logo-12x12.png 12w\" sizes=\"auto, (max-width: 1000px) 100vw, 1000px\" \/><\/figure>\n<\/div>\n<\/div>\n<\/div>\n\n\n\n<p><\/p>\n\n\n\n<figure class=\"wp-block-gallery has-nested-images columns-4 is-cropped wp-block-gallery-1 is-layout-flex wp-block-gallery-is-layout-flex\">\n<figure class=\"wp-block-image size-large\"><img loading=\"lazy\" decoding=\"async\" width=\"1024\" height=\"1024\" data-id=\"1022\" src=\"https:\/\/manuela.org.pe\/wp-content\/uploads\/2025\/10\/Somos-Mitad-Campana-1024x1024.jpg\" alt=\"\" class=\"wp-image-1022\" srcset=\"https:\/\/manuela.org.pe\/wp-content\/uploads\/2025\/10\/Somos-Mitad-Campana-1024x1024.jpg 1024w, https:\/\/manuela.org.pe\/wp-content\/uploads\/2025\/10\/Somos-Mitad-Campana-300x300.jpg 300w, https:\/\/manuela.org.pe\/wp-content\/uploads\/2025\/10\/Somos-Mitad-Campana-150x150.jpg 150w, https:\/\/manuela.org.pe\/wp-content\/uploads\/2025\/10\/Somos-Mitad-Campana-768x768.jpg 768w, https:\/\/manuela.org.pe\/wp-content\/uploads\/2025\/10\/Somos-Mitad-Campana-1536x1536.jpg 1536w, https:\/\/manuela.org.pe\/wp-content\/uploads\/2025\/10\/Somos-Mitad-Campana-12x12.jpg 12w, https:\/\/manuela.org.pe\/wp-content\/uploads\/2025\/10\/Somos-Mitad-Campana.jpg 1600w\" sizes=\"auto, (max-width: 1024px) 100vw, 1024px\" \/><\/figure>\n\n\n\n<figure class=\"wp-block-image size-large\"><img loading=\"lazy\" decoding=\"async\" width=\"1024\" height=\"1024\" data-id=\"1024\" src=\"https:\/\/manuela.org.pe\/wp-content\/uploads\/2025\/10\/Somos-Mitad-Foto-2-1024x1024.jpg\" alt=\"\" class=\"wp-image-1024\" srcset=\"https:\/\/manuela.org.pe\/wp-content\/uploads\/2025\/10\/Somos-Mitad-Foto-2-1024x1024.jpg 1024w, https:\/\/manuela.org.pe\/wp-content\/uploads\/2025\/10\/Somos-Mitad-Foto-2-300x300.jpg 300w, https:\/\/manuela.org.pe\/wp-content\/uploads\/2025\/10\/Somos-Mitad-Foto-2-150x150.jpg 150w, https:\/\/manuela.org.pe\/wp-content\/uploads\/2025\/10\/Somos-Mitad-Foto-2-768x768.jpg 768w, https:\/\/manuela.org.pe\/wp-content\/uploads\/2025\/10\/Somos-Mitad-Foto-2-12x12.jpg 12w, https:\/\/manuela.org.pe\/wp-content\/uploads\/2025\/10\/Somos-Mitad-Foto-2.jpg 1280w\" sizes=\"auto, (max-width: 1024px) 100vw, 1024px\" \/><\/figure>\n\n\n\n<figure class=\"wp-block-image size-large\"><img loading=\"lazy\" decoding=\"async\" width=\"1024\" height=\"1024\" data-id=\"1021\" src=\"https:\/\/manuela.org.pe\/wp-content\/uploads\/2025\/10\/Somos-Mitad-Foto-3-1024x1024.jpg\" alt=\"\" class=\"wp-image-1021\" srcset=\"https:\/\/manuela.org.pe\/wp-content\/uploads\/2025\/10\/Somos-Mitad-Foto-3-1024x1024.jpg 1024w, https:\/\/manuela.org.pe\/wp-content\/uploads\/2025\/10\/Somos-Mitad-Foto-3-300x300.jpg 300w, https:\/\/manuela.org.pe\/wp-content\/uploads\/2025\/10\/Somos-Mitad-Foto-3-150x150.jpg 150w, https:\/\/manuela.org.pe\/wp-content\/uploads\/2025\/10\/Somos-Mitad-Foto-3-768x768.jpg 768w, https:\/\/manuela.org.pe\/wp-content\/uploads\/2025\/10\/Somos-Mitad-Foto-3-1536x1536.jpg 1536w, https:\/\/manuela.org.pe\/wp-content\/uploads\/2025\/10\/Somos-Mitad-Foto-3-12x12.jpg 12w, https:\/\/manuela.org.pe\/wp-content\/uploads\/2025\/10\/Somos-Mitad-Foto-3.jpg 1880w\" sizes=\"auto, (max-width: 1024px) 100vw, 1024px\" \/><\/figure>\n\n\n\n<figure class=\"wp-block-image size-large\"><img loading=\"lazy\" decoding=\"async\" width=\"1024\" height=\"1014\" data-id=\"1023\" src=\"https:\/\/manuela.org.pe\/wp-content\/uploads\/2025\/10\/Somos-Mitad-Foto-4-1024x1014.png\" alt=\"\" class=\"wp-image-1023\" srcset=\"https:\/\/manuela.org.pe\/wp-content\/uploads\/2025\/10\/Somos-Mitad-Foto-4-1024x1014.png 1024w, https:\/\/manuela.org.pe\/wp-content\/uploads\/2025\/10\/Somos-Mitad-Foto-4-300x297.png 300w, https:\/\/manuela.org.pe\/wp-content\/uploads\/2025\/10\/Somos-Mitad-Foto-4-150x150.png 150w, https:\/\/manuela.org.pe\/wp-content\/uploads\/2025\/10\/Somos-Mitad-Foto-4-768x760.png 768w, https:\/\/manuela.org.pe\/wp-content\/uploads\/2025\/10\/Somos-Mitad-Foto-4-12x12.png 12w, https:\/\/manuela.org.pe\/wp-content\/uploads\/2025\/10\/Somos-Mitad-Foto-4.png 1183w\" sizes=\"auto, (max-width: 1024px) 100vw, 1024px\" \/><\/figure>\n<\/figure>\n\n\n\n<figure class=\"wp-block-image aligncenter size-large is-style-rounded\" style=\"margin-top:0;margin-bottom:0\"><img loading=\"lazy\" decoding=\"async\" width=\"1024\" height=\"244\" src=\"https:\/\/manuela.org.pe\/wp-content\/uploads\/2025\/10\/LOGO-CAMPANA-1024x244.jpeg\" alt=\"\" class=\"wp-image-1026\" srcset=\"https:\/\/manuela.org.pe\/wp-content\/uploads\/2025\/10\/LOGO-CAMPANA-1024x244.jpeg 1024w, https:\/\/manuela.org.pe\/wp-content\/uploads\/2025\/10\/LOGO-CAMPANA-300x72.jpeg 300w, https:\/\/manuela.org.pe\/wp-content\/uploads\/2025\/10\/LOGO-CAMPANA-768x183.jpeg 768w, https:\/\/manuela.org.pe\/wp-content\/uploads\/2025\/10\/LOGO-CAMPANA-1536x367.jpeg 1536w, https:\/\/manuela.org.pe\/wp-content\/uploads\/2025\/10\/LOGO-CAMPANA-18x4.jpeg 18w, https:\/\/manuela.org.pe\/wp-content\/uploads\/2025\/10\/LOGO-CAMPANA.jpeg 1600w\" sizes=\"auto, (max-width: 1024px) 100vw, 1024px\" \/><\/figure>\n\n\n\n<p><\/p>","protected":false},"excerpt":{"rendered":"<p>Impulsada por el Centro de la Mujer Peruana Flora Trist\u00e1n y el Movimiento Manuela Ramos en alianza con la Red Nacional de Mujeres Autoridades Locales y Regionales del Per\u00fa \u2013 RENAMA. Busca contribuir al fortalecimiento de la democracia con igualdad sustantiva y al ejercicio de los derechos pol\u00edticos de las mujeres con paridad, alternancia y [&hellip;]<\/p>\n","protected":false},"author":1,"featured_media":725,"parent":0,"menu_order":0,"comment_status":"closed","ping_status":"closed","template":"","meta":{"footnotes":""},"class_list":["post-870","page","type-page","status-publish","has-post-thumbnail","hentry"],"_links":{"self":[{"href":"https:\/\/manuela.org.pe\/en\/wp-json\/wp\/v2\/pages\/870","targetHints":{"allow":["GET"]}}],"collection":[{"href":"https:\/\/manuela.org.pe\/en\/wp-json\/wp\/v2\/pages"}],"about":[{"href":"https:\/\/manuela.org.pe\/en\/wp-json\/wp\/v2\/types\/page"}],"author":[{"embeddable":true,"href":"https:\/\/manuela.org.pe\/en\/wp-json\/wp\/v2\/users\/1"}],"replies":[{"embeddable":true,"href":"https:\/\/manuela.org.pe\/en\/wp-json\/wp\/v2\/comments?post=870"}],"version-history":[{"count":7,"href":"https:\/\/manuela.org.pe\/en\/wp-json\/wp\/v2\/pages\/870\/revisions"}],"predecessor-version":[{"id":1030,"href":"https:\/\/manuela.org.pe\/en\/wp-json\/wp\/v2\/pages\/870\/revisions\/1030"}],"wp:featuredmedia":[{"embeddable":true,"href":"https:\/\/manuela.org.pe\/en\/wp-json\/wp\/v2\/media\/725"}],"wp:attachment":[{"href":"https:\/\/manuela.org.pe\/en\/wp-json\/wp\/v2\/media?parent=870"}],"curies":[{"name":"wp","href":"https:\/\/api.w.org\/{rel}","templated":true}]}}