{"id":877,"date":"2025-04-24T11:40:31","date_gmt":"2025-04-24T16:40:31","guid":{"rendered":"https:\/\/manuela.org.pe\/?page_id=877"},"modified":"2026-02-20T09:32:34","modified_gmt":"2026-02-20T14:32:34","slug":"esi-igualdad-y-mas","status":"publish","type":"page","link":"https:\/\/manuela.org.pe\/en\/esi-igualdad-y-mas\/","title":{"rendered":"ESI, igualdad y m\u00e1s"},"content":{"rendered":"<div class=\"wp-block-group alignwide mmr2025-seccion has-global-padding is-layout-constrained wp-container-core-group-is-layout-9960214d wp-block-group-is-layout-constrained\" style=\"min-height:2px;margin-top:0;margin-bottom:0;padding-top:var(--wp--preset--spacing--80);padding-right:var(--wp--preset--spacing--40);padding-bottom:var(--wp--preset--spacing--80);padding-left:var(--wp--preset--spacing--40)\">\n<div class=\"wp-block-columns is-layout-flex wp-container-core-columns-is-layout-28f84493 wp-block-columns-is-layout-flex\">\n<div class=\"wp-block-column is-layout-flow wp-block-column-is-layout-flow\">\n<p>La Campa\u00f1a ESI Igualdad y + nace con el objetivo de informar, sensibilizar y promover el ejercicio del derecho a una Educaci\u00f3n Sexual Integral (ESI) en ni\u00f1as, ni\u00f1os, adolescentes y j\u00f3venes. Busca generar conciencia sobre la importancia de una educaci\u00f3n basada en la igualdad de g\u00e9nero, el respeto, la autonom\u00eda y la prevenci\u00f3n de la violencia.<\/p>\n\n\n\n<p>A trav\u00e9s de talleres, materiales educativos, espacios de di\u00e1logo y acciones comunitarias, se fortalecen capacidades para abordar temas como los derechos sexuales y reproductivos, la prevenci\u00f3n del embarazo adolescente, el consentimiento, la diversidad y la construcci\u00f3n de relaciones igualitarias.<\/p>\n\n\n\n<p>ESI Igualdad y + busca tambi\u00e9n derribar mitos y desinformaci\u00f3n en torno a la educaci\u00f3n sexual integral, promoviendo un enfoque cient\u00edfico, laico y con perspectiva de derechos humanos, tal como lo establecen los marcos normativos nacionales e internacionales. Con esta iniciativa, reafirmamos nuestro compromiso con la protecci\u00f3n, el bienestar y el desarrollo pleno de ni\u00f1as, ni\u00f1os y adolescentes, reconociendo que una educaci\u00f3n sexual integral es clave para prevenir la violencia y construir una sociedad m\u00e1s justa e igualitaria.<\/p>\n<\/div>\n\n\n\n<div class=\"wp-block-column is-layout-flow wp-block-column-is-layout-flow\">\n<figure class=\"wp-block-image aligncenter size-full is-resized\"><img loading=\"lazy\" decoding=\"async\" width=\"600\" height=\"600\" src=\"https:\/\/manuela.org.pe\/wp-content\/uploads\/2025\/04\/campana-esi-600-min.jpg\" alt=\"\" class=\"wp-image-879\" style=\"width:509px;height:auto\" srcset=\"https:\/\/manuela.org.pe\/wp-content\/uploads\/2025\/04\/campana-esi-600-min.jpg 600w, https:\/\/manuela.org.pe\/wp-content\/uploads\/2025\/04\/campana-esi-600-min-300x300.jpg 300w, https:\/\/manuela.org.pe\/wp-content\/uploads\/2025\/04\/campana-esi-600-min-150x150.jpg 150w, https:\/\/manuela.org.pe\/wp-content\/uploads\/2025\/04\/campana-esi-600-min-12x12.jpg 12w\" sizes=\"auto, (max-width: 600px) 100vw, 600px\" \/><\/figure>\n<\/div>\n<\/div>\n<\/div>\n\n\n\n<figure class=\"wp-block-gallery has-nested-images columns-default is-cropped wp-block-gallery-1 is-layout-flex wp-block-gallery-is-layout-flex\">\n<figure class=\"wp-block-image size-large\"><img loading=\"lazy\" decoding=\"async\" width=\"1024\" height=\"683\" data-id=\"1036\" src=\"https:\/\/manuela.org.pe\/wp-content\/uploads\/2025\/10\/ESI-Foto-2-1024x683.jpg\" alt=\"\" class=\"wp-image-1036\" srcset=\"https:\/\/manuela.org.pe\/wp-content\/uploads\/2025\/10\/ESI-Foto-2-1024x683.jpg 1024w, https:\/\/manuela.org.pe\/wp-content\/uploads\/2025\/10\/ESI-Foto-2-300x200.jpg 300w, https:\/\/manuela.org.pe\/wp-content\/uploads\/2025\/10\/ESI-Foto-2-768x512.jpg 768w, https:\/\/manuela.org.pe\/wp-content\/uploads\/2025\/10\/ESI-Foto-2-1536x1024.jpg 1536w, https:\/\/manuela.org.pe\/wp-content\/uploads\/2025\/10\/ESI-Foto-2-2048x1365.jpg 2048w, https:\/\/manuela.org.pe\/wp-content\/uploads\/2025\/10\/ESI-Foto-2-18x12.jpg 18w\" sizes=\"auto, (max-width: 1024px) 100vw, 1024px\" \/><\/figure>\n\n\n\n<figure class=\"wp-block-image size-large\"><img loading=\"lazy\" decoding=\"async\" width=\"1024\" height=\"683\" data-id=\"1037\" src=\"https:\/\/manuela.org.pe\/wp-content\/uploads\/2025\/10\/ESI-Foto-1-1024x683.jpg\" alt=\"\" class=\"wp-image-1037\" srcset=\"https:\/\/manuela.org.pe\/wp-content\/uploads\/2025\/10\/ESI-Foto-1-1024x683.jpg 1024w, https:\/\/manuela.org.pe\/wp-content\/uploads\/2025\/10\/ESI-Foto-1-300x200.jpg 300w, https:\/\/manuela.org.pe\/wp-content\/uploads\/2025\/10\/ESI-Foto-1-768x512.jpg 768w, https:\/\/manuela.org.pe\/wp-content\/uploads\/2025\/10\/ESI-Foto-1-1536x1024.jpg 1536w, https:\/\/manuela.org.pe\/wp-content\/uploads\/2025\/10\/ESI-Foto-1-2048x1365.jpg 2048w, https:\/\/manuela.org.pe\/wp-content\/uploads\/2025\/10\/ESI-Foto-1-18x12.jpg 18w\" sizes=\"auto, (max-width: 1024px) 100vw, 1024px\" \/><\/figure>\n\n\n\n<figure class=\"wp-block-image size-large\"><img loading=\"lazy\" decoding=\"async\" width=\"1024\" height=\"768\" data-id=\"1032\" src=\"https:\/\/manuela.org.pe\/wp-content\/uploads\/2025\/10\/ESI-Foto-5-1024x768.jpeg\" alt=\"\" class=\"wp-image-1032\" srcset=\"https:\/\/manuela.org.pe\/wp-content\/uploads\/2025\/10\/ESI-Foto-5-1024x768.jpeg 1024w, https:\/\/manuela.org.pe\/wp-content\/uploads\/2025\/10\/ESI-Foto-5-300x225.jpeg 300w, https:\/\/manuela.org.pe\/wp-content\/uploads\/2025\/10\/ESI-Foto-5-768x576.jpeg 768w, https:\/\/manuela.org.pe\/wp-content\/uploads\/2025\/10\/ESI-Foto-5-16x12.jpeg 16w, https:\/\/manuela.org.pe\/wp-content\/uploads\/2025\/10\/ESI-Foto-5.jpeg 1280w\" sizes=\"auto, (max-width: 1024px) 100vw, 1024px\" \/><\/figure>\n\n\n\n<figure class=\"wp-block-image size-large\"><img loading=\"lazy\" decoding=\"async\" width=\"1024\" height=\"819\" data-id=\"1040\" src=\"https:\/\/manuela.org.pe\/wp-content\/uploads\/2025\/10\/ESI-Alianzas-1024x819.jpg\" alt=\"\" class=\"wp-image-1040\" srcset=\"https:\/\/manuela.org.pe\/wp-content\/uploads\/2025\/10\/ESI-Alianzas-1024x819.jpg 1024w, https:\/\/manuela.org.pe\/wp-content\/uploads\/2025\/10\/ESI-Alianzas-300x240.jpg 300w, https:\/\/manuela.org.pe\/wp-content\/uploads\/2025\/10\/ESI-Alianzas-768x614.jpg 768w, https:\/\/manuela.org.pe\/wp-content\/uploads\/2025\/10\/ESI-Alianzas-15x12.jpg 15w, https:\/\/manuela.org.pe\/wp-content\/uploads\/2025\/10\/ESI-Alianzas.jpg 1350w\" sizes=\"auto, (max-width: 1024px) 100vw, 1024px\" \/><\/figure>\n\n\n\n<figure class=\"wp-block-image size-large\"><img loading=\"lazy\" decoding=\"async\" width=\"1024\" height=\"768\" data-id=\"1038\" src=\"https:\/\/manuela.org.pe\/wp-content\/uploads\/2025\/10\/ESI-IgualdadymasUcayali-1024x768.jpeg\" alt=\"\" class=\"wp-image-1038\" srcset=\"https:\/\/manuela.org.pe\/wp-content\/uploads\/2025\/10\/ESI-IgualdadymasUcayali-1024x768.jpeg 1024w, https:\/\/manuela.org.pe\/wp-content\/uploads\/2025\/10\/ESI-IgualdadymasUcayali-300x225.jpeg 300w, https:\/\/manuela.org.pe\/wp-content\/uploads\/2025\/10\/ESI-IgualdadymasUcayali-768x576.jpeg 768w, https:\/\/manuela.org.pe\/wp-content\/uploads\/2025\/10\/ESI-IgualdadymasUcayali-16x12.jpeg 16w, https:\/\/manuela.org.pe\/wp-content\/uploads\/2025\/10\/ESI-IgualdadymasUcayali.jpeg 1280w\" sizes=\"auto, (max-width: 1024px) 100vw, 1024px\" \/><\/figure>\n\n\n\n<figure class=\"wp-block-image size-large\"><img loading=\"lazy\" decoding=\"async\" width=\"1024\" height=\"683\" data-id=\"1035\" src=\"https:\/\/manuela.org.pe\/wp-content\/uploads\/2025\/10\/ESI-Foto-3-1024x683.jpg\" alt=\"\" class=\"wp-image-1035\" srcset=\"https:\/\/manuela.org.pe\/wp-content\/uploads\/2025\/10\/ESI-Foto-3-1024x683.jpg 1024w, https:\/\/manuela.org.pe\/wp-content\/uploads\/2025\/10\/ESI-Foto-3-300x200.jpg 300w, https:\/\/manuela.org.pe\/wp-content\/uploads\/2025\/10\/ESI-Foto-3-768x512.jpg 768w, https:\/\/manuela.org.pe\/wp-content\/uploads\/2025\/10\/ESI-Foto-3-1536x1024.jpg 1536w, https:\/\/manuela.org.pe\/wp-content\/uploads\/2025\/10\/ESI-Foto-3-2048x1365.jpg 2048w, https:\/\/manuela.org.pe\/wp-content\/uploads\/2025\/10\/ESI-Foto-3-18x12.jpg 18w\" sizes=\"auto, (max-width: 1024px) 100vw, 1024px\" \/><\/figure>\n\n\n\n<figure class=\"wp-block-image size-large\"><img loading=\"lazy\" decoding=\"async\" width=\"1024\" height=\"446\" data-id=\"1039\" src=\"https:\/\/manuela.org.pe\/wp-content\/uploads\/2025\/10\/ESI-IgualdadyMas-1024x446.jpeg\" alt=\"\" class=\"wp-image-1039\" srcset=\"https:\/\/manuela.org.pe\/wp-content\/uploads\/2025\/10\/ESI-IgualdadyMas-1024x446.jpeg 1024w, https:\/\/manuela.org.pe\/wp-content\/uploads\/2025\/10\/ESI-IgualdadyMas-300x131.jpeg 300w, https:\/\/manuela.org.pe\/wp-content\/uploads\/2025\/10\/ESI-IgualdadyMas-768x334.jpeg 768w, https:\/\/manuela.org.pe\/wp-content\/uploads\/2025\/10\/ESI-IgualdadyMas-1536x668.jpeg 1536w, https:\/\/manuela.org.pe\/wp-content\/uploads\/2025\/10\/ESI-IgualdadyMas-18x8.jpeg 18w, https:\/\/manuela.org.pe\/wp-content\/uploads\/2025\/10\/ESI-IgualdadyMas.jpeg 2048w\" sizes=\"auto, (max-width: 1024px) 100vw, 1024px\" \/><\/figure>\n\n\n\n<figure class=\"wp-block-image size-large\"><img loading=\"lazy\" decoding=\"async\" width=\"1024\" height=\"790\" data-id=\"1033\" src=\"https:\/\/manuela.org.pe\/wp-content\/uploads\/2025\/10\/ESI-Foto-4-1024x790.jpeg\" alt=\"\" class=\"wp-image-1033\" srcset=\"https:\/\/manuela.org.pe\/wp-content\/uploads\/2025\/10\/ESI-Foto-4-1024x790.jpeg 1024w, https:\/\/manuela.org.pe\/wp-content\/uploads\/2025\/10\/ESI-Foto-4-300x232.jpeg 300w, https:\/\/manuela.org.pe\/wp-content\/uploads\/2025\/10\/ESI-Foto-4-768x593.jpeg 768w, https:\/\/manuela.org.pe\/wp-content\/uploads\/2025\/10\/ESI-Foto-4-16x12.jpeg 16w, https:\/\/manuela.org.pe\/wp-content\/uploads\/2025\/10\/ESI-Foto-4.jpeg 1280w\" sizes=\"auto, (max-width: 1024px) 100vw, 1024px\" \/><\/figure>\n<\/figure>","protected":false},"excerpt":{"rendered":"<p>La Campa\u00f1a ESI Igualdad y + nace con el objetivo de informar, sensibilizar y promover el ejercicio del derecho a una Educaci\u00f3n Sexual Integral (ESI) en ni\u00f1as, ni\u00f1os, adolescentes y j\u00f3venes. Busca generar conciencia sobre la importancia de una educaci\u00f3n basada en la igualdad de g\u00e9nero, el respeto, la autonom\u00eda y la prevenci\u00f3n de la [&hellip;]<\/p>\n","protected":false},"author":1,"featured_media":725,"parent":0,"menu_order":0,"comment_status":"closed","ping_status":"closed","template":"","meta":{"footnotes":""},"class_list":["post-877","page","type-page","status-publish","has-post-thumbnail","hentry"],"_links":{"self":[{"href":"https:\/\/manuela.org.pe\/en\/wp-json\/wp\/v2\/pages\/877","targetHints":{"allow":["GET"]}}],"collection":[{"href":"https:\/\/manuela.org.pe\/en\/wp-json\/wp\/v2\/pages"}],"about":[{"href":"https:\/\/manuela.org.pe\/en\/wp-json\/wp\/v2\/types\/page"}],"author":[{"embeddable":true,"href":"https:\/\/manuela.org.pe\/en\/wp-json\/wp\/v2\/users\/1"}],"replies":[{"embeddable":true,"href":"https:\/\/manuela.org.pe\/en\/wp-json\/wp\/v2\/comments?post=877"}],"version-history":[{"count":7,"href":"https:\/\/manuela.org.pe\/en\/wp-json\/wp\/v2\/pages\/877\/revisions"}],"predecessor-version":[{"id":1514,"href":"https:\/\/manuela.org.pe\/en\/wp-json\/wp\/v2\/pages\/877\/revisions\/1514"}],"wp:featuredmedia":[{"embeddable":true,"href":"https:\/\/manuela.org.pe\/en\/wp-json\/wp\/v2\/media\/725"}],"wp:attachment":[{"href":"https:\/\/manuela.org.pe\/en\/wp-json\/wp\/v2\/media?parent=877"}],"curies":[{"name":"wp","href":"https:\/\/api.w.org\/{rel}","templated":true}]}}