{"id":99,"date":"2025-03-20T12:03:28","date_gmt":"2025-03-20T17:03:28","guid":{"rendered":"https:\/\/manuela.org.pe\/?page_id=99"},"modified":"2026-03-24T12:59:22","modified_gmt":"2026-03-24T17:59:22","slug":"nuestro-equipo","status":"publish","type":"page","link":"https:\/\/manuela.org.pe\/en\/nuestro-equipo\/","title":{"rendered":"Nuestro equipo"},"content":{"rendered":"<div class=\"wp-block-group alignwide mmr2025-seccion has-global-padding is-layout-constrained wp-container-core-group-is-layout-c70d5d13 wp-block-group-is-layout-constrained\" style=\"min-height:2px;margin-top:0;margin-bottom:0;padding-top:var(--wp--preset--spacing--40);padding-right:var(--wp--preset--spacing--40);padding-bottom:var(--wp--preset--spacing--40);padding-left:var(--wp--preset--spacing--40)\">\n<div class=\"wp-block-columns is-layout-flex wp-container-core-columns-is-layout-28f84493 wp-block-columns-is-layout-flex\">\n<div class=\"wp-block-column is-layout-flow wp-block-column-is-layout-flow\">\n<div class=\"wp-block-group mmr2025-tarjeta-horizontal is-nowrap is-layout-flex wp-container-core-group-is-layout-f66f9956 wp-block-group-is-layout-flex\">\n<figure class=\"wp-block-image size-full\"><img loading=\"lazy\" decoding=\"async\" width=\"100\" height=\"100\" src=\"https:\/\/manuela.org.pe\/wp-content\/uploads\/2025\/04\/icon-asociadas.png\" alt=\"\" class=\"wp-image-422\" srcset=\"https:\/\/manuela.org.pe\/wp-content\/uploads\/2025\/04\/icon-asociadas.png 100w, https:\/\/manuela.org.pe\/wp-content\/uploads\/2025\/04\/icon-asociadas-12x12.png 12w\" sizes=\"auto, (max-width: 100px) 100vw, 100px\" \/><\/figure>\n\n\n\n<div class=\"wp-block-group has-global-padding is-layout-constrained wp-container-core-group-is-layout-e0082cf6 wp-block-group-is-layout-constrained\">\n<h2 class=\"wp-block-heading mmr2025-tarjeta-horizontal has-purple-70-color has-text-color has-link-color has-36-font-size wp-elements-20ff8ec0846ba30ea7f88f3580e16aca\">Asamblea de Asociadas<\/h2>\n\n\n\n<div class=\"wp-block-group has-global-padding is-layout-constrained wp-container-core-group-is-layout-c19476fc wp-block-group-is-layout-constrained\">\n<p>Amelia Villanueva<\/p>\n\n\n\n<p>Alicia Villanueva<\/p>\n\n\n\n<p>Victoria Villanueva<\/p>\n\n\n\n<p>Carmen Espinoza<\/p>\n\n\n\n<p>Gina Y\u00e1\u00f1ez<\/p>\n\n\n\n<p>Gladis Vila<\/p>\n\n\n\n<p>Marcela Huaita<\/p>\n\n\n\n<p>Marisa Glave<\/p>\n\n\n\n<p>Patricia Carrillo<\/p>\n\n\n\n<p>Susana Galdos<\/p>\n<\/div>\n<\/div>\n<\/div>\n\n\n\n<div class=\"wp-block-group mmr2025-tarjeta-horizontal is-nowrap is-layout-flex wp-container-core-group-is-layout-f66f9956 wp-block-group-is-layout-flex\">\n<figure class=\"wp-block-image size-full\"><img loading=\"lazy\" decoding=\"async\" width=\"100\" height=\"100\" src=\"https:\/\/manuela.org.pe\/wp-content\/uploads\/2025\/04\/icono-consejo.png\" alt=\"\" class=\"wp-image-424\" srcset=\"https:\/\/manuela.org.pe\/wp-content\/uploads\/2025\/04\/icono-consejo.png 100w, https:\/\/manuela.org.pe\/wp-content\/uploads\/2025\/04\/icono-consejo-12x12.png 12w\" sizes=\"auto, (max-width: 100px) 100vw, 100px\" \/><\/figure>\n\n\n\n<div class=\"wp-block-group has-global-padding is-layout-constrained wp-container-core-group-is-layout-e0082cf6 wp-block-group-is-layout-constrained\">\n<h2 class=\"wp-block-heading mmr2025-tarjeta-horizontal has-purple-70-color has-text-color has-link-color has-36-font-size wp-elements-b2a35b23bfd8a52c3ce6edcb5fc80e2c\">Consejo Directivo<\/h2>\n\n\n\n<div class=\"wp-block-group has-global-padding is-layout-constrained wp-container-core-group-is-layout-c19476fc wp-block-group-is-layout-constrained\">\n<p>Amelia Villanueva<\/p>\n\n\n\n<p>Carmen Espinoza<\/p>\n\n\n\n<p>Patricia Carrillo<\/p>\n\n\n\n<p>Susana Galdos<\/p>\n\n\n\n<p>Roc\u00edo Gutierrez<\/p>\n<\/div>\n<\/div>\n<\/div>\n\n\n\n<div class=\"wp-block-group mmr2025-tarjeta-horizontal is-nowrap is-layout-flex wp-container-core-group-is-layout-f66f9956 wp-block-group-is-layout-flex\">\n<figure class=\"wp-block-image size-full\"><img loading=\"lazy\" decoding=\"async\" width=\"100\" height=\"100\" src=\"https:\/\/manuela.org.pe\/wp-content\/uploads\/2025\/04\/icono-direccion.png\" alt=\"\" class=\"wp-image-425\" srcset=\"https:\/\/manuela.org.pe\/wp-content\/uploads\/2025\/04\/icono-direccion.png 100w, https:\/\/manuela.org.pe\/wp-content\/uploads\/2025\/04\/icono-direccion-12x12.png 12w\" sizes=\"auto, (max-width: 100px) 100vw, 100px\" \/><\/figure>\n\n\n\n<div class=\"wp-block-group has-global-padding is-layout-constrained wp-container-core-group-is-layout-e0082cf6 wp-block-group-is-layout-constrained\">\n<h2 class=\"wp-block-heading mmr2025-tarjeta-horizontal has-purple-70-color has-text-color has-link-color has-36-font-size wp-elements-269bcfc59cdc868d9997d7f9baf2b4a7\">Direcci\u00f3n<\/h2>\n\n\n\n<div class=\"wp-block-group has-global-padding is-layout-constrained wp-container-core-group-is-layout-c19476fc wp-block-group-is-layout-constrained\">\n<p>Directora: Roc\u00edo Guti\u00e9rrez<\/p>\n\n\n\n<p>Subdirectora: Mar\u00eda Jos\u00e9 Pinto<\/p>\n\n\n\n<p>Asistenta de Direcci\u00f3n: Rosario Salas<\/p>\n<\/div>\n<\/div>\n<\/div>\n\n\n\n<div class=\"wp-block-group mmr2025-tarjeta-horizontal is-nowrap is-layout-flex wp-container-core-group-is-layout-f66f9956 wp-block-group-is-layout-flex\">\n<figure class=\"wp-block-image size-full\"><img loading=\"lazy\" decoding=\"async\" width=\"100\" height=\"100\" src=\"https:\/\/manuela.org.pe\/wp-content\/uploads\/2025\/04\/icono-administracion.png\" alt=\"\" class=\"wp-image-427\" srcset=\"https:\/\/manuela.org.pe\/wp-content\/uploads\/2025\/04\/icono-administracion.png 100w, https:\/\/manuela.org.pe\/wp-content\/uploads\/2025\/04\/icono-administracion-12x12.png 12w\" sizes=\"auto, (max-width: 100px) 100vw, 100px\" \/><\/figure>\n\n\n\n<div class=\"wp-block-group has-global-padding is-layout-constrained wp-container-core-group-is-layout-e0082cf6 wp-block-group-is-layout-constrained\">\n<h2 class=\"wp-block-heading mmr2025-tarjeta-horizontal has-purple-70-color has-text-color has-link-color has-36-font-size wp-elements-d786b5de7b1e6dcb7b33bccd8a8e16b6\">Administraci\u00f3n<\/h2>\n\n\n\n<div class=\"wp-block-group has-global-padding is-layout-constrained wp-container-core-group-is-layout-c19476fc wp-block-group-is-layout-constrained\">\n<p>Gerente Administrativa: Yesica Taipe<\/p>\n\n\n\n<p>Recursos Humanos: Mar\u00eda Elena Espeza<\/p>\n<\/div>\n<\/div>\n<\/div>\n<\/div>\n\n\n\n<div class=\"wp-block-column is-layout-flow wp-block-column-is-layout-flow\">\n<div class=\"wp-block-group mmr2025-tarjeta-horizontal is-nowrap is-layout-flex wp-container-core-group-is-layout-f66f9956 wp-block-group-is-layout-flex\">\n<figure class=\"wp-block-image size-full\"><img loading=\"lazy\" decoding=\"async\" width=\"100\" height=\"100\" src=\"https:\/\/manuela.org.pe\/wp-content\/uploads\/2025\/04\/icono-voluntariado.png\" alt=\"\" class=\"wp-image-429\" srcset=\"https:\/\/manuela.org.pe\/wp-content\/uploads\/2025\/04\/icono-voluntariado.png 100w, https:\/\/manuela.org.pe\/wp-content\/uploads\/2025\/04\/icono-voluntariado-12x12.png 12w\" sizes=\"auto, (max-width: 100px) 100vw, 100px\" \/><\/figure>\n\n\n\n<div class=\"wp-block-group has-global-padding is-layout-constrained wp-container-core-group-is-layout-e0082cf6 wp-block-group-is-layout-constrained\">\n<h2 class=\"wp-block-heading mmr2025-tarjeta-horizontal has-purple-70-color has-text-color has-link-color has-36-font-size wp-elements-8bcf1f0106e4bb6b0dd0b576831d68f1\">Programas<\/h2>\n\n\n\n<div class=\"wp-block-group has-global-padding is-layout-constrained wp-container-core-group-is-layout-c19476fc wp-block-group-is-layout-constrained\">\n<p class=\"has-orange-50-color has-text-color has-link-color wp-elements-320b1461190a80a366d399d039d6abb7\">Programa de Autonom\u00eda Econ\u00f3mica (CrediMujer):<\/p>\n\n\n\n<p>Coordinadora: Liliana Ram\u00edrez<\/p>\n\n\n\n<p>Jefa de Operaciones y Negocios: Amelia Quiroz<\/p>\n\n\n\n<div style=\"height:24px\" aria-hidden=\"true\" class=\"wp-block-spacer\"><\/div>\n<\/div>\n\n\n\n<div class=\"wp-block-group is-layout-flow wp-container-core-group-is-layout-e3d1c41b wp-block-group-is-layout-flow\">\n<p class=\"has-orange-50-color has-text-color has-link-color wp-elements-a93f2ee1bf4782107e0987730165d597\">Programa de Poder y Pol\u00edticas:<\/p>\n\n\n\n<p>Coordinadora: Lisbeth Guill\u00e9n<\/p>\n\n\n\n<p>Responsable de Proyectos: Elizabeth Herrera<\/p>\n\n\n\n<div style=\"height:24px\" aria-hidden=\"true\" class=\"wp-block-spacer\"><\/div>\n<\/div>\n\n\n\n<div class=\"wp-block-group has-global-padding is-layout-constrained wp-container-core-group-is-layout-c19476fc wp-block-group-is-layout-constrained\">\n<p class=\"has-orange-50-color has-text-color has-link-color wp-elements-634036c9fc20977d5261909db3e3b5ee\">Programa de Sexualidad y Autonom\u00eda F\u00edsica:<\/p>\n\n\n\n<p>Coordinadora: Elga Prado<\/p>\n<\/div>\n\n\n\n<div style=\"height:24px\" aria-hidden=\"true\" class=\"wp-block-spacer\"><\/div>\n\n\n\n<p class=\"has-orange-50-color has-text-color has-link-color wp-elements-f497b843287a98b908ff4feda4ee3795\">Comunicaciones:<\/p>\n\n\n\n<p>Responsable: Bibiana Guardamino<\/p>\n\n\n\n<p>Especialista: Daniela Valdivia<\/p>\n\n\n\n<div class=\"wp-block-group has-global-padding is-layout-constrained wp-container-core-group-is-layout-c19476fc wp-block-group-is-layout-constrained\">\n<div style=\"height:24px\" aria-hidden=\"true\" class=\"wp-block-spacer\"><\/div>\n<\/div>\n\n\n\n<p class=\"has-orange-50-color has-text-color has-link-color wp-elements-a162f1501b0cc6b7d7aabbebc94dc5ad\">Voluntariado y Movilizaci\u00f3n Feminista:<\/p>\n\n\n\n<p>Responsable: Karina Mes\u00eda<\/p>\n\n\n\n<p>Especialista: Giselle Morales<\/p>\n<\/div>\n<\/div>\n<\/div>\n<\/div>\n<\/div>\n\n\n\n<p><\/p>","protected":false},"excerpt":{"rendered":"<p>Asamblea de Asociadas Amelia Villanueva Alicia Villanueva Victoria Villanueva Carmen Espinoza Gina Y\u00e1\u00f1ez Gladis Vila Marcela Huaita Marisa Glave Patricia Carrillo Susana Galdos Consejo Directivo Amelia Villanueva Carmen Espinoza Patricia Carrillo Susana Galdos Roc\u00edo Gutierrez Direcci\u00f3n Directora: Roc\u00edo Guti\u00e9rrez Subdirectora: Mar\u00eda Jos\u00e9 Pinto Asistenta de Direcci\u00f3n: Rosario Salas Administraci\u00f3n Gerente Administrativa: Yesica Taipe Recursos Humanos: [&hellip;]<\/p>\n","protected":false},"author":1,"featured_media":383,"parent":0,"menu_order":0,"comment_status":"closed","ping_status":"closed","template":"","meta":{"footnotes":""},"class_list":["post-99","page","type-page","status-publish","has-post-thumbnail","hentry"],"_links":{"self":[{"href":"https:\/\/manuela.org.pe\/en\/wp-json\/wp\/v2\/pages\/99","targetHints":{"allow":["GET"]}}],"collection":[{"href":"https:\/\/manuela.org.pe\/en\/wp-json\/wp\/v2\/pages"}],"about":[{"href":"https:\/\/manuela.org.pe\/en\/wp-json\/wp\/v2\/types\/page"}],"author":[{"embeddable":true,"href":"https:\/\/manuela.org.pe\/en\/wp-json\/wp\/v2\/users\/1"}],"replies":[{"embeddable":true,"href":"https:\/\/manuela.org.pe\/en\/wp-json\/wp\/v2\/comments?post=99"}],"version-history":[{"count":10,"href":"https:\/\/manuela.org.pe\/en\/wp-json\/wp\/v2\/pages\/99\/revisions"}],"predecessor-version":[{"id":1597,"href":"https:\/\/manuela.org.pe\/en\/wp-json\/wp\/v2\/pages\/99\/revisions\/1597"}],"wp:featuredmedia":[{"embeddable":true,"href":"https:\/\/manuela.org.pe\/en\/wp-json\/wp\/v2\/media\/383"}],"wp:attachment":[{"href":"https:\/\/manuela.org.pe\/en\/wp-json\/wp\/v2\/media?parent=99"}],"curies":[{"name":"wp","href":"https:\/\/api.w.org\/{rel}","templated":true}]}}